{"id":6211,"date":"2020-09-02T10:22:01","date_gmt":"2020-09-02T08:22:01","guid":{"rendered":"https:\/\/www.editionkeiper.at\/shop\/produkt\/er-wuenscht-sich-des-himmels-tuch\/"},"modified":"2023-06-15T15:31:44","modified_gmt":"2023-06-15T13:31:44","slug":"er-wuenscht-sich-des-himmels-tuch","status":"publish","type":"product","link":"https:\/\/www.editionkeiper.at\/shop\/produkt\/er-wuenscht-sich-des-himmels-tuch\/","title":{"rendered":"Er w\u00fcnscht sich des Himmels Tuch. \u00dcber Autoren und ihre Werke"},"content":{"rendered":"<h2>Er w\u00fcnscht sich des Himmels Tuch<\/h2>\n<p><strong>\u00dcber Autoren und ihre Werke<\/strong><\/p>\n<p>von<strong>\u00a0<a href=\"https:\/\/www.editionkeiper.at\/shop\/keiper-hugo-wissenschaft\/\"><strong>Hugo Keiper<\/strong><\/a><\/strong><\/p>\n<p>Herausgegeben von Anita Keiper<\/p>\n<p>Der renommierte und querdenkende Literaturwissenschaftler Hugo Keiper hat sich immer wieder kritisch zum Zustand der Literatur ge\u00e4u\u00dfert, und zwar sowohl als gro\u00dfer Wissenschaftler und begnadeter Forscher als auch als Literaturliebhaber und stets voller Wertsch\u00e4tzung und Wohlwollen gegen\u00fcber jedem Autor, jeder Autorin. Immer nah am Verlagsgeschehen, verfasste er eine Reihe von Essays in Form von Einf\u00fchrungen, Nachworten, Vortr\u00e4gen und Laudationes zu vier Autoren der edition keiper (Bernhard H\u00fcttenegger, Manfred Mixner, Alfred Paul Schmidt und Joachim J. V\u00f6tter), die wahre Sch\u00e4tze literaturwissenschaftlicher Betrachtungen darstellen und die wir in diesem Band gesammelt zug\u00e4nglich machen.<\/p>\n<p>Keiper wusste die Verfahren der Literaturwissenschaft \u201eh\u00f6chst inspiriert\u201d zu nutzen, erl\u00e4utert Alfred Paul Schmidt in seinem Beitrag, und Bernhard H\u00fcttenegger sieht in der Zusammenarbeit mit Keiper ein \u201eselten erlebtes, nicht mehr erhofftes, bis in die Nuancen und Details meines Werks reichendes Verst\u00e4ndnis meiner Arbeit\u201d.<\/p>\n<p><strong>ISBN13:<\/strong> 978-3-903322-14-1<\/p>\n<p><strong>Erscheinungsdatum:<\/strong>\u00a016.10.2020<\/p>\n<p><strong>Seiten:<\/strong> ca. 250<\/p>\n<p><strong>Sprache: <\/strong>Deutsch<strong><br \/>\n<\/strong><\/p>\n<p><strong>Format:<\/strong> 20,0 x 12,0 cm;\u00a0Hardcover<\/p>\n","protected":false},"excerpt":{"rendered":"<ul>\n<li>Profunde Werkanalyse, basierend auf einem breiten, interdisziplin\u00e4ren Textverst\u00e4ndnis.<\/li>\n<li>Wahre Sch\u00e4tze literaturwissenschaftlicher Betrachtungen \u2013 inspiriert und ungew\u00f6hnlich.<\/li>\n<li>Mit einem Vorwort von Manfred Mixner und Beitr\u00e4gen von Bernhard H\u00fcttenegger und Alfred Paul Schmidt.<\/li>\n<\/ul>\n<p>&nbsp;<\/p>\n","protected":false},"featured_media":6241,"comment_status":"open","ping_status":"closed","template":"","meta":[],"etheme_brands":[],"product_brand":[],"product_cat":[3506],"product_tag":[443,336,469,356,241,705,117,3520,3510,3521,323,209,3519,3522,3508,121,3507,1340,109],"yst_prominent_words":[3473,3471,3470,3193,3191,3390,3387,3194,3285,3472],"class_list":{"0":"post-6211","1":"product","2":"type-product","3":"status-publish","4":"has-post-thumbnail","6":"product_cat-essays","7":"product_tag-alfred-paul-schmidt","8":"product_tag-belletristik","9":"product_tag-bernhard-huettenegger","10":"product_tag-edition-keiper","11":"product_tag-graz","12":"product_tag-interdisziplinaer","13":"product_tag-keiper","14":"product_tag-literaturkritik","15":"product_tag-literaturwissenschaftler","16":"product_tag-manfred-mixner","17":"product_tag-oesterreich","18":"product_tag-steiermark","19":"product_tag-textanalyse","20":"product_tag-textverstaendnis","21":"product_tag-ueber-autoren-und-ihre-werke","22":"product_tag-verlag","23":"product_tag-werkanalyse","24":"product_tag-wissenschaft","25":"product_tag-www-editionkeiper-at","27":"first","28":"instock","29":"shipping-taxable","30":"purchasable","31":"product-type-simple"},"_links":{"self":[{"href":"https:\/\/www.editionkeiper.at\/shop\/wp-json\/wp\/v2\/product\/6211","targetHints":{"allow":["GET"]}}],"collection":[{"href":"https:\/\/www.editionkeiper.at\/shop\/wp-json\/wp\/v2\/product"}],"about":[{"href":"https:\/\/www.editionkeiper.at\/shop\/wp-json\/wp\/v2\/types\/product"}],"replies":[{"embeddable":true,"href":"https:\/\/www.editionkeiper.at\/shop\/wp-json\/wp\/v2\/comments?post=6211"}],"wp:featuredmedia":[{"embeddable":true,"href":"https:\/\/www.editionkeiper.at\/shop\/wp-json\/wp\/v2\/media\/6241"}],"wp:attachment":[{"href":"https:\/\/www.editionkeiper.at\/shop\/wp-json\/wp\/v2\/media?parent=6211"}],"wp:term":[{"taxonomy":"brand","embeddable":true,"href":"https:\/\/www.editionkeiper.at\/shop\/wp-json\/wp\/v2\/etheme_brands?post=6211"},{"taxonomy":"product_brand","embeddable":true,"href":"https:\/\/www.editionkeiper.at\/shop\/wp-json\/wp\/v2\/product_brand?post=6211"},{"taxonomy":"product_cat","embeddable":true,"href":"https:\/\/www.editionkeiper.at\/shop\/wp-json\/wp\/v2\/product_cat?post=6211"},{"taxonomy":"product_tag","embeddable":true,"href":"https:\/\/www.editionkeiper.at\/shop\/wp-json\/wp\/v2\/product_tag?post=6211"},{"taxonomy":"yst_prominent_words","embeddable":true,"href":"https:\/\/www.editionkeiper.at\/shop\/wp-json\/wp\/v2\/yst_prominent_words?post=6211"}],"curies":[{"name":"wp","href":"https:\/\/api.w.org\/{rel}","templated":true}]}}