{"id":5265,"date":"2020-01-08T16:24:43","date_gmt":"2020-01-08T15:24:43","guid":{"rendered":"https:\/\/www.editionkeiper.at\/shop\/produkt\/einfach-kind-sein-duerfen\/"},"modified":"2021-04-14T09:48:00","modified_gmt":"2021-04-14T07:48:00","slug":"einfach-kind-sein-duerfen","status":"publish","type":"product","link":"https:\/\/www.editionkeiper.at\/shop\/produkt\/einfach-kind-sein-duerfen\/","title":{"rendered":"Einfach Kind SEIN d\u00fcrfen"},"content":{"rendered":"<h2>Einfach Kind SEIN d\u00fcrfen<\/h2>\n<p><strong>Ein Fundament, das im Leben tr\u00e4gt<\/strong><\/p>\n<p>von<strong>\u00a0<a href=\"https:\/\/www.editionkeiper.at\/shop\/szammer-petra\/\"><strong>Petra Szammer<\/strong><\/a><\/strong><\/p>\n<p>Petra Szammer pl\u00e4diert in diesem Buch daf\u00fcr, Kindern mehr Zeit und Natur-Raum f\u00fcr ihr KIND-SEIN zu geben und die in ihnen angelegten Bed\u00fcrfnisse, sich und ihre Welt mit allen Sinnen zu erkunden, wieder in den Fokus unserer Aufmerksamkeit zu stellen. Warum ist dieses Pl\u00e4doyer so wichtig? In unserer leistungsorientierten und terminlich durchgetakteten Gesellschaft m\u00fcssen Eltern (beruflich) funktionieren, und das geht an den Kindern nicht spurlos vor\u00fcber. Immer fr\u00fcher bringen wir sie aus ihrem kindlichen Rhythmus und nehmen ihnen den Raum, den sie brauchen, um voller Vertrauen in sich und ihre Welt aufwachsen zu k\u00f6nnen. Psychische Erkrankungen bei Kindern werden immer fr\u00fcher beobachtet und diagnostiziert, und werden \u2013 darin sind sich ExpertInnen einig \u2013 in Zukunft noch zunehmen. Auch deshalb, weil wir Kinder zu fr\u00fch aus der Phase des KIND-SEINS holen und dieser Entwicklungsperiode einfach zu wenig Bedeutung beimessen. Unsere Kinder brauchen die Natur, sie brauchen eine Umgebung, die sie mit all ihren Sinnen entdecken, erfahren, bestaunen und gestalten k\u00f6nnen. Wir Eltern haben die Verpflichtung, ihnen das auch in verbauten St\u00e4dten zu erm\u00f6glichen und nach Orientierung und Impulsen Ausschau zu halten. Dieses Eltern-Buch ist eine Orientierungshilfe. Es soll Eltern dabei unterst\u00fctzen, ihre Sichtweisen und ihr Verhalten zu reflektieren und ihnen Denkanst\u00f6\u00dfe geben, wie sie auch im 21. Jhd. ihren Kindern eine kindgerechte, nachhaltige und naturverbundene Kindheit erm\u00f6glichen k\u00f6nnen.<\/p>\n<p><strong>Preis:<\/strong> AT \u20ac 20,00 \/ DE \u20ac 19,45<\/p>\n<p><strong>ISBN13:<\/strong> 978-3-903322-07-3<\/p>\n<p><strong>Erscheinungsdatum:<\/strong>\u00a025.05.2020<\/p>\n<p><strong>Seiten:<\/strong> ca. 180<\/p>\n<p><strong>Sprache:<\/strong>\u00a0Deutsch<\/p>\n<p><strong>Format:<\/strong>\u00a021,0 x 14,0 cm;\u00a0Hardcover<\/p>\n","protected":false},"excerpt":{"rendered":"<p>Petra Szammer pl\u00e4diert in diesem Buch daf\u00fcr, Kindern mehr Zeit und Natur-Raum f\u00fcr ihr KIND-SEIN zu geben und die in ihnen angelegten Bed\u00fcrfnisse, sich und ihre Welt mit allen Sinnen zu erkunden, wieder in den Fokus unserer Aufmerksamkeit zu stellen. Warum ist dieses Pl\u00e4doyer so wichtig? In unserer leistungsorientierten und terminlich durchgetakteten Gesellschaft m\u00fcssen Eltern (beruflich) funktionieren, und das geht an den Kindern nicht spurlos vor\u00fcber. Immer fr\u00fcher bringen wir sie aus ihrem kindlichen Rhythmus und nehmen ihnen den Raum, den sie brauchen, um voller Vertrauen in sich und ihre Welt aufwachsen zu k\u00f6nnen.<\/p>\n","protected":false},"featured_media":6128,"comment_status":"open","ping_status":"closed","template":"","meta":[],"etheme_brands":[],"product_brand":[],"product_cat":[1398],"product_tag":[3067,3068,911,3059,356,3065,856,3070,3058,3062,117,3057,1027,286,3064,668,3061,323,371,3063,209,3069,3060,379,121,2565,3066,109],"yst_prominent_words":[3220,3218,3234,3230,3226,3213,3232,3215,3222,3203,3228,3224,3183],"class_list":{"0":"post-5265","1":"product","2":"type-product","3":"status-publish","4":"has-post-thumbnail","6":"product_cat-ratgeber","7":"product_tag-balanceakt","8":"product_tag-beduerfnisse","9":"product_tag-buch","10":"product_tag-digitale-medien","11":"product_tag-edition-keiper","12":"product_tag-einfluss","13":"product_tag-eltern","14":"product_tag-entwicklung","15":"product_tag-familientheraphie","16":"product_tag-felix-gottwald-interview","17":"product_tag-keiper","18":"product_tag-kind-sein","19":"product_tag-kindheit","20":"product_tag-lebenshilfe","21":"product_tag-neue-medien","22":"product_tag-neuerscheinung","23":"product_tag-orientierungshilfe","24":"product_tag-oesterreich","25":"product_tag-ratgeber","26":"product_tag-social-media","27":"product_tag-steiermark","28":"product_tag-tipps","29":"product_tag-umgebung","30":"product_tag-verantwortung","31":"product_tag-verlag","32":"product_tag-von-einer-zur-anderen","33":"product_tag-vorleben","34":"product_tag-www-editionkeiper-at","36":"first","37":"instock","38":"shipping-taxable","39":"purchasable","40":"product-type-simple"},"_links":{"self":[{"href":"https:\/\/www.editionkeiper.at\/shop\/wp-json\/wp\/v2\/product\/5265","targetHints":{"allow":["GET"]}}],"collection":[{"href":"https:\/\/www.editionkeiper.at\/shop\/wp-json\/wp\/v2\/product"}],"about":[{"href":"https:\/\/www.editionkeiper.at\/shop\/wp-json\/wp\/v2\/types\/product"}],"replies":[{"embeddable":true,"href":"https:\/\/www.editionkeiper.at\/shop\/wp-json\/wp\/v2\/comments?post=5265"}],"wp:featuredmedia":[{"embeddable":true,"href":"https:\/\/www.editionkeiper.at\/shop\/wp-json\/wp\/v2\/media\/6128"}],"wp:attachment":[{"href":"https:\/\/www.editionkeiper.at\/shop\/wp-json\/wp\/v2\/media?parent=5265"}],"wp:term":[{"taxonomy":"brand","embeddable":true,"href":"https:\/\/www.editionkeiper.at\/shop\/wp-json\/wp\/v2\/etheme_brands?post=5265"},{"taxonomy":"product_brand","embeddable":true,"href":"https:\/\/www.editionkeiper.at\/shop\/wp-json\/wp\/v2\/product_brand?post=5265"},{"taxonomy":"product_cat","embeddable":true,"href":"https:\/\/www.editionkeiper.at\/shop\/wp-json\/wp\/v2\/product_cat?post=5265"},{"taxonomy":"product_tag","embeddable":true,"href":"https:\/\/www.editionkeiper.at\/shop\/wp-json\/wp\/v2\/product_tag?post=5265"},{"taxonomy":"yst_prominent_words","embeddable":true,"href":"https:\/\/www.editionkeiper.at\/shop\/wp-json\/wp\/v2\/yst_prominent_words?post=5265"}],"curies":[{"name":"wp","href":"https:\/\/api.w.org\/{rel}","templated":true}]}}