{"id":5257,"date":"2020-01-08T16:24:43","date_gmt":"2020-01-08T15:24:43","guid":{"rendered":"https:\/\/www.editionkeiper.at\/shop\/produkt\/larven-und-voegel\/"},"modified":"2021-03-04T16:55:22","modified_gmt":"2021-03-04T15:55:22","slug":"larven-und-voegel","status":"publish","type":"product","link":"https:\/\/www.editionkeiper.at\/shop\/produkt\/larven-und-voegel\/","title":{"rendered":"Larven und V\u00f6gel &#8211; keiper lyrik 22"},"content":{"rendered":"<h2>Larven und V\u00f6gel<\/h2>\n<p><strong>keiper lyrik 22<\/strong><\/p>\n<p>von<strong>\u00a0<a href=\"https:\/\/www.editionkeiper.at\/shop\/hammer-joachim-gunter\/\"><strong>Joachim Gunter Hammer<\/strong><\/a><\/strong><\/p>\n<p>Aus Anlass seines runden Geburtstags holen wir den versierten Poeten Joachim Gunter Hammer auf die B\u00fchne unserer Lyrikreihe und verweisen staunend auf einen Stapel von nunmehr 25 Gedichtb\u00e4nden, die er in mehr als vier Jahrzehnten unerm\u00fcdlicher Schreibarbeit vorgelegt hat. Mit seinem aktuellen Werk <em>Larven und V\u00f6gel<\/em> spannt Hammer einmal mehr das breite Spektrum seiner Themen auf. Sein belesener, stets neugieriger Forschergeist kreist unter anderem um Sachverhalte und Fortschritte der Astronomie und Kosmologie, der Biologie, der K\u00fcnstlichen Intelligenz und der Robotik; seine Empathie indessen gilt den Liebenden und den Tr\u00e4umenden, den Feiernden und den Leidenden, den Dichtern, den Trinkern und allen Sterblichen, die, verstrickt in die \u201eWahnidee des Ich\u201d, meist mehreres davon zugleich sind. In seiner unverwechselbaren, rhythmisch-klangvollen Gedichtsprache entfacht Hammer zwischen jenen beiden Polen, dem Forschergeist und der Empathie, ein poetisches Feuerwerk von gro\u00dfer Leuchtkraft und Reichweite. Seine Lyrik entfaltet sich inhaltlich, sprachlich und formal zu einem ganz eigenen Kosmos, den zu entdecken und zu durchmessen sich lohnt. Motti begleiten viele Gedichte wie kleine Satelliten, w\u00e4hrend der Dichter sich mit Taifuno und Chao-tse \u2013 vergleichbar den poetisch-spielerischen Alter Egos Fernando Pessoas \u2013 l\u00e4ngst seine eigenen Trabanten zugelegt hat \u2026<\/p>\n<p>Eine besondere Leseempfehlung zum Siebziger des bedeutenden steirischen Dichters! (Helwig Brunner)<\/p>\n<p><strong>Preis:<\/strong> AT \u20ac 16,50 \/ DE \u20ac 16,05<\/p>\n<p><strong>ISBN13:<\/strong> 978-3-903322-06-6<\/p>\n<p><strong>Erscheinungsdatum:<\/strong>\u00a028.02.2020<\/p>\n<p><strong>Seiten:<\/strong> ca. 160<\/p>\n<p><strong>Sprache:<\/strong>\u00a0Deutsch<\/p>\n<p><strong>Format:<\/strong>\u00a017,6 x 11,0 cm;\u00a0Softcover<\/p>\n<p><iframe loading=\"lazy\" title=\"keiper lyrik 22 \u2013 &quot;Larven und V\u00f6gel\u201c von Joachim Gunter Hammer. Verlag edition keiper.\" width=\"1170\" height=\"878\" src=\"https:\/\/www.youtube.com\/embed\/bTYAduVvYZw?feature=oembed\" frameborder=\"0\" allow=\"accelerometer; autoplay; clipboard-write; encrypted-media; gyroscope; picture-in-picture\" allowfullscreen><\/iframe><\/p>\n","protected":false},"excerpt":{"rendered":"<p><strong>keiper lyrik 22<\/strong><\/p>\n<p>Aus Anlass seines runden Geburtstags holen wir den versierten Poeten Joachim Gunter Hammer auf die B\u00fchne unserer Lyrikreihe und verweisen staunend auf einen Stapel von nunmehr 25 Gedichtb\u00e4nden, die er in mehr als vier Jahrzehnten unerm\u00fcdlicher Schreibarbeit vorgelegt hat. Mit seinem aktuellen Werk <em>Larven und V\u00f6gel<\/em> spannt Hammer einmal mehr das breite Spektrum seiner Themen auf.<\/p>\n","protected":false},"featured_media":5314,"comment_status":"open","ping_status":"closed","template":"","meta":[],"etheme_brands":[],"product_brand":[],"product_cat":[2604],"product_tag":[3121,3123,356,3127,3120,3126,241,655,466,557,3076,3122,3124,174,3125,209],"yst_prominent_words":[3310,3309,3308,3201,3202,3307,3200,3198,3304,3199,3306,3305],"class_list":{"0":"post-5257","1":"product","2":"type-product","3":"status-publish","4":"has-post-thumbnail","6":"product_cat-die-reihe-keiper-lyrik","7":"product_tag-astronomie","8":"product_tag-biologie","9":"product_tag-edition-keiper","10":"product_tag-empathie","11":"product_tag-forschergeist","12":"product_tag-gedichtsprache","13":"product_tag-graz","14":"product_tag-helwig-brunner","15":"product_tag-joachim-gunter-hammer","16":"product_tag-keiper-lyrik","17":"product_tag-keiper-lyrik-22","18":"product_tag-kosmologie","19":"product_tag-kuenstliche-intelligenz","20":"product_tag-lyrik","21":"product_tag-robotik","22":"product_tag-steiermark","24":"first","25":"instock","26":"shipping-taxable","27":"purchasable","28":"product-type-simple"},"_links":{"self":[{"href":"https:\/\/www.editionkeiper.at\/shop\/wp-json\/wp\/v2\/product\/5257","targetHints":{"allow":["GET"]}}],"collection":[{"href":"https:\/\/www.editionkeiper.at\/shop\/wp-json\/wp\/v2\/product"}],"about":[{"href":"https:\/\/www.editionkeiper.at\/shop\/wp-json\/wp\/v2\/types\/product"}],"replies":[{"embeddable":true,"href":"https:\/\/www.editionkeiper.at\/shop\/wp-json\/wp\/v2\/comments?post=5257"}],"wp:featuredmedia":[{"embeddable":true,"href":"https:\/\/www.editionkeiper.at\/shop\/wp-json\/wp\/v2\/media\/5314"}],"wp:attachment":[{"href":"https:\/\/www.editionkeiper.at\/shop\/wp-json\/wp\/v2\/media?parent=5257"}],"wp:term":[{"taxonomy":"brand","embeddable":true,"href":"https:\/\/www.editionkeiper.at\/shop\/wp-json\/wp\/v2\/etheme_brands?post=5257"},{"taxonomy":"product_brand","embeddable":true,"href":"https:\/\/www.editionkeiper.at\/shop\/wp-json\/wp\/v2\/product_brand?post=5257"},{"taxonomy":"product_cat","embeddable":true,"href":"https:\/\/www.editionkeiper.at\/shop\/wp-json\/wp\/v2\/product_cat?post=5257"},{"taxonomy":"product_tag","embeddable":true,"href":"https:\/\/www.editionkeiper.at\/shop\/wp-json\/wp\/v2\/product_tag?post=5257"},{"taxonomy":"yst_prominent_words","embeddable":true,"href":"https:\/\/www.editionkeiper.at\/shop\/wp-json\/wp\/v2\/yst_prominent_words?post=5257"}],"curies":[{"name":"wp","href":"https:\/\/api.w.org\/{rel}","templated":true}]}}