{"id":5253,"date":"2020-01-08T16:24:43","date_gmt":"2020-01-08T15:24:43","guid":{"rendered":"https:\/\/www.editionkeiper.at\/shop\/produkt\/vergessenes-und-erinnertes\/"},"modified":"2021-03-10T15:33:28","modified_gmt":"2021-03-10T14:33:28","slug":"vergessenes-und-erinnertes","status":"publish","type":"product","link":"https:\/\/www.editionkeiper.at\/shop\/produkt\/vergessenes-und-erinnertes\/","title":{"rendered":"Vergessenes und Erinnertes"},"content":{"rendered":"<h2>Vergessenes und Erinnertes<\/h2>\n<p><strong>Texte<\/strong><\/p>\n<p>von<strong>\u00a0<a href=\"https:\/\/www.editionkeiper.at\/shop\/wingler-hedwig\/\"><strong>Hedwig Wingler<\/strong><\/a><\/strong><\/p>\n<p>Naturgem\u00e4\u00df entsteht alles, was aus Worten gebildet wird, zun\u00e4chst im Kopf, und so k\u00f6nnen in der Literatur auch Geschichten erz\u00e4hlt werden, die sich nie ereignet haben. Nicht jedoch in den Texten von Hedwig Wingler \u2013 denn ihr war es ganz und gar nicht verg\u00f6nnt, \u201eErfundenes\u201c niederzuschreiben.<\/p>\n<p>Schreiben, jeden Tag. Unter diesem Motto verwandelt sie in den hier versammelten Texten v\u00f6llig unpr\u00e4tenti\u00f6s ihre Begegnungen mit Personen, Themen und Bildern, die sie gekannt, gesehen oder erlebt hat, in Worte. Alles ist des Erinnerns wert, und deshalb versucht sie, diese Momentaufnahmen in Sprache und Mitteilung zu \u00fcbersetzen. Dazwischengestreute Gedanken, Reflexionen oder Poetisches machen die Lekt\u00fcre zu einer intensiven literarischen und vor allem genussvollen Lebensreise.<\/p>\n<p><strong>Preis:<\/strong> AT \u20ac 20,00 \/ DE \u20ac 19,45<\/p>\n<p><strong>ISBN13:<\/strong> 978-3-903144-94-1<\/p>\n<p><strong>Erscheinungsdatum:<\/strong>\u00a025.05.2020<\/p>\n<p><strong>Seiten:<\/strong> ca. 200<\/p>\n<p><strong>Sprache:<\/strong>\u00a0Deutsch<\/p>\n<p><strong>Format:<\/strong>\u00a020,0 x 12,0 cm;\u00a0Softcover<\/p>\n","protected":false},"excerpt":{"rendered":"<p>Naturgem\u00e4\u00df entsteht alles, was aus Worten gebildet wird, zun\u00e4chst im Kopf, und so k\u00f6nnen in der Literatur auch Geschichten erz\u00e4hlt werden, die sich nie ereignet haben. Nicht jedoch in den Texten von Hedwig Wingler \u2013 denn ihr war es ganz und gar nicht verg\u00f6nnt, \u201eErfundenes\u201c niederzuschreiben.<\/p>\n","protected":false},"featured_media":5320,"comment_status":"open","ping_status":"closed","template":"","meta":[],"etheme_brands":[],"product_brand":[],"product_cat":[3685],"product_tag":[3117,3115,1021,3114,750,241,3116,1059,2031,3118],"yst_prominent_words":[3207,3206,3186,3243,3236],"class_list":{"0":"post-5253","1":"product","2":"type-product","3":"status-publish","4":"has-post-thumbnail","6":"product_cat-erzaehlungen","7":"product_tag-bauhaus-berlin","8":"product_tag-begegnungen","9":"product_tag-berlin","10":"product_tag-erinnerungen","11":"product_tag-gedanken","12":"product_tag-graz","13":"product_tag-literaturzeitschrift-manuskripte","14":"product_tag-manuskripte","15":"product_tag-poesie","16":"product_tag-reflexionen","18":"first","19":"instock","20":"shipping-taxable","21":"purchasable","22":"product-type-simple"},"_links":{"self":[{"href":"https:\/\/www.editionkeiper.at\/shop\/wp-json\/wp\/v2\/product\/5253","targetHints":{"allow":["GET"]}}],"collection":[{"href":"https:\/\/www.editionkeiper.at\/shop\/wp-json\/wp\/v2\/product"}],"about":[{"href":"https:\/\/www.editionkeiper.at\/shop\/wp-json\/wp\/v2\/types\/product"}],"replies":[{"embeddable":true,"href":"https:\/\/www.editionkeiper.at\/shop\/wp-json\/wp\/v2\/comments?post=5253"}],"wp:featuredmedia":[{"embeddable":true,"href":"https:\/\/www.editionkeiper.at\/shop\/wp-json\/wp\/v2\/media\/5320"}],"wp:attachment":[{"href":"https:\/\/www.editionkeiper.at\/shop\/wp-json\/wp\/v2\/media?parent=5253"}],"wp:term":[{"taxonomy":"brand","embeddable":true,"href":"https:\/\/www.editionkeiper.at\/shop\/wp-json\/wp\/v2\/etheme_brands?post=5253"},{"taxonomy":"product_brand","embeddable":true,"href":"https:\/\/www.editionkeiper.at\/shop\/wp-json\/wp\/v2\/product_brand?post=5253"},{"taxonomy":"product_cat","embeddable":true,"href":"https:\/\/www.editionkeiper.at\/shop\/wp-json\/wp\/v2\/product_cat?post=5253"},{"taxonomy":"product_tag","embeddable":true,"href":"https:\/\/www.editionkeiper.at\/shop\/wp-json\/wp\/v2\/product_tag?post=5253"},{"taxonomy":"yst_prominent_words","embeddable":true,"href":"https:\/\/www.editionkeiper.at\/shop\/wp-json\/wp\/v2\/yst_prominent_words?post=5253"}],"curies":[{"name":"wp","href":"https:\/\/api.w.org\/{rel}","templated":true}]}}