{"id":5133,"date":"2019-12-05T15:56:05","date_gmt":"2019-12-05T14:56:05","guid":{"rendered":"https:\/\/www.editionkeiper.at\/shop\/?post_type=product&#038;p=5133"},"modified":"2024-08-21T16:08:56","modified_gmt":"2024-08-21T14:08:56","slug":"schmerz-verdichtet-ein-musikalisch-literarischer-fluchtversuch","status":"publish","type":"product","link":"https:\/\/www.editionkeiper.at\/shop\/produkt\/schmerz-verdichtet-ein-musikalisch-literarischer-fluchtversuch\/","title":{"rendered":"[Schmerz.verdichtet] \u2013 Ein musikalisch-literarischer Fluchtversuch"},"content":{"rendered":"<h2>[Schmerz.verdichtet]<\/h2>\n<p><strong>Ein musikalisch-literarischer Fluchtversuch<\/strong><\/p>\n<p>von<strong>\u00a0<a href=\"https:\/\/www.editionkeiper.at\/shop\/arnold-hermine\/\">Hermine Arnold<\/a><\/strong><\/p>\n<p>Illustriert von Valerie Varga<\/p>\n<p><strong><br \/>\n<\/strong><strong>Poesie ist mehrdimensional.<\/strong><br \/>\nDas beweist Hermine Arnold in ihrem Deb\u00fctband [Schmerz.verdichtet] auf eindrucksvolle Weise:<\/p>\n<ul>\n<li>Ihre Botschaften finden den k\u00fcrzesten Weg direkt ins\u00a0 Herz der Leser- bzw. Zuh\u00f6rerschaft.<\/li>\n<li>Ihre Lyrik ist musikalisch. Die poetische Energie ihrer Texte haben namhafte steirische Komponisten aufgegriffen und mit Klang umh\u00fcllt.<\/li>\n<li>Ihre Gedichte erzeugen Bilder. Diese inspirierten zwei au\u00dfergew\u00f6hnliche K\u00fcnstlerinnen zu einzigartigen Illustrationen.<\/li>\n<\/ul>\n<p>[Schmerz.verdichtet] bietet Poesie f\u00fcrs Herz in Text, Musik und Bildern.<\/p>\n<p><strong>Preis:<\/strong> AT \u20ac 20,00 \/ DE \u20ac 19,45<\/p>\n<p><strong>ISBN13:<\/strong> 978-3-903322-10-3<\/p>\n<p><strong>Erscheinungsdatum:<\/strong> 06.12.2019<\/p>\n<p><strong>Seiten:<\/strong> 96<\/p>\n<p><strong>Sprache:<\/strong> Deutsch<\/p>\n<p><strong>Format:<\/strong> 17 x 13cm; Hardcover, durchgehend farbig, mit Illustrationen (Valerie Varga) und Fotos<\/p>\n","protected":false},"excerpt":{"rendered":"<p><strong>Ein musikalisch-literarischer Fluchtversuch<\/strong><\/p>\n<p><strong>Poesie ist mehrdimensional.<\/strong><br \/>\nDas beweist Hermine Arnold in ihrem Deb\u00fctband [Schmerz.verdichtet] auf eindrucksvolle Weise:<\/p>\n","protected":false},"featured_media":5142,"comment_status":"open","ping_status":"closed","template":"","meta":[],"etheme_brands":[],"product_brand":[],"product_cat":[3686],"product_tag":[3023,3025,356,3016,3012,3020,289,241,3038,3013,307,116,3019,119,294,3010,174,3018,3011,3009,668,323,3017,3014,209,3021,3024,121,3015,109,3022],"yst_prominent_words":[3337,3339],"class_list":{"0":"post-5133","1":"product","2":"type-product","3":"status-publish","4":"has-post-thumbnail","6":"product_cat-gedichte","7":"product_tag-bolterauer","8":"product_tag-brightpicture","9":"product_tag-edition-keiper","10":"product_tag-feldbach-2016","11":"product_tag-fluchtversuch","12":"product_tag-fortin","13":"product_tag-gedichte","14":"product_tag-graz","15":"product_tag-hermine-arnold","16":"product_tag-hoffnung","17":"product_tag-humor","18":"product_tag-illustrationen","19":"product_tag-komponisten","20":"product_tag-kunst","21":"product_tag-kuenstler","22":"product_tag-literatur-musik-text-atelier","23":"product_tag-lyrik","24":"product_tag-lyrischer-lorbeer-2019","25":"product_tag-musikalisch-literarisch","26":"product_tag-nedi","27":"product_tag-neuerscheinung","28":"product_tag-oesterreich","29":"product_tag-poetry-slam-2016","30":"product_tag-schmerz","31":"product_tag-steiermark","32":"product_tag-steinwender","33":"product_tag-varga","34":"product_tag-verlag","35":"product_tag-wortschatz-2014","36":"product_tag-www-editionkeiper-at","37":"product_tag-zebinger","39":"first","40":"instock","41":"shipping-taxable","42":"purchasable","43":"product-type-simple"},"_links":{"self":[{"href":"https:\/\/www.editionkeiper.at\/shop\/wp-json\/wp\/v2\/product\/5133","targetHints":{"allow":["GET"]}}],"collection":[{"href":"https:\/\/www.editionkeiper.at\/shop\/wp-json\/wp\/v2\/product"}],"about":[{"href":"https:\/\/www.editionkeiper.at\/shop\/wp-json\/wp\/v2\/types\/product"}],"replies":[{"embeddable":true,"href":"https:\/\/www.editionkeiper.at\/shop\/wp-json\/wp\/v2\/comments?post=5133"}],"wp:featuredmedia":[{"embeddable":true,"href":"https:\/\/www.editionkeiper.at\/shop\/wp-json\/wp\/v2\/media\/5142"}],"wp:attachment":[{"href":"https:\/\/www.editionkeiper.at\/shop\/wp-json\/wp\/v2\/media?parent=5133"}],"wp:term":[{"taxonomy":"brand","embeddable":true,"href":"https:\/\/www.editionkeiper.at\/shop\/wp-json\/wp\/v2\/etheme_brands?post=5133"},{"taxonomy":"product_brand","embeddable":true,"href":"https:\/\/www.editionkeiper.at\/shop\/wp-json\/wp\/v2\/product_brand?post=5133"},{"taxonomy":"product_cat","embeddable":true,"href":"https:\/\/www.editionkeiper.at\/shop\/wp-json\/wp\/v2\/product_cat?post=5133"},{"taxonomy":"product_tag","embeddable":true,"href":"https:\/\/www.editionkeiper.at\/shop\/wp-json\/wp\/v2\/product_tag?post=5133"},{"taxonomy":"yst_prominent_words","embeddable":true,"href":"https:\/\/www.editionkeiper.at\/shop\/wp-json\/wp\/v2\/yst_prominent_words?post=5133"}],"curies":[{"name":"wp","href":"https:\/\/api.w.org\/{rel}","templated":true}]}}