{"id":4840,"date":"2019-05-23T16:00:53","date_gmt":"2019-05-23T14:00:53","guid":{"rendered":"https:\/\/www.editionkeiper.at\/shop\/produkt\/rueckfall\/"},"modified":"2021-03-09T12:16:28","modified_gmt":"2021-03-09T11:16:28","slug":"rueckfall","status":"publish","type":"product","link":"https:\/\/www.editionkeiper.at\/shop\/produkt\/rueckfall\/","title":{"rendered":"R\u00fcckfall"},"content":{"rendered":"<h2>R\u00fcckfall<\/h2>\n<p><strong>Ein Roman aus der Provinz (mit ausf\u00fchrlichem Rezeptteil)<\/strong><\/p>\n<p>von<strong> <strong><a href=\"https:\/\/www.editionkeiper.at\/shop\/wolfmayr-andrea\/\">Andrea Wolfmayr<\/a><br \/>\n<\/strong><\/strong><\/p>\n<p>Noch ist es l\u00e4ndlich in der Provinz, doch man sp\u00fcrt den unb\u00e4ndigen Drang, sich st\u00e4dtisch zu geben und sich pers\u00f6nlich wie auch wirtschaftlich zu entwickeln. Die Familien, deren Schicksale sich untereinander ver- und wieder entflechten, sind einander verbunden, sie kennen einander von klein auf \u2013 und es kommen immer wieder neue Leute hinzu, von au\u00dfen. Sie alle haben ihre Beziehungen, Ehen, Aff\u00e4ren, sie finden sich, manche trennen sich wieder, einige sterben weg, an Alter, Unf\u00e4llen, Krankheiten. Und sie alle haben ehrgeizigen Nachwuchs, der es weit bringt. Es geht um Gef\u00fchle, um Liebe und Hass. Um Wut und Verzweiflung, um Lebensfreude und Sinnverlust. Es geht um die Frauen, die es mit einem alten, gewachsenen patriarchalischen Rollenbild zu tun haben, und es geht um die M\u00e4nner, die sich schwer tun mit der Ver\u00e4nderung der Rollenbilder, gegen die sie rebellieren oder in die sie sich einf\u00fcgen oder anpassen. Ein Wimmelbild, ein Sittenbild ist dieser Roman, und er zeigt das Leben, wie es eben spielt. Jede Menge W\u00fcnsche, Erwartungen, Hoffnungen, Sehns\u00fcchte, Entt\u00e4uschungen. Menschen, die miteinander zu tun haben. Wir schauen ihnen dabei zu. Es k\u00f6nnten wir selbst sein.<\/p>\n<p><strong>Preis:<\/strong> AT \u20ac 23,00 \/ DE \u20ac 22,37<\/p>\n<p><strong>ISBN13:<\/strong> 978-3-903144-88-0<\/p>\n<p><strong>Erscheinungsdatum:<\/strong> 25.09.2019<\/p>\n<p><strong>Seiten:<\/strong> ca. 380<\/p>\n<p><strong>Sprache:<\/strong>\u00a0Deutsch<\/p>\n<p><strong>Format:<\/strong>\u00a020,0 x 12,0 cm;\u00a0Softcover<\/p>\n","protected":false},"excerpt":{"rendered":"<p><strong>Ein Roman aus der Provinz<\/strong><\/p>\n<p>Noch ist es l\u00e4ndlich in der Provinz, doch man sp\u00fcrt den unb\u00e4ndigen Drang, sich st\u00e4dtisch zu geben und sich pers\u00f6nlich wie auch wirtschaftlich zu entwickeln. Die Familien, deren Schicksale sich untereinander ver- und wieder entflechten, sind einander verbunden, sie kennen einander von klein auf \u2013 und es kommen immer wieder neue Leute hinzu, von au\u00dfen. Sie alle haben ihre Beziehungen, Ehen, Aff\u00e4ren, sie finden sich, manche trennen sich wieder, einige sterben weg, an Alter, Unf\u00e4llen, Krankheiten. Und sie alle haben ehrgeizigen Nachwuchs, der es weit bringt.<\/p>\n<p>Ein Sittenbild unserer Gesellschaft mit meisterhaften Charakterstudien.<\/p>\n<p>Mit ausf\u00fchrlichem Rezeptteil!<\/p>\n","protected":false},"featured_media":4888,"comment_status":"open","ping_status":"closed","template":"","meta":[],"etheme_brands":[],"product_brand":[],"product_cat":[3688],"product_tag":[684,1387,3784,241,664,2886,117,378,3783,2887,637,3782,3562,256,2888],"yst_prominent_words":[3360],"class_list":{"0":"post-4840","1":"product","2":"type-product","3":"status-publish","4":"has-post-thumbnail","6":"product_cat-familienromane","7":"product_tag-andrea-wolfmayr","8":"product_tag-ausnuechterung","9":"product_tag-charakterstudie","10":"product_tag-graz","11":"product_tag-im-zug","12":"product_tag-jack-und-ich","13":"product_tag-keiper","14":"product_tag-lebensfreude","15":"product_tag-menschenleben","16":"product_tag-provinzroman","17":"product_tag-rezepte","18":"product_tag-sittenbild","19":"product_tag-veraenderung","20":"product_tag-weisse-mischung","21":"product_tag-wolfmay","23":"first","24":"instock","25":"shipping-taxable","26":"purchasable","27":"product-type-simple"},"_links":{"self":[{"href":"https:\/\/www.editionkeiper.at\/shop\/wp-json\/wp\/v2\/product\/4840","targetHints":{"allow":["GET"]}}],"collection":[{"href":"https:\/\/www.editionkeiper.at\/shop\/wp-json\/wp\/v2\/product"}],"about":[{"href":"https:\/\/www.editionkeiper.at\/shop\/wp-json\/wp\/v2\/types\/product"}],"replies":[{"embeddable":true,"href":"https:\/\/www.editionkeiper.at\/shop\/wp-json\/wp\/v2\/comments?post=4840"}],"wp:featuredmedia":[{"embeddable":true,"href":"https:\/\/www.editionkeiper.at\/shop\/wp-json\/wp\/v2\/media\/4888"}],"wp:attachment":[{"href":"https:\/\/www.editionkeiper.at\/shop\/wp-json\/wp\/v2\/media?parent=4840"}],"wp:term":[{"taxonomy":"brand","embeddable":true,"href":"https:\/\/www.editionkeiper.at\/shop\/wp-json\/wp\/v2\/etheme_brands?post=4840"},{"taxonomy":"product_brand","embeddable":true,"href":"https:\/\/www.editionkeiper.at\/shop\/wp-json\/wp\/v2\/product_brand?post=4840"},{"taxonomy":"product_cat","embeddable":true,"href":"https:\/\/www.editionkeiper.at\/shop\/wp-json\/wp\/v2\/product_cat?post=4840"},{"taxonomy":"product_tag","embeddable":true,"href":"https:\/\/www.editionkeiper.at\/shop\/wp-json\/wp\/v2\/product_tag?post=4840"},{"taxonomy":"yst_prominent_words","embeddable":true,"href":"https:\/\/www.editionkeiper.at\/shop\/wp-json\/wp\/v2\/yst_prominent_words?post=4840"}],"curies":[{"name":"wp","href":"https:\/\/api.w.org\/{rel}","templated":true}]}}