{"id":4835,"date":"2020-07-14T16:00:53","date_gmt":"2020-07-14T14:00:53","guid":{"rendered":"https:\/\/www.editionkeiper.at\/shop\/produkt\/wenn-das-feuer-ausgeht\/"},"modified":"2024-11-07T09:58:24","modified_gmt":"2024-11-07T08:58:24","slug":"wenn-das-feuer-ausgeht-roman-schule","status":"publish","type":"product","link":"https:\/\/www.editionkeiper.at\/shop\/produkt\/wenn-das-feuer-ausgeht-roman-schule\/","title":{"rendered":"Wenn das Feuer ausgeht"},"content":{"rendered":"<h2>Wenn das Feuer ausgeht<\/h2>\n<p>von<strong>\u00a0<strong> <a href=\"https:\/\/www.editionkeiper.at\/shop\/colin-hadler\/\">Colin Hadler<\/a><br \/>\n<\/strong><\/strong><\/p>\n<p>Wenn das Feuer brennt, kann man so einiges erleben. Man f\u00fchlt sich wohl, sicher und geborgen. Man kann sich im Licht der Flammen unterhalten, musizieren, lachen oder die W\u00e4rme aufnehmen und sich zur Ruhe legen.<br \/>\nDoch wenn das Feuer ausgeht \u2026 haben die Gestalten, die in der Dunkelheit warten, den Mut, aus ihren L\u00f6chern zu kriechen. Wenn das Feuer ausgeht, gibt es keine Regeln mehr.<br \/>\nEin Camp im Wald. 18 Menschen auf engstem Raum, jeder mit seiner Vergangenheit und seinen Geheimnissen. Mittendrin ist Lukas, der von seiner Mutter an diesen Ort geschickt wurde. Schnell merkt er: Irgendjemand oder irgendetwas will diesem Camp \u2013 und den Menschen darin \u2013 nichts Gutes. Zwischen sarkastischen Bemerkungen und philosophischen Gespr\u00e4chen st\u00f6\u00dft er auf alte Wunden, die noch lange nicht verheilt sind.<\/p>\n<p><strong><span style=\"font-size: 14pt;\">Pressestimmen:<\/span><br \/>\n<\/strong>Colin Hadlers Texte sind ausdrucksstark, sarkastisch, charmant und extrem authentisch. Ich bin mir ganz sicher, dass dieser Kerl auf eine gro\u00dfartige Karriere zusteuert! Verdient h\u00e4tte er es!<br \/>\n<em><span style=\"font-size: 10pt;\">(Maurice Feiel \u2013 Buchblogger, Zwischen den Zeilen)<\/span><\/em><\/p>\n<p>Mit Colin Hadler erleuchtet ein Youngstar den B\u00fccherhimmel. Mit seinem jugendlichen Charme verzaubert er seine Leser und schickt sie auf fiktive Reisen, die so erfrischend und wortgewandt sind, dass man mittendrin statt nur dabei ist.<br \/>\n<em><span style=\"font-size: 10pt;\">(Dana Dohmeyer \u2013 Buchbloggerin, Ohne B\u00fccher? Ohne uns)<\/span><\/em><\/p>\n<p>Weitere begeisterte Stimmen zum Buch auf amazon <a href=\"https:\/\/www.amazon.de\/Wenn-Feuer-ausgeht-Colin-Hadler\/dp\/3903144967\" target=\"_blank\" rel=\"noopener noreferrer\">lesen<\/a>.<\/p>\n<p><strong>Preis:<\/strong> AT \u20ac 18,00 \/ DE \u20ac 17,51<\/p>\n<p><strong>ISBN13:<\/strong> 978-3-903144-96-5<\/p>\n<p><strong>Erscheinungsdatum:<\/strong>\u00a008.01.2020<\/p>\n<p><strong>Seiten:<\/strong> ca. 328<\/p>\n<p><strong>Sprache:<\/strong>\u00a0Deutsch<\/p>\n<p><strong>Format:<\/strong> 20,5 x 13,5 cm; Klappenbroschur<\/p>\n<p><a href=\"https:\/\/www.editionkeiper.at\/shop\/wp-content\/uploads\/2019\/05\/Zusatz_Leseprobe_Wenn_das_Feuer_ausgeht_Hadler_Colin_Verlag_Keiper.pdf\" target=\"_blank\" rel=\"noopener\"><img loading=\"lazy\" loading=\"lazy\" decoding=\"async\" class=\"alignleft wp-image-4023\" src=\"https:\/\/www.editionkeiper.at\/shop\/wp-content\/uploads\/2018\/06\/A_Cover_Leseprobe_Keiper_Verlag_Literatur_Graz-1-181x300.jpg\" alt=\"\" width=\"100\" height=\"166\" srcset=\"https:\/\/www.editionkeiper.at\/shop\/wp-content\/uploads\/2018\/06\/A_Cover_Leseprobe_Keiper_Verlag_Literatur_Graz-1-181x300.jpg 181w, https:\/\/www.editionkeiper.at\/shop\/wp-content\/uploads\/2018\/06\/A_Cover_Leseprobe_Keiper_Verlag_Literatur_Graz-1-565x938.jpg 565w, https:\/\/www.editionkeiper.at\/shop\/wp-content\/uploads\/2018\/06\/A_Cover_Leseprobe_Keiper_Verlag_Literatur_Graz-1-574x953.jpg 574w, https:\/\/www.editionkeiper.at\/shop\/wp-content\/uploads\/2018\/06\/A_Cover_Leseprobe_Keiper_Verlag_Literatur_Graz-1.jpg 617w, https:\/\/www.editionkeiper.at\/shop\/wp-content\/uploads\/2018\/06\/A_Cover_Leseprobe_Keiper_Verlag_Literatur_Graz-1-331x550.jpg 331w\" sizes=\"auto, (max-width: 100px) 100vw, 100px\" \/><\/a><\/p>\n<p><iframe loading=\"lazy\" title=\"Buchtrailer zum Roman  &quot;Wenn das Feuer ausgeht&quot; von Colin Hadler. edition keiper 2020\" width=\"1170\" height=\"658\" src=\"https:\/\/www.youtube.com\/embed\/PVG4PwNcJYE?feature=oembed\" frameborder=\"0\" allow=\"accelerometer; autoplay; clipboard-write; encrypted-media; gyroscope; picture-in-picture; web-share\" referrerpolicy=\"strict-origin-when-cross-origin\" allowfullscreen><\/iframe><\/p>\n","protected":false},"excerpt":{"rendered":"<p>Wenn das Feuer brennt, kann man so einiges erleben. Man f\u00fchlt sich wohl, sicher und geborgen. Man kann sich im Licht der Flammen unterhalten, musizieren, lachen oder die W\u00e4rme aufnehmen und sich zur Ruhe legen. Doch wenn das Feuer ausgeht \u2026 haben die Gestalten, die in der Dunkelheit warten, den Mut, aus ihren L\u00f6chern zu kriechen.<\/p>\n<p>Nach dem Erfolgsdeb\u00fct und Verlagsbestseller 2019 &#8222;Hinterm Hasen lauert er&#8220; nun ein neuer Roman von Colin Hadler!<\/p>\n","protected":false},"featured_media":5115,"comment_status":"open","ping_status":"closed","template":"","meta":[],"etheme_brands":[{"term_id":3920,"name":"Colin Hadler","slug":"colin-hadler","term_group":0,"term_taxonomy_id":3920,"taxonomy":"brand","description":"","parent":0,"count":2,"filter":"raw"}],"product_brand":[],"product_cat":[3689,4648,4629,3690],"product_tag":[336,2946,2945,356,280,113,2941,241,307,2942,2586,2947,2949,2944,2571,117,382,2116,2940,676,218,2585,2939,589,142,2943,121,134],"yst_prominent_words":[3248,3252,3249,3246,3247,3245,3250,3253,3251],"class_list":{"0":"post-4835","1":"product","2":"type-product","3":"status-publish","4":"has-post-thumbnail","6":"brand-colin-hadler","7":"product_cat-abenteuerromane","8":"product_cat-jugend","9":"product_cat-jugend-schreibt","10":"product_cat-jugendromane","11":"product_tag-belletristik","12":"product_tag-camp","13":"product_tag-colin-hadler","14":"product_tag-edition-keiper","15":"product_tag-familie","16":"product_tag-freundschaft","17":"product_tag-geheimnisse","18":"product_tag-graz","19":"product_tag-humor","20":"product_tag-instinkte","21":"product_tag-intrigen","22":"product_tag-jugend","23":"product_tag-jugendcamp","24":"product_tag-jugendliche","25":"product_tag-jugendroman","26":"product_tag-keiper","27":"product_tag-liebe","28":"product_tag-pfeil","29":"product_tag-pfeil-und-bogen","30":"product_tag-philosophie","31":"product_tag-roman","32":"product_tag-sarkasmus","33":"product_tag-sehnsuechte","34":"product_tag-spannung","35":"product_tag-teenager","36":"product_tag-ueberlebenskampf","37":"product_tag-verlag","38":"product_tag-wald","40":"first","41":"instock","42":"shipping-taxable","43":"purchasable","44":"product-type-simple"},"_links":{"self":[{"href":"https:\/\/www.editionkeiper.at\/shop\/wp-json\/wp\/v2\/product\/4835","targetHints":{"allow":["GET"]}}],"collection":[{"href":"https:\/\/www.editionkeiper.at\/shop\/wp-json\/wp\/v2\/product"}],"about":[{"href":"https:\/\/www.editionkeiper.at\/shop\/wp-json\/wp\/v2\/types\/product"}],"replies":[{"embeddable":true,"href":"https:\/\/www.editionkeiper.at\/shop\/wp-json\/wp\/v2\/comments?post=4835"}],"wp:featuredmedia":[{"embeddable":true,"href":"https:\/\/www.editionkeiper.at\/shop\/wp-json\/wp\/v2\/media\/5115"}],"wp:attachment":[{"href":"https:\/\/www.editionkeiper.at\/shop\/wp-json\/wp\/v2\/media?parent=4835"}],"wp:term":[{"taxonomy":"brand","embeddable":true,"href":"https:\/\/www.editionkeiper.at\/shop\/wp-json\/wp\/v2\/etheme_brands?post=4835"},{"taxonomy":"product_brand","embeddable":true,"href":"https:\/\/www.editionkeiper.at\/shop\/wp-json\/wp\/v2\/product_brand?post=4835"},{"taxonomy":"product_cat","embeddable":true,"href":"https:\/\/www.editionkeiper.at\/shop\/wp-json\/wp\/v2\/product_cat?post=4835"},{"taxonomy":"product_tag","embeddable":true,"href":"https:\/\/www.editionkeiper.at\/shop\/wp-json\/wp\/v2\/product_tag?post=4835"},{"taxonomy":"yst_prominent_words","embeddable":true,"href":"https:\/\/www.editionkeiper.at\/shop\/wp-json\/wp\/v2\/yst_prominent_words?post=4835"}],"curies":[{"name":"wp","href":"https:\/\/api.w.org\/{rel}","templated":true}]}}