{"id":4731,"date":"2019-04-06T15:26:54","date_gmt":"2019-04-06T13:26:54","guid":{"rendered":"https:\/\/www.editionkeiper.at\/shop\/?post_type=product&#038;p=4731"},"modified":"2020-07-07T10:37:20","modified_gmt":"2020-07-07T08:37:20","slug":"gutschein-2","status":"publish","type":"product","link":"https:\/\/www.editionkeiper.at\/shop\/produkt\/gutschein-2\/","title":{"rendered":"Gutschein"},"content":{"rendered":"<p>Schenken Sie edition keiper-Gutscheine!<\/p>\n<p>Falls Sie auf der Suche nach einem idealen Geschenk sind, bieten Ihnen Gutscheine der edition keiper die ideale und flexible M\u00f6glichkeit, Freude zu schenken. Ob Krimi, Belletristik, Lyrik oder Kinderbuch &#8211; in unserem Webshop findet jede\/r das Passende. Unsere Gutscheine k\u00f6nnen direkt per Mail mit pers\u00f6nlicher Nachricht verschickt werden, Sie k\u00f6nnen jeden Gutschein aber auch selbst ausdrucken und pers\u00f6nlich \u00fcberreichen. Bei Eink\u00e4ufen im Online-Shop wird durch Eingabe des jeweiligen Gutschein-Codes im Warenkorb der verf\u00fcgbare Betrag zum Abzug gebracht. Restbetr\u00e4ge k\u00f6nnen zu einem sp\u00e4teren Zeitpunkt verbraucht werden und bleiben unbegrenzt g\u00fcltig.<\/p>\n<p>Gutscheine haben f\u00fcr die Produktkategorie <strong>Non Books<\/strong> keine G\u00fcltigkeit.<\/p>\n<p><strong>Gutscheinwert: <\/strong>EUR 10.-<br \/>\n<strong>G\u00fcltigkeitszeitraum:<\/strong> unbegrenzt<br \/>\n<strong>Ausnahmen: <\/strong>Gutscheine haben f\u00fcr die Produktkategorie <strong>Non Books keine G\u00fcltigkeit<\/strong> und werden bei einer reinen Non Book-Bestellung nicht zum Abzug gebracht.<br \/>\n________________________________<\/p>\n<p><strong>Disclaimer:<\/strong> G\u00fcltig f\u00fcr<br \/>\n(1) <strong>edition keiper-B\u00fccher<\/strong>, die im Online-Shop auf <strong><a href=\"https:\/\/www.editionkeiper.at\/shop\" target=\"_blank\" rel=\"noopener noreferrer\">www.editionkeiper.at\/shop<\/a><\/strong> oder im Keiper-Literaturwohnzimmer bestellt oder gekauft werden und f\u00fcr<br \/>\n(2) <strong>Tickets<\/strong> f\u00fcr Veranstaltungen, die im Keiper-Literaturwohnzimmer in der Puchstra\u00dfe 17 stattfinden.<br \/>\nKeine Barabl\u00f6se m\u00f6glich. Dieser Gutschein kann <strong>nicht<\/strong> eingel\u00f6st werden auf Konsumation an der Bar im Keiper-Literaturwohnzimmer, bei externen Veranstaltungen von Keiper-Autor\/innen oder im Buchhandel.<\/p>\n<p>_________________________________<\/p>\n<p>Zahlungsarten und Versand:<\/p>\n<p>ACHTUNG: Erst nach erfolgtem Zahlungseingang wird Ihr Gutschein per E-Mail an die eingetragene E-Mail-Adresse zugestellt. F\u00fcr Last-Minute-Geschenke empfehlen wir deshalb dringend den Kauf per <strong>Pay Pal<\/strong>!<\/p>\n<p><strong>Direkte Bank\u00fcberweisung<\/strong> und <strong>Kauf auf Rechnung<\/strong>: Bitte beachten Sie, dass der Bankweg 1-3 Werktage in Anspruch nehmen kann und dass Ihr Gutschein erst bei Zahlungseingang per E-Mail an die eingetragene E-Mail-Adresse zugestellt wird!<\/p>\n<p>&nbsp;<\/p>\n","protected":false},"excerpt":{"rendered":"<p><strong>Keiper-Gutscheine: das ideale, flexible Geschenk!<\/strong><\/p>\n<p>Falls Sie auf der Suche nach einem idealen Geschenk sind, bieten Ihnen Gutscheine der edition keiper die ideale und flexible M\u00f6glichkeit, Freude zu schenken. Ob Krimi, Belletristik, Lyrik oder Kinderbuch &#8211; in unserem Webshop findet jede\/r das Passende.<\/p>\n","protected":false},"featured_media":4730,"comment_status":"closed","ping_status":"closed","template":"","meta":[],"etheme_brands":[],"product_brand":[],"product_cat":[2623],"product_tag":[911,2773,356,2640,2774,660,2637,2776,241,117,557,198,2639,2638,348,2771,2772,209],"yst_prominent_words":[3349],"class_list":{"0":"post-4731","1":"product","2":"type-product","3":"status-publish","4":"has-post-thumbnail","6":"product_cat-mwb_wgm_giftcard","7":"product_tag-buch","8":"product_tag-buch-schenken","9":"product_tag-edition-keiper","10":"product_tag-flexibel","11":"product_tag-freude","12":"product_tag-gegenwartsliteratur","13":"product_tag-geschenk","14":"product_tag-geschenksidee","15":"product_tag-graz","16":"product_tag-keiper","17":"product_tag-keiper-lyrik","18":"product_tag-kriminalroman","19":"product_tag-last-minute","20":"product_tag-last-minute-geschenk","21":"product_tag-literatur","22":"product_tag-ostern","23":"product_tag-schenken","24":"product_tag-steiermark","26":"first","27":"instock","28":"shipping-taxable","29":"purchasable","30":"product-type-simple"},"_links":{"self":[{"href":"https:\/\/www.editionkeiper.at\/shop\/wp-json\/wp\/v2\/product\/4731","targetHints":{"allow":["GET"]}}],"collection":[{"href":"https:\/\/www.editionkeiper.at\/shop\/wp-json\/wp\/v2\/product"}],"about":[{"href":"https:\/\/www.editionkeiper.at\/shop\/wp-json\/wp\/v2\/types\/product"}],"replies":[{"embeddable":true,"href":"https:\/\/www.editionkeiper.at\/shop\/wp-json\/wp\/v2\/comments?post=4731"}],"wp:featuredmedia":[{"embeddable":true,"href":"https:\/\/www.editionkeiper.at\/shop\/wp-json\/wp\/v2\/media\/4730"}],"wp:attachment":[{"href":"https:\/\/www.editionkeiper.at\/shop\/wp-json\/wp\/v2\/media?parent=4731"}],"wp:term":[{"taxonomy":"brand","embeddable":true,"href":"https:\/\/www.editionkeiper.at\/shop\/wp-json\/wp\/v2\/etheme_brands?post=4731"},{"taxonomy":"product_brand","embeddable":true,"href":"https:\/\/www.editionkeiper.at\/shop\/wp-json\/wp\/v2\/product_brand?post=4731"},{"taxonomy":"product_cat","embeddable":true,"href":"https:\/\/www.editionkeiper.at\/shop\/wp-json\/wp\/v2\/product_cat?post=4731"},{"taxonomy":"product_tag","embeddable":true,"href":"https:\/\/www.editionkeiper.at\/shop\/wp-json\/wp\/v2\/product_tag?post=4731"},{"taxonomy":"yst_prominent_words","embeddable":true,"href":"https:\/\/www.editionkeiper.at\/shop\/wp-json\/wp\/v2\/yst_prominent_words?post=4731"}],"curies":[{"name":"wp","href":"https:\/\/api.w.org\/{rel}","templated":true}]}}