{"id":4491,"date":"2019-01-07T16:13:42","date_gmt":"2019-01-07T15:13:42","guid":{"rendered":"https:\/\/www.editionkeiper.at\/shop\/produkt\/der-himmel-ist-mein-schaedeldach\/"},"modified":"2021-03-10T16:14:40","modified_gmt":"2021-03-10T15:14:40","slug":"der-himmel-ist-mein-schaedeldach","status":"publish","type":"product","link":"https:\/\/www.editionkeiper.at\/shop\/produkt\/der-himmel-ist-mein-schaedeldach\/","title":{"rendered":"Der Himmel ist mein Sch\u00e4deldach"},"content":{"rendered":"<h2>Der Himmel ist mein Sch\u00e4deldach<\/h2>\n<p><strong>Vademecum<\/strong><\/p>\n<p>von<strong> <a href=\"https:\/\/www.editionkeiper.at\/shop\/huettenegger-bernhard\/\"><strong>Bernhard H\u00fcttenegger<\/strong><\/a><\/strong><\/p>\n<p><em>Der Himmel ist mein Sch\u00e4deldach<\/em> ist ein Vademecum (\u201eGeh mit mir\u201d) im wahrsten und doppelten Sinne: als Lebens- und Arbeitsjournal, das der bekannte Autor \u00fcber insgesamt sieben Jahre f\u00fchrte, ist es eine Einladung, ihm durch das Innere seiner Gedankenwelt zu folgen, deren Horizont zugleich sein Sch\u00e4deldach und doch das Universum ist, im physischen und intellektuellen Sinne; ihn bei seinen realen und mentalen Reisen zu begleiten, mit ihm und ihm folgend seine Welt auszumessen. Alltagschronik und zugleich Werkstattnotizen, enth\u00e4lt dieses Journal unterschiedlichste Wahrnehmungssplitter ebenso wie lakonische Geschichten, Ideenfunken, \u201amagische\u2018 Momente, Epiphanien und Reminiszenzen. Einem Autor und Dichter, dem das Schreiben \u00fcber viele Jahrzehnte Existenzweise und zugleich Selbstvergewisserung war und geblieben ist, f\u00fcgt sich das Ganze zu einem Brevier sprachsch\u00f6pferischer Welterfahrung, in das zu vertiefen wahrhaftig als Privileg und Bereicherung der Leser angesehen werden kann, als Gewissensprotokoll einer Zeit ihres Lebens kompromisslosen Schriftstellerpers\u00f6nlichkeit.<\/p>\n<p>&nbsp;<\/p>\n<p><strong>Preis:<\/strong> AT \u20ac 22,00 \/ DE \u20ac 21,40<\/p>\n<p><strong>ISBN13:<\/strong> 978-3-903144-78-1<\/p>\n<p><strong>Erscheinungsdatum:<\/strong>\u00a022.04.2019<\/p>\n<p><strong>Seiten:<\/strong> ca. 240<\/p>\n<p><strong>Sprache:<\/strong>\u00a0Deutsch<\/p>\n<p><strong>Format:<\/strong>\u00a020,0 x 12,0 cm;\u00a0Hardcover<\/p>\n<p>&nbsp;<\/p>\n","protected":false},"excerpt":{"rendered":"<p><em>Der Himmel ist mein Sch\u00e4deldach<\/em> ist ein Vademecum (\u201eGeh mit mir\u201d) im wahrsten und doppelten Sinne: als Lebens- und Arbeitsjournal, das der bekannte Autor \u00fcber insgesamt sieben Jahre f\u00fchrte, ist es eine Einladung, ihm durch das Innere seiner Gedankenwelt zu folgen, deren Horizont zugleich sein Sch\u00e4deldach und doch das Universum ist, im physischen und intellektuellen Sinne; ihn bei seinen realen und mentalen Reisen zu begleiten, mit ihm und ihm folgend seine Welt auszumessen. Alltagschronik und zugleich Werkstattnotizen, enth\u00e4lt dieses Journal unterschiedlichste Wahrnehmungssplitter ebenso wie lakonische Geschichten, Ideenfunken, \u201amagische\u2018 Momente, Epiphanien und Reminiszenzen.<\/p>\n","protected":false},"featured_media":4511,"comment_status":"open","ping_status":"closed","template":"","meta":[],"etheme_brands":[],"product_brand":[],"product_cat":[3683,3684],"product_tag":[2040,336,2665,356,241,117,348,323,209,121,109],"yst_prominent_words":[],"class_list":{"0":"post-4491","1":"product","2":"type-product","3":"status-publish","4":"has-post-thumbnail","6":"product_cat-aphorismen","7":"product_cat-kurztexte","8":"product_tag-beichte-eines-alten-narren","9":"product_tag-belletristik","10":"product_tag-der-fisch-im-wasser","11":"product_tag-edition-keiper","12":"product_tag-graz","13":"product_tag-keiper","14":"product_tag-literatur","15":"product_tag-oesterreich","16":"product_tag-steiermark","17":"product_tag-verlag","18":"product_tag-www-editionkeiper-at","20":"first","21":"instock","22":"shipping-taxable","23":"purchasable","24":"product-type-simple"},"_links":{"self":[{"href":"https:\/\/www.editionkeiper.at\/shop\/wp-json\/wp\/v2\/product\/4491","targetHints":{"allow":["GET"]}}],"collection":[{"href":"https:\/\/www.editionkeiper.at\/shop\/wp-json\/wp\/v2\/product"}],"about":[{"href":"https:\/\/www.editionkeiper.at\/shop\/wp-json\/wp\/v2\/types\/product"}],"replies":[{"embeddable":true,"href":"https:\/\/www.editionkeiper.at\/shop\/wp-json\/wp\/v2\/comments?post=4491"}],"wp:featuredmedia":[{"embeddable":true,"href":"https:\/\/www.editionkeiper.at\/shop\/wp-json\/wp\/v2\/media\/4511"}],"wp:attachment":[{"href":"https:\/\/www.editionkeiper.at\/shop\/wp-json\/wp\/v2\/media?parent=4491"}],"wp:term":[{"taxonomy":"brand","embeddable":true,"href":"https:\/\/www.editionkeiper.at\/shop\/wp-json\/wp\/v2\/etheme_brands?post=4491"},{"taxonomy":"product_brand","embeddable":true,"href":"https:\/\/www.editionkeiper.at\/shop\/wp-json\/wp\/v2\/product_brand?post=4491"},{"taxonomy":"product_cat","embeddable":true,"href":"https:\/\/www.editionkeiper.at\/shop\/wp-json\/wp\/v2\/product_cat?post=4491"},{"taxonomy":"product_tag","embeddable":true,"href":"https:\/\/www.editionkeiper.at\/shop\/wp-json\/wp\/v2\/product_tag?post=4491"},{"taxonomy":"yst_prominent_words","embeddable":true,"href":"https:\/\/www.editionkeiper.at\/shop\/wp-json\/wp\/v2\/yst_prominent_words?post=4491"}],"curies":[{"name":"wp","href":"https:\/\/api.w.org\/{rel}","templated":true}]}}