{"id":3846,"date":"2018-06-01T10:40:39","date_gmt":"2018-06-01T08:40:39","guid":{"rendered":"https:\/\/www.editionkeiper.at\/shop\/produkt\/ueber-wort-und-warte\/"},"modified":"2021-03-27T15:59:54","modified_gmt":"2021-03-27T14:59:54","slug":"ueber-wort-und-warte","status":"publish","type":"product","link":"https:\/\/www.editionkeiper.at\/shop\/produkt\/ueber-wort-und-warte\/","title":{"rendered":"\u00fcber Wort und warte &#8211; keiper lyrik 18"},"content":{"rendered":"<h2>\u00fcber Wort und warte<\/h2>\n<p><strong>Gedichte<\/strong><\/p>\n<p><strong>keiper lyrik 18<br \/>\n<\/strong><\/p>\n<p>von<strong>\u00a0<strong> Barbara Rauchenberger<br \/>\n<\/strong><\/strong><\/p>\n<p>Mit Barbara Rauchenbergers Gedichtband &#8222;\u00fcber Wort und warte&#8220; pr\u00e4sentiert die Reihe keiper lyrik ein literarisches Deb\u00fct, das eigentlich keines ist \u2013 denn mit Ver\u00f6ffentlichungen in renommierten Literaturzeitschriften, die auch zur Zuerkennung des manuskripte-Literaturf\u00f6rderungspreises der Stadt Graz f\u00fchrten, hat sich die Dichterin bereits einen Namen gemacht. Nun liegt, l\u00e4ngst \u00fcberf\u00e4llig, ihr erstes Buch vor. Rauchenbergers Gedichte sind scheue Wesen. Wer die falschen Fragen an sie richtet, dem entfremden sie sich mit stummem Kopfsch\u00fctteln. Es sind Verse, die in flimmernder Schwebe bleiben, schmale, durchscheinende Textk\u00f6rper, die konsequent auf das verweisen, was au\u00dferhalb herk\u00f6mmlicher semantischer Festschreibungen liegt. Nicht das Erz\u00e4hlte, sondern die Differenz zum Erz\u00e4hlbaren ist der Stoff, aus dem diese Dichtung gemacht ist. Sie baut ganz auf einen Wesenszug des Genres, \u00fcber den kaum zu sprechen ist und der daher im Lyrikdiskurs h\u00e4ufig auf der Strecke bleibt: &#8222;Gedichte wollen\u00a0und sollen in das sonst nicht Sagbare eindringen.&#8220; (Michael Hamburger) So machen es Rauchenbergers Gedichte dem Leser, der Leserin nicht einfach, da sie eine besondere Herangehensweise erfordern, gewisserma\u00dfen eine Lesebereitschaft \u00fcber das Lesen hinaus. Es lohnt sich, diese aufzubringen \u2013 denn wenn Ludwig Wittgenstein die Grenzen der Welt mit jenen der Sprache gleichsetzte, dann bedeutet eine Lyrik, deren Qualit\u00e4t so kompromisslos auf eine Entgrenzung der semantischen R\u00e4ume abzielt, einen wesentlichen Zugewinn an Welt. Situiert ist dieses Neuland in einem literar\u00e4sthetischen Gel\u00e4nde, das mit Zitaten von Friederike Mayr\u00f6cker, Durs Gr\u00fcnbein, Jan Sk\u00e1cel, Yves Bonnefoy, Inger Christensen, Johannes Bobrovski und anderen klar abgesteckt ist \u2013 gro\u00dfe Namen, denen Rauchenberger auf Augenh\u00f6he begegnet.<\/p>\n<p>&nbsp;<\/p>\n<p><strong>ISBN13:<\/strong> 978-3-903144-58-3<\/p>\n<p><strong>Erscheinungsdatum:<\/strong>\u00a009.2018<\/p>\n<p><strong>Seiten:<\/strong> ca 80<\/p>\n<p><strong>Sprache:<\/strong>\u00a0Deutsch<\/p>\n<p><strong>Format:<\/strong>\u00a017,6 x 11,0 cm; Broschur<\/p>\n<p>&nbsp;<\/p>\n","protected":false},"excerpt":{"rendered":"<p>&nbsp;<\/p>\n<p>Mit Barbara Rauchenbergers Gedichtband &#8222;\u00fcber Wort und warte&#8220; pr\u00e4sentiert die Reihe keiper lyrik ein literarisches Deb\u00fct, das eigentlich keines ist \u2013 denn mit Ver\u00f6ffentlichungen in renommierten Literaturzeitschriften, die auch zur Zuerkennung des manuskripte-Literaturf\u00f6rderungspreises der Stadt Graz f\u00fchrten, hat sich die Dichterin bereits einen Namen gemacht. Nun liegt, l\u00e4ngst \u00fcberf\u00e4llig, ihr erstes Buch vor. Rauchenbergers Gedichte sind scheue Wesen. Wer die falschen Fragen an sie richtet, dem entfremden sie sich mit stummem Kopfsch\u00fctteln.<\/p>\n","protected":false},"featured_media":3854,"comment_status":"open","ping_status":"closed","template":"","meta":[],"etheme_brands":[],"product_brand":[],"product_cat":[2604],"product_tag":[2188,289,557,174,173,2278],"yst_prominent_words":[3285,3345,3306,3352,3186,3183],"class_list":{"0":"post-3846","1":"product","2":"type-product","3":"status-publish","4":"has-post-thumbnail","6":"product_cat-die-reihe-keiper-lyrik","7":"product_tag-barbara-rauchenberger-minoriten-lyrikreihe-graz-verlag-keiper-lyrik-mayroecker-keiper-herausgeber-helwig-brunner-gedichtband-debuet-edition-keiper-steiermark","8":"product_tag-gedichte","9":"product_tag-keiper-lyrik","10":"product_tag-lyrik","11":"product_tag-lyrikreihe","12":"product_tag-minoriten","14":"first","15":"instock","16":"shipping-taxable","17":"purchasable","18":"product-type-simple"},"_links":{"self":[{"href":"https:\/\/www.editionkeiper.at\/shop\/wp-json\/wp\/v2\/product\/3846","targetHints":{"allow":["GET"]}}],"collection":[{"href":"https:\/\/www.editionkeiper.at\/shop\/wp-json\/wp\/v2\/product"}],"about":[{"href":"https:\/\/www.editionkeiper.at\/shop\/wp-json\/wp\/v2\/types\/product"}],"replies":[{"embeddable":true,"href":"https:\/\/www.editionkeiper.at\/shop\/wp-json\/wp\/v2\/comments?post=3846"}],"wp:featuredmedia":[{"embeddable":true,"href":"https:\/\/www.editionkeiper.at\/shop\/wp-json\/wp\/v2\/media\/3854"}],"wp:attachment":[{"href":"https:\/\/www.editionkeiper.at\/shop\/wp-json\/wp\/v2\/media?parent=3846"}],"wp:term":[{"taxonomy":"brand","embeddable":true,"href":"https:\/\/www.editionkeiper.at\/shop\/wp-json\/wp\/v2\/etheme_brands?post=3846"},{"taxonomy":"product_brand","embeddable":true,"href":"https:\/\/www.editionkeiper.at\/shop\/wp-json\/wp\/v2\/product_brand?post=3846"},{"taxonomy":"product_cat","embeddable":true,"href":"https:\/\/www.editionkeiper.at\/shop\/wp-json\/wp\/v2\/product_cat?post=3846"},{"taxonomy":"product_tag","embeddable":true,"href":"https:\/\/www.editionkeiper.at\/shop\/wp-json\/wp\/v2\/product_tag?post=3846"},{"taxonomy":"yst_prominent_words","embeddable":true,"href":"https:\/\/www.editionkeiper.at\/shop\/wp-json\/wp\/v2\/yst_prominent_words?post=3846"}],"curies":[{"name":"wp","href":"https:\/\/api.w.org\/{rel}","templated":true}]}}