{"id":3845,"date":"2018-06-01T10:40:39","date_gmt":"2018-06-01T08:40:39","guid":{"rendered":"https:\/\/www.editionkeiper.at\/shop\/produkt\/specht-im-schilcherland\/"},"modified":"2021-03-08T22:27:22","modified_gmt":"2021-03-08T21:27:22","slug":"specht-im-schilcherland","status":"publish","type":"product","link":"https:\/\/www.editionkeiper.at\/shop\/produkt\/specht-im-schilcherland\/","title":{"rendered":"Specht im Schilcherland"},"content":{"rendered":"<h2>Specht im Schilcherland<\/h2>\n<p><strong>Ein Kriminalroman aus der Steiermark<\/strong><\/p>\n<p>von\u00a0<a href=\"https:\/\/www.editionkeiper.at\/shop\/rieger-rieger\/\"><strong><strong>Veronika und Mario Rieger<\/strong><\/strong><\/a><\/p>\n<p>Dass Bruno Specht, pensionierter Chefinspektor des Wiener Landeskriminalamts, ausgerechnet bei einem Urlaub in seiner geliebten steirischen Heimat mit einem brutalen Verbrechen konfrontiert wird, verst\u00f6rt ihn zutiefst. Denn eigentlich hatte er vorgehabt, gemeinsam mit seiner Frau Anna die malerische Landschaft des Schilcherlandes zu erkunden und die Abende bei einem Glas Wein und einer z\u00fcnftigen Brettljause ausklingen zu lassen. Stattdessen wird er aber schon kurz nach seiner Ankunft in Stainz in die Ermittlungen rund um den Mord an einer jungen Frau verwickelt. Und dann l\u00e4uft ihm auch noch der sch\u00f6ne Robert \u00fcber den Weg, ein ehemaliger Kollege aus dem Wiener Sicherheitsb\u00fcro, der nach seiner Entlassung aus dem Polizeidienst die Seiten gewechselt und eine kriminelle Laufbahn eingeschlagen hatte \u2026<\/p>\n<p>&nbsp;<\/p>\n<p><strong>ISBN13:<\/strong> 978-3-903144-64-4<\/p>\n<p><strong>Erscheinungsdatum:<\/strong>\u00a009.2018<\/p>\n<p><strong>Seiten:<\/strong> ca 200<\/p>\n<p><strong>Sprache:<\/strong>\u00a0Deutsch<\/p>\n<p><strong>Format:<\/strong>\u00a020,0 x 12,0 cm;\u00a0Broschur<\/p>\n","protected":false},"excerpt":{"rendered":"<p>Dass Bruno Specht, pensionierter Chefinspektor des Wiener Landeskriminalamts, ausgerechnet bei einem Urlaub in seiner geliebten steirischen Heimat mit einem brutalen Verbrechen konfrontiert wird, verst\u00f6rt ihn zutiefst.<\/p>\n<p>Stainz \u2013 sanfte H\u00fcgel und eine Landschaft, bezaubernd sch\u00f6n und wie gemalt. Doch diese Idylle ist tr\u00fcgerisch. Im herbstlich verf\u00e4rbten Wald liegt die Leiche einer jungen Frau \u2026 Der charismatische Bruno Specht ermittelt in der Steiermark!<\/p>\n<p><strong>\u00a0<\/strong><\/p>\n","protected":false},"featured_media":3856,"comment_status":"open","ping_status":"closed","template":"","meta":[],"etheme_brands":[],"product_brand":[],"product_cat":[1394],"product_tag":[336,789,356,196,2270,117,558,2272,348,563,323,218,2273,2187,2271,209,121,109],"yst_prominent_words":[],"class_list":{"0":"post-3845","1":"product","2":"type-product","3":"status-publish","4":"has-post-thumbnail","6":"product_cat-krimi","7":"product_tag-belletristik","8":"product_tag-bruno-specht","9":"product_tag-edition-keiper","10":"product_tag-ermittlung","11":"product_tag-inspektor","12":"product_tag-keiper","13":"product_tag-krimi","14":"product_tag-kuerbiskernoel","15":"product_tag-literatur","16":"product_tag-mord","17":"product_tag-oesterreich","18":"product_tag-roman","19":"product_tag-schilcher","20":"product_tag-specht-edition-keiper-krimireihe-kuerbiskernoel-buschenschank-weststeiermark-steiermark","21":"product_tag-stainz","22":"product_tag-steiermark","23":"product_tag-verlag","24":"product_tag-www-editionkeiper-at","26":"first","27":"instock","28":"shipping-taxable","29":"purchasable","30":"product-type-simple"},"_links":{"self":[{"href":"https:\/\/www.editionkeiper.at\/shop\/wp-json\/wp\/v2\/product\/3845","targetHints":{"allow":["GET"]}}],"collection":[{"href":"https:\/\/www.editionkeiper.at\/shop\/wp-json\/wp\/v2\/product"}],"about":[{"href":"https:\/\/www.editionkeiper.at\/shop\/wp-json\/wp\/v2\/types\/product"}],"replies":[{"embeddable":true,"href":"https:\/\/www.editionkeiper.at\/shop\/wp-json\/wp\/v2\/comments?post=3845"}],"wp:featuredmedia":[{"embeddable":true,"href":"https:\/\/www.editionkeiper.at\/shop\/wp-json\/wp\/v2\/media\/3856"}],"wp:attachment":[{"href":"https:\/\/www.editionkeiper.at\/shop\/wp-json\/wp\/v2\/media?parent=3845"}],"wp:term":[{"taxonomy":"brand","embeddable":true,"href":"https:\/\/www.editionkeiper.at\/shop\/wp-json\/wp\/v2\/etheme_brands?post=3845"},{"taxonomy":"product_brand","embeddable":true,"href":"https:\/\/www.editionkeiper.at\/shop\/wp-json\/wp\/v2\/product_brand?post=3845"},{"taxonomy":"product_cat","embeddable":true,"href":"https:\/\/www.editionkeiper.at\/shop\/wp-json\/wp\/v2\/product_cat?post=3845"},{"taxonomy":"product_tag","embeddable":true,"href":"https:\/\/www.editionkeiper.at\/shop\/wp-json\/wp\/v2\/product_tag?post=3845"},{"taxonomy":"yst_prominent_words","embeddable":true,"href":"https:\/\/www.editionkeiper.at\/shop\/wp-json\/wp\/v2\/yst_prominent_words?post=3845"}],"curies":[{"name":"wp","href":"https:\/\/api.w.org\/{rel}","templated":true}]}}