{"id":3843,"date":"2018-06-01T10:40:39","date_gmt":"2018-06-01T08:40:39","guid":{"rendered":"https:\/\/www.editionkeiper.at\/shop\/produkt\/konsequenzen\/"},"modified":"2021-03-09T09:01:09","modified_gmt":"2021-03-09T08:01:09","slug":"konsequenzen","status":"publish","type":"product","link":"https:\/\/www.editionkeiper.at\/shop\/produkt\/konsequenzen\/","title":{"rendered":"Konsequenzen"},"content":{"rendered":"<h2>Konsequenzen<\/h2>\n<p><strong>Strange Stories<\/strong><\/p>\n<p>von<strong> <strong>Irmi Horn<br \/>\n<\/strong><\/strong><\/p>\n<p><em>Konsequenzen \u2013 Strange Stories<\/em> beinhaltet zwei Erz\u00e4hlungen als Bestandsaufnahmen der menschlichen Spezies im Gef\u00fcge eines Sozialstaates, in denen Abgr\u00fcnde und Begierden, Recht und Unrecht, Treue und Verrat in kritisch-ironischer, aber auch kraftvoll-poetischer Sprache verhandelt werden. Zwischen Traum und Wirklichkeit werden Karikaturen von Menschen gezeichnet, die bei n\u00e4herem Hinsehen Nachbarn sein k\u00f6nnten und gewisser Aufmerksamkeit bed\u00fcrfen.<\/p>\n<p>&nbsp;<\/p>\n<p><strong>ISBN13:<\/strong> 978-3-903144-71-2<\/p>\n<p><strong>Erscheinungsdatum:<\/strong>\u00a010.2018<\/p>\n<p><strong>Seiten:<\/strong> ca 180<\/p>\n<p><strong>Sprache:<\/strong>\u00a0Deutsch<\/p>\n<p><strong>Format:<\/strong>\u00a020,0 x 12,0 cm;\u00a0gebunden;\u00a0Hardcover<\/p>\n","protected":false},"excerpt":{"rendered":"<p><em>Konsequenzen \u2013 Strange Stories<\/em> beinhaltet zwei Erz\u00e4hlungen als Bestandsaufnahmen der menschlichen Spezies im Gef\u00fcge eines Sozialstaates, in denen Abgr\u00fcnde und Begierden, Recht und Unrecht, Treue und Verrat in kritisch-ironischer, aber auch kraftvoll-poetischer Sprache verhandelt werden. Zwischen Traum und Wirklichkeit werden Karikaturen von Menschen gezeichnet, die bei n\u00e4herem Hinsehen Nachbarn sein k\u00f6nnten und gewisser Aufmerksamkeit bed\u00fcrfen.<\/p>\n","protected":false},"featured_media":3851,"comment_status":"open","ping_status":"closed","template":"","meta":[],"etheme_brands":[],"product_brand":[],"product_cat":[3685,3701],"product_tag":[336,356,577,241,117,2263,348,323,209,2264,121,109],"yst_prominent_words":[3186],"class_list":{"0":"post-3843","1":"product","2":"type-product","3":"status-publish","4":"has-post-thumbnail","6":"product_cat-erzaehlungen","7":"product_cat-fiktion","8":"product_tag-belletristik","9":"product_tag-edition-keiper","10":"product_tag-erzaehlungen","11":"product_tag-graz","12":"product_tag-keiper","13":"product_tag-kunstgarten-graz","14":"product_tag-literatur","15":"product_tag-oesterreich","16":"product_tag-steiermark","17":"product_tag-strange-stories","18":"product_tag-verlag","19":"product_tag-www-editionkeiper-at","21":"first","22":"instock","23":"shipping-taxable","24":"purchasable","25":"product-type-simple"},"_links":{"self":[{"href":"https:\/\/www.editionkeiper.at\/shop\/wp-json\/wp\/v2\/product\/3843","targetHints":{"allow":["GET"]}}],"collection":[{"href":"https:\/\/www.editionkeiper.at\/shop\/wp-json\/wp\/v2\/product"}],"about":[{"href":"https:\/\/www.editionkeiper.at\/shop\/wp-json\/wp\/v2\/types\/product"}],"replies":[{"embeddable":true,"href":"https:\/\/www.editionkeiper.at\/shop\/wp-json\/wp\/v2\/comments?post=3843"}],"wp:featuredmedia":[{"embeddable":true,"href":"https:\/\/www.editionkeiper.at\/shop\/wp-json\/wp\/v2\/media\/3851"}],"wp:attachment":[{"href":"https:\/\/www.editionkeiper.at\/shop\/wp-json\/wp\/v2\/media?parent=3843"}],"wp:term":[{"taxonomy":"brand","embeddable":true,"href":"https:\/\/www.editionkeiper.at\/shop\/wp-json\/wp\/v2\/etheme_brands?post=3843"},{"taxonomy":"product_brand","embeddable":true,"href":"https:\/\/www.editionkeiper.at\/shop\/wp-json\/wp\/v2\/product_brand?post=3843"},{"taxonomy":"product_cat","embeddable":true,"href":"https:\/\/www.editionkeiper.at\/shop\/wp-json\/wp\/v2\/product_cat?post=3843"},{"taxonomy":"product_tag","embeddable":true,"href":"https:\/\/www.editionkeiper.at\/shop\/wp-json\/wp\/v2\/product_tag?post=3843"},{"taxonomy":"yst_prominent_words","embeddable":true,"href":"https:\/\/www.editionkeiper.at\/shop\/wp-json\/wp\/v2\/yst_prominent_words?post=3843"}],"curies":[{"name":"wp","href":"https:\/\/api.w.org\/{rel}","templated":true}]}}