{"id":3840,"date":"2018-06-01T10:40:39","date_gmt":"2018-06-01T08:40:39","guid":{"rendered":"https:\/\/www.editionkeiper.at\/shop\/produkt\/mitgefuehl-fuer-den-teufel\/"},"modified":"2021-03-09T09:08:35","modified_gmt":"2021-03-09T08:08:35","slug":"mitgefuehl-fuer-den-teufel","status":"publish","type":"product","link":"https:\/\/www.editionkeiper.at\/shop\/produkt\/mitgefuehl-fuer-den-teufel\/","title":{"rendered":"Mitgef\u00fchl f\u00fcr den Teufel"},"content":{"rendered":"<h2>Mitgef\u00fchl f\u00fcr den Teufel<\/h2>\n<p>von<strong>\u00a0<strong> Astrid Schilcher<br \/>\n<\/strong><\/strong><\/p>\n<p>Wien der Gegenwart. Eine Liste mit drei Namen in der Hand des Teufels. Eine Nonne hofft, hinter Klosternmauern ihre innere Ruhe wiederzufinden. Ein betuchter Anwalt lechzt nach gesellschaftlicher Anerkennung und versucht, aus dem Schatten des verstorbenen Vaters herauszutreten. Ein Au\u00dfenseiter w\u00fcnscht sich nichts sehnlicher als Liebe und Respekt.<\/p>\n<p>Whitechapel 1888. Ein zur\u00fcckgezogener, unscheinbarer Mann wartet auf das Eingreifen Gottes gegen die ausufernde Unmoral.<\/p>\n<p>Sie alle werden in einem t\u00f6dlichen Reigen zur Schachfigur des B\u00f6sen. Doch der Teufel ist nur vordergr\u00fcndig an Seelenf\u00e4ngerei, Schuld und S\u00fchne interessiert. Seine wahren Motive stehen in einem weitaus gr\u00f6\u00dferen Kontext, hinter seinen Werken verbirgt sich ein tieferer Sinn, bis am Ende die Grenzen von Gut und B\u00f6se neu definiert werden.<\/p>\n<p><em><span style=\"font-size: 8pt;\">But what&#8217;s puzzling you<br \/>\n<\/span><\/em><em><span style=\"font-size: 8pt;\">Is the nature of my game.<\/span><\/em><\/p>\n<p>&nbsp;<\/p>\n<p><strong>ISBN13:<\/strong> 978-3-903144-62-0<\/p>\n<p><strong>Erscheinungsdatum:<\/strong>\u00a010.2018<\/p>\n<p><strong>Seiten:<\/strong> ca 120<\/p>\n<p><strong>Sprache:<\/strong>\u00a0Deutsch<\/p>\n<p><strong>Format:<\/strong>\u00a020,0 x 12,0 cm;\u00a0gebunden;\u00a0Broschur<\/p>\n<p><iframe loading=\"lazy\" title=\"Roman &quot;Mitgef\u00fchl f\u00fcr den Teufel&quot; von Astrid Schilcher. Verlag edition keiper \u2013 Gulasch-Daham-Lesung\" width=\"1170\" height=\"878\" src=\"https:\/\/www.youtube.com\/embed\/9W4fG4BveXg?feature=oembed\" frameborder=\"0\" allow=\"accelerometer; autoplay; clipboard-write; encrypted-media; gyroscope; picture-in-picture\" allowfullscreen><\/iframe><\/p>\n","protected":false},"excerpt":{"rendered":"<h2>Mitgef\u00fchl f\u00fcr den Teufel<\/h2>\n<p>Wien der Gegenwart. Eine Liste mit drei Namen in der Hand des Teufels. Eine Nonne hofft hinter Klosternmauern ihre innere Ruhe wiederzufinden. Ein betuchter Anwalt lechzt nach gesellschaftlicher Anerkennung und versucht aus dem Schatten des verstorbenen Vaters herauszutreten. Ein Au\u00dfenseiter w\u00fcnscht sich nichts sehnlicher als Liebe und Respekt. Whitechapel 1888. Ein zur\u00fcckgezogener, unscheinbarer Mann wartet auf das Eingreifen Gottes gegen die ausufernde Unmoral.<\/p>\n<p>\u201eMitgef\u00fchl f\u00fcr den Teufel\u201c beleuchtet die Frage nach Gut und B\u00f6se sowie den Anteil der Gesellschaft daran und stellt diesbez\u00fcgliche vorgefertigte Denkmuster auf den Kopf. Der Teufel treibt drei Menschen ins Verh\u00e4ngnis und in den Tod \u2013 und dennoch sehen wir ihn pl\u00f6tzlich in neuem Licht. Zeitkritische, provozierende, spannende Belletristik.<\/p>\n<p><strong>\u00a0<\/strong><\/p>\n","protected":false},"featured_media":3857,"comment_status":"closed","ping_status":"closed","template":"","meta":[],"etheme_brands":[],"product_brand":[],"product_cat":[3687],"product_tag":[336,356,577,2230,241,117,348,323,2179,218,589,209,917,2178,109],"yst_prominent_words":[],"class_list":{"0":"post-3840","1":"product","2":"type-product","3":"status-publish","4":"has-post-thumbnail","6":"product_cat-romane","7":"product_tag-belletristik","8":"product_tag-edition-keiper","9":"product_tag-erzaehlungen","10":"product_tag-frage-nach-gut-und-boese","11":"product_tag-graz","12":"product_tag-keiper","13":"product_tag-literatur","14":"product_tag-oesterreich","15":"product_tag-provozierende-belletristik-whitechapel-wien-graz-steiermark-gut-und-boese-edition-keiper-teufel-unmoral-licht-roman-verlag","16":"product_tag-roman","17":"product_tag-spannung","18":"product_tag-steiermark","19":"product_tag-tod","20":"product_tag-tod-seelenfaengerei-spannung-jack-the-ripper-zeitkritische","21":"product_tag-www-editionkeiper-at","23":"first","24":"instock","25":"shipping-taxable","26":"purchasable","27":"product-type-simple"},"_links":{"self":[{"href":"https:\/\/www.editionkeiper.at\/shop\/wp-json\/wp\/v2\/product\/3840","targetHints":{"allow":["GET"]}}],"collection":[{"href":"https:\/\/www.editionkeiper.at\/shop\/wp-json\/wp\/v2\/product"}],"about":[{"href":"https:\/\/www.editionkeiper.at\/shop\/wp-json\/wp\/v2\/types\/product"}],"replies":[{"embeddable":true,"href":"https:\/\/www.editionkeiper.at\/shop\/wp-json\/wp\/v2\/comments?post=3840"}],"wp:featuredmedia":[{"embeddable":true,"href":"https:\/\/www.editionkeiper.at\/shop\/wp-json\/wp\/v2\/media\/3857"}],"wp:attachment":[{"href":"https:\/\/www.editionkeiper.at\/shop\/wp-json\/wp\/v2\/media?parent=3840"}],"wp:term":[{"taxonomy":"brand","embeddable":true,"href":"https:\/\/www.editionkeiper.at\/shop\/wp-json\/wp\/v2\/etheme_brands?post=3840"},{"taxonomy":"product_brand","embeddable":true,"href":"https:\/\/www.editionkeiper.at\/shop\/wp-json\/wp\/v2\/product_brand?post=3840"},{"taxonomy":"product_cat","embeddable":true,"href":"https:\/\/www.editionkeiper.at\/shop\/wp-json\/wp\/v2\/product_cat?post=3840"},{"taxonomy":"product_tag","embeddable":true,"href":"https:\/\/www.editionkeiper.at\/shop\/wp-json\/wp\/v2\/product_tag?post=3840"},{"taxonomy":"yst_prominent_words","embeddable":true,"href":"https:\/\/www.editionkeiper.at\/shop\/wp-json\/wp\/v2\/yst_prominent_words?post=3840"}],"curies":[{"name":"wp","href":"https:\/\/api.w.org\/{rel}","templated":true}]}}