{"id":3838,"date":"2018-06-01T10:40:39","date_gmt":"2018-06-01T08:40:39","guid":{"rendered":"https:\/\/www.editionkeiper.at\/shop\/produkt\/moll\/"},"modified":"2021-03-09T09:09:03","modified_gmt":"2021-03-09T08:09:03","slug":"moll","status":"publish","type":"product","link":"https:\/\/www.editionkeiper.at\/shop\/produkt\/moll\/","title":{"rendered":"Moll"},"content":{"rendered":"<h2>Moll<\/h2>\n<p>von<strong> <strong><a href=\"https:\/\/www.editionkeiper.at\/shop\/hiebel-hans-helmut\/\">Hans H. Hiebel<\/a><br \/>\n<\/strong><\/strong><\/p>\n<p>Der Held des Romans, Sebastian Moll, wird mit einer sich christlich gebenden, aber barbarisch handelnden Umwelt konfrontiert. Wie im Picaro-Roman f\u00fchrt der Text von Episode zu Episode; in ihm wiederholt sich das Muster: Neubeginn-Missgeschick, Neuanstellung-Entlassung. Zuletzt ist Moll als Pfleger in einer Irrenanstalt t\u00e4tig; wegen K\u00f6rperverletzung kommt er ins Gef\u00e4ngnis. Die absteigende Linie, durch Beckett inspiriert, endet im Armenhaus. Soll Moll seine Odyssee fortsetzen? In das Ganze eingeflochten sind Anspielungen auf Samuel Beckett und Franz Kafka, Thomas Bernhard, Gottfried Keller und andere. Das ergibt ein Gewebe, das man als postmodernes Pasticcio bezeichnen k\u00f6nnte. Die Leser und Leserinnen m\u00fcssen jedoch diese Anspielungen nicht realisieren, sie k\u00f6nnen den Text schlicht als Geschichte lesen. Eher parabolisch und grotesk als realistisch sind Orte, Ereignisse und Katastrophen gezeichnet. Das hei\u00dft aber nicht, dass nicht zahllose Realit\u00e4tspartikel in die frei erfundene Erz\u00e4hlung Eingang gefunden haben. Amor und Eros spielen indes in Molls Privatleben eine nicht unbetr\u00e4chtliche Rolle. Moll flieht vor der Realit\u00e4t in Verliebtheiten und erotische Abenteuer.<\/p>\n<p>&nbsp;<\/p>\n<p><strong>ISBN13:<\/strong> 978-3-903144-66-8<\/p>\n<p><strong>Erscheinungsdatum:<\/strong>\u00a010.2018<\/p>\n<p><strong>Seiten:<\/strong> ca 184<\/p>\n<p><strong>Sprache:<\/strong>\u00a0Deutsch<\/p>\n<p><strong>Format:<\/strong>\u00a020,0 x 12,0 cm;\u00a0gebunden;\u00a0Hardcover<\/p>\n","protected":false},"excerpt":{"rendered":"<h2>Moll<\/h2>\n<p>Der Held des Romans, Sebastian Moll, wird mit einer sich christlich gebenden, aber barbarisch handelnden Umwelt konfrontiert. Wie im Picaro-Roman f\u00fchrt der Text von Episode zu Episode; in ihm wiederholt sich das Muster: Neubeginn-Missgeschick, Neuanstellung-Entlassung. Zuletzt ist Moll als Pfleger in einer Irrenanstalt t\u00e4tig; wegen K\u00f6rperverletzung kommt er ins Gef\u00e4ngnis. Die absteigende Linie, durch Beckett inspiriert, endet im Armenhaus. Soll Moll seine Odyssee fortsetzen?<\/p>\n<p><strong>\u00a0<\/strong><\/p>\n","protected":false},"featured_media":3850,"comment_status":"closed","ping_status":"closed","template":"","meta":[],"etheme_brands":[],"product_brand":[],"product_cat":[3692],"product_tag":[336,2217,356,672,241,2218,338,117,2219,348,2216,323,218,2220,209,673,121,109],"yst_prominent_words":[],"class_list":{"0":"post-3838","1":"product","2":"type-product","3":"status-publish","4":"has-post-thumbnail","6":"product_cat-entwicklungsromane","7":"product_tag-belletristik","8":"product_tag-der-mensch","9":"product_tag-edition-keiper","10":"product_tag-gelbes-gelaechter","11":"product_tag-graz","12":"product_tag-hans-h-hiebel","13":"product_tag-jesus","14":"product_tag-keiper","15":"product_tag-lesevergnuegen","16":"product_tag-literatur","17":"product_tag-nanu","18":"product_tag-oesterreich","19":"product_tag-roman","20":"product_tag-spagat-quer-durch-die-literaturgeschichte","21":"product_tag-steiermark","22":"product_tag-und-keine-wiederkehr","23":"product_tag-verlag","24":"product_tag-www-editionkeiper-at","26":"first","27":"instock","28":"shipping-taxable","29":"purchasable","30":"product-type-simple"},"_links":{"self":[{"href":"https:\/\/www.editionkeiper.at\/shop\/wp-json\/wp\/v2\/product\/3838","targetHints":{"allow":["GET"]}}],"collection":[{"href":"https:\/\/www.editionkeiper.at\/shop\/wp-json\/wp\/v2\/product"}],"about":[{"href":"https:\/\/www.editionkeiper.at\/shop\/wp-json\/wp\/v2\/types\/product"}],"replies":[{"embeddable":true,"href":"https:\/\/www.editionkeiper.at\/shop\/wp-json\/wp\/v2\/comments?post=3838"}],"wp:featuredmedia":[{"embeddable":true,"href":"https:\/\/www.editionkeiper.at\/shop\/wp-json\/wp\/v2\/media\/3850"}],"wp:attachment":[{"href":"https:\/\/www.editionkeiper.at\/shop\/wp-json\/wp\/v2\/media?parent=3838"}],"wp:term":[{"taxonomy":"brand","embeddable":true,"href":"https:\/\/www.editionkeiper.at\/shop\/wp-json\/wp\/v2\/etheme_brands?post=3838"},{"taxonomy":"product_brand","embeddable":true,"href":"https:\/\/www.editionkeiper.at\/shop\/wp-json\/wp\/v2\/product_brand?post=3838"},{"taxonomy":"product_cat","embeddable":true,"href":"https:\/\/www.editionkeiper.at\/shop\/wp-json\/wp\/v2\/product_cat?post=3838"},{"taxonomy":"product_tag","embeddable":true,"href":"https:\/\/www.editionkeiper.at\/shop\/wp-json\/wp\/v2\/product_tag?post=3838"},{"taxonomy":"yst_prominent_words","embeddable":true,"href":"https:\/\/www.editionkeiper.at\/shop\/wp-json\/wp\/v2\/yst_prominent_words?post=3838"}],"curies":[{"name":"wp","href":"https:\/\/api.w.org\/{rel}","templated":true}]}}