{"id":3836,"date":"2018-06-01T10:40:39","date_gmt":"2018-06-01T08:40:39","guid":{"rendered":"https:\/\/www.editionkeiper.at\/shop\/produkt\/wendel\/"},"modified":"2021-03-09T09:03:45","modified_gmt":"2021-03-09T08:03:45","slug":"wendel","status":"publish","type":"product","link":"https:\/\/www.editionkeiper.at\/shop\/produkt\/wendel\/","title":{"rendered":"Wendel"},"content":{"rendered":"<h2>Wendel<\/h2>\n<p>von<strong>\u00a0<a href=\"https:\/\/www.editionkeiper.at\/shop\/grossegger-gertrude-maria\/\">Gertrude Maria <\/a><strong>Grossegger<br \/>\n<\/strong><\/strong><\/p>\n<p>Was bewegt einen Menschen, was treibt ihn an, etwas zu tun, was ihn an den Rand seiner Existenz bringen und aus der Bahn werfen kann, noch dazu einen, der das Geordnete und \u00dcberschaubare als Lebensprinzip hochh\u00e4lt? Der Protagonist des Romans, ein Wissenschaftler, nimmt sich vor, sein Kindheitstrauma aufzugreifen, das Belastende aus dem Unterbewusstsein zu holen, ihm die Macht zu nehmen, indem er es zu bearbeiten versucht, damit er Herr seiner Lage und nicht mehr von verdr\u00e4ngten M\u00e4chten heimgesucht wird, die ihm nachts den Schlaf rauben. Er startet im Labor hinter seinem Labor einen geheimen Versuch, den er mit einem offiziellen Projekt tarnt. Nach au\u00dfen hin widmet er all seine Kraft diesem vordergr\u00fcndigen Projekt und forscht aber eigentlich an etwas, das das Kindheitsgel\u00fcbde, einen geheimen Widersacher zu bezwingen, zum Thema hat. Auf dem Weg zu seinem Geheimlabor muss der Protagonist immer von der offiziellen Arbeitsstelle in den Ort des Verborgenen gehen, er muss k\u00f6rperlich und geistig aus dem vorderen Raum verschwinden und in den hinteren Raum eintauchen, wo er sich seinem geheimen Auftrag widmet. Schrittweise n\u00e4hert er sich dabei seinem Innersten, ebenso schrittweise entfernt er sich vom Vordergr\u00fcndigen, um durch dieses Weggehen seiner eigentlichen Bestimmung auf die Spur zu kommen. Er lebt best\u00e4ndig im Wechsel zwischen Eintauchen und Auftauchen, kommt allm\u00e4hlich seinem Ziel St\u00fcck f\u00fcr St\u00fcck n\u00e4her. Knapp vor Vollendung seines Auftrags wird der Protagonist unverhofft mit dem bislang Geheimgehaltenen konfrontiert \u2026<\/p>\n<p>&nbsp;<\/p>\n<p><strong>ISBN13:<\/strong> 978-3-903144-67-5<\/p>\n<p><strong>Erscheinungsdatum:<\/strong>\u00a010.2018<\/p>\n<p><strong>Seiten:<\/strong> 140<\/p>\n<p><strong>Sprache:<\/strong>\u00a0Deutsch<\/p>\n<p><strong>Format:<\/strong> 20,0 x 12,0 cm; Hardcover<\/p>\n","protected":false},"excerpt":{"rendered":"<p>Was bewegt einen Menschen, was treibt ihn an, etwas zu tun, was ihn an den Rand seiner Existenz bringen und aus der Bahn werfen kann, noch dazu einen, der das Geordnete und \u00dcberschaubare als Lebensprinzip hochh\u00e4lt? Der Protagonist des Romans, ein Wissenschaftler, nimmt sich vor, sein Kindheitstrauma aufzugreifen, das Belastende aus dem Unterbewusstsein zu holen, ihm die Macht zu nehmen, indem er es zu bearbeiten versucht, damit er Herr seiner Lage und nicht mehr von verdr\u00e4ngten M\u00e4chten heimgesucht wird, die ihm nachts den Schlaf rauben. Er startet im Labor hinter seinem Labor einen geheimen Versuch, den er mit einem offiziellen Projekt tarnt.<\/p>\n<p><strong>\u00a0<\/strong><\/p>\n","protected":false},"featured_media":4153,"comment_status":"open","ping_status":"closed","template":"","meta":[],"etheme_brands":[],"product_brand":[],"product_cat":[3688,3701],"product_tag":[336,356,241,2204,117,348,668,323,209,121,109],"yst_prominent_words":[],"class_list":{"0":"post-3836","1":"product","2":"type-product","3":"status-publish","4":"has-post-thumbnail","6":"product_cat-familienromane","7":"product_cat-fiktion","8":"product_tag-belletristik","9":"product_tag-edition-keiper","10":"product_tag-graz","11":"product_tag-hier-ausser-mir-keiper-lyrik-6","12":"product_tag-keiper","13":"product_tag-literatur","14":"product_tag-neuerscheinung","15":"product_tag-oesterreich","16":"product_tag-steiermark","17":"product_tag-verlag","18":"product_tag-www-editionkeiper-at","20":"first","21":"instock","22":"shipping-taxable","23":"purchasable","24":"product-type-simple"},"_links":{"self":[{"href":"https:\/\/www.editionkeiper.at\/shop\/wp-json\/wp\/v2\/product\/3836","targetHints":{"allow":["GET"]}}],"collection":[{"href":"https:\/\/www.editionkeiper.at\/shop\/wp-json\/wp\/v2\/product"}],"about":[{"href":"https:\/\/www.editionkeiper.at\/shop\/wp-json\/wp\/v2\/types\/product"}],"replies":[{"embeddable":true,"href":"https:\/\/www.editionkeiper.at\/shop\/wp-json\/wp\/v2\/comments?post=3836"}],"wp:featuredmedia":[{"embeddable":true,"href":"https:\/\/www.editionkeiper.at\/shop\/wp-json\/wp\/v2\/media\/4153"}],"wp:attachment":[{"href":"https:\/\/www.editionkeiper.at\/shop\/wp-json\/wp\/v2\/media?parent=3836"}],"wp:term":[{"taxonomy":"brand","embeddable":true,"href":"https:\/\/www.editionkeiper.at\/shop\/wp-json\/wp\/v2\/etheme_brands?post=3836"},{"taxonomy":"product_brand","embeddable":true,"href":"https:\/\/www.editionkeiper.at\/shop\/wp-json\/wp\/v2\/product_brand?post=3836"},{"taxonomy":"product_cat","embeddable":true,"href":"https:\/\/www.editionkeiper.at\/shop\/wp-json\/wp\/v2\/product_cat?post=3836"},{"taxonomy":"product_tag","embeddable":true,"href":"https:\/\/www.editionkeiper.at\/shop\/wp-json\/wp\/v2\/product_tag?post=3836"},{"taxonomy":"yst_prominent_words","embeddable":true,"href":"https:\/\/www.editionkeiper.at\/shop\/wp-json\/wp\/v2\/yst_prominent_words?post=3836"}],"curies":[{"name":"wp","href":"https:\/\/api.w.org\/{rel}","templated":true}]}}