{"id":3446,"date":"2018-03-15T12:04:08","date_gmt":"2018-03-15T11:04:08","guid":{"rendered":"https:\/\/www.editionkeiper.at\/shop\/?post_type=product&#038;p=3446"},"modified":"2021-03-08T22:26:51","modified_gmt":"2021-03-08T21:26:51","slug":"die-mitte-bin-ich-die-philosophie-des-bogenschiessens","status":"publish","type":"product","link":"https:\/\/www.editionkeiper.at\/shop\/produkt\/die-mitte-bin-ich-die-philosophie-des-bogenschiessens\/","title":{"rendered":"Die Mitte bin ich. Die Philosophie des Bogenschie\u00dfens."},"content":{"rendered":"<h2>Die Mitte bin ich. Die Philosophie des Bogenschie\u00dfens.<\/h2>\n<p>von <strong><a href=\"https:\/\/www.editionkeiper.at\/shop\/binder-p-heinz\/\">Heinz P. Binder<\/a><br \/>\n<\/strong><\/p>\n<p>Beim therapiegest\u00fctzten meditativen Bogenschie\u00dfen (TMB) geht es darum, sich selbst mit allen Sinnen zu erleben und einen guten Umgang mit sich selbst zu finden. Ein\u00a0wesentliches Ziel von TMB ist die Verbesserung unseres Wohlbefindens. Alles, was wir brauchen, um zu diesem Ziel zu kommen, ist das Refugium Wald &#8230;<\/p>\n<p>Eine Haupt\u00fcbung beim therapiegest\u00fctzten, meditativen Bogenschie\u00dfen ist das Erfahren und Wahrnehmen der Mitte. Die, wenn sie kultiviert ist, zu einem Ort der Ruhe und Stille, der Inspiration, Kreation und Kraft wird. Aus ihr heraus erlangt der Mensch Ausgeglichenheit, Zuversicht, Lebensbejahung, innere St\u00e4rke und eine frohe, positive Lebenseinstellung.<\/p>\n<p>&nbsp;<\/p>\n<p><strong>Preis:<\/strong> AT \u20ac 18,00 \/ DE \u20ac 17,51<\/p>\n<p><strong>Seiten:<\/strong>\u00a0ca 120, mit Farbfototeil<\/p>\n<p><strong>ISBN13:<\/strong>\u00a0978-3-903144-55-2<\/p>\n<p><strong>Sprache:<\/strong>\u00a0Deutsch<\/p>\n<p><strong>Format:<\/strong> 12,0 x 20,0; gebunden<\/p>\n","protected":false},"excerpt":{"rendered":"<p>Beim therapiegest\u00fctzten meditativen Bogenschie\u00dfen (TMB) geht es darum, sich selbst mit allen Sinnen zu erleben und einen guten Umgang mit sich selbst zu finden. Die Kunst ist nicht, die Mitte zu treffen, sondern in sich die Mitte zu finden und mittig zu werden. Ein\u00a0wesentliches Ziel von TMB ist die Verbesserung unseres Wohlbefindens. Alles, was wir brauchen, um zu diesem Ziel zu kommen, ist das Refugium Wald &#8230;<\/p>\n<p><strong>\u00a0<\/strong><\/p>\n","protected":false},"featured_media":4133,"comment_status":"open","ping_status":"closed","template":"","meta":[],"etheme_brands":[],"product_brand":[],"product_cat":[1398],"product_tag":[2129,2128,2124,2115,2117,2123,356,2127,241,2114,117,2126,385,2120,2122,2113,668,2116,1143,2118,2125,209,359,2121,121,109,2119],"yst_prominent_words":[3177],"class_list":{"0":"post-3446","1":"product","2":"type-product","3":"status-publish","4":"has-post-thumbnail","6":"product_cat-ratgeber","7":"product_tag-asien","8":"product_tag-ausbildungskonzept","9":"product_tag-bau-bogenbauschule-nepal","10":"product_tag-bogen","11":"product_tag-bogenbau","12":"product_tag-bogenschiessen","13":"product_tag-edition-keiper","14":"product_tag-fachbuch","15":"product_tag-graz","16":"product_tag-innere-ruhe","17":"product_tag-keiper","18":"product_tag-kirati","19":"product_tag-kraft","20":"product_tag-meditation","21":"product_tag-meditativ","22":"product_tag-mitte","23":"product_tag-neuerscheinung","24":"product_tag-pfeil","25":"product_tag-sachbuch","26":"product_tag-seminar","27":"product_tag-sozialberatung","28":"product_tag-steiermark","29":"product_tag-therapie","30":"product_tag-therapiegestuetzt","31":"product_tag-verlag","32":"product_tag-www-editionkeiper-at","33":"product_tag-www-heinzbinder-com","35":"first","36":"instock","37":"shipping-taxable","38":"purchasable","39":"product-type-simple"},"_links":{"self":[{"href":"https:\/\/www.editionkeiper.at\/shop\/wp-json\/wp\/v2\/product\/3446","targetHints":{"allow":["GET"]}}],"collection":[{"href":"https:\/\/www.editionkeiper.at\/shop\/wp-json\/wp\/v2\/product"}],"about":[{"href":"https:\/\/www.editionkeiper.at\/shop\/wp-json\/wp\/v2\/types\/product"}],"replies":[{"embeddable":true,"href":"https:\/\/www.editionkeiper.at\/shop\/wp-json\/wp\/v2\/comments?post=3446"}],"wp:featuredmedia":[{"embeddable":true,"href":"https:\/\/www.editionkeiper.at\/shop\/wp-json\/wp\/v2\/media\/4133"}],"wp:attachment":[{"href":"https:\/\/www.editionkeiper.at\/shop\/wp-json\/wp\/v2\/media?parent=3446"}],"wp:term":[{"taxonomy":"brand","embeddable":true,"href":"https:\/\/www.editionkeiper.at\/shop\/wp-json\/wp\/v2\/etheme_brands?post=3446"},{"taxonomy":"product_brand","embeddable":true,"href":"https:\/\/www.editionkeiper.at\/shop\/wp-json\/wp\/v2\/product_brand?post=3446"},{"taxonomy":"product_cat","embeddable":true,"href":"https:\/\/www.editionkeiper.at\/shop\/wp-json\/wp\/v2\/product_cat?post=3446"},{"taxonomy":"product_tag","embeddable":true,"href":"https:\/\/www.editionkeiper.at\/shop\/wp-json\/wp\/v2\/product_tag?post=3446"},{"taxonomy":"yst_prominent_words","embeddable":true,"href":"https:\/\/www.editionkeiper.at\/shop\/wp-json\/wp\/v2\/yst_prominent_words?post=3446"}],"curies":[{"name":"wp","href":"https:\/\/api.w.org\/{rel}","templated":true}]}}