{"id":3277,"date":"2018-01-16T16:21:41","date_gmt":"2018-01-16T15:21:41","guid":{"rendered":"https:\/\/www.editionkeiper.at\/shop\/produkt\/mit-allen-sinnen\/"},"modified":"2021-03-08T22:22:11","modified_gmt":"2021-03-08T21:22:11","slug":"mit-allen-sinnen","status":"publish","type":"product","link":"https:\/\/www.editionkeiper.at\/shop\/produkt\/mit-allen-sinnen\/","title":{"rendered":"Mit allen Sinnen"},"content":{"rendered":"<h2>Mit allen Sinnen<\/h2>\n<p><strong>Literarische Begegnungen<\/strong><\/p>\n<p>von <strong><a href=\"https:\/\/www.editionkeiper.at\/shop\/ganglbauer-petra\/\">Petra Ganglbauer<\/a><br \/>\n<\/strong><\/p>\n<p>Mit allen Sinnen dokumentiert Petra Ganglbauer ihre Hinwendung zu einer Stadt, die ihre Geburtsstadt ist, die sie vor 30 Jahren verlie\u00df und zu der sie ein gespaltenes Verh\u00e4ltnis hat: GRAZ. Mittels verschiedener \u008bAnl\u00e4ufe versucht sie, das Damals (als sie noch in dieser Stadt lebte) und das Heute zu spiegeln: Sie w\u00e4hlt Orte aus, die sie mit Erinnerungen verbindet und beobachtet, wie diese Orte heute auf sie wirken. Sie erzeugt Bilder von Graz. Sie l\u00f6scht die Bilder wieder. Sie versucht zu erkunden, wie Graz riecht, wie es spricht, wie es klingt und wie es schmeckt! Doch Graz entzieht sich in dem Ma\u00dfe, in dem sie es festzumachen sucht. Diese Versuche der Ann\u00e4herung spiegeln sich auch im Text. Form und Stil \u00e4ndern sich je nachdem, ob die Stadt eine Beziehung zul\u00e4sst bzw. sich ihr widersetzt.<\/p>\n<p>&nbsp;<\/p>\n<p><strong>Preis:<\/strong> AT \u20ac 18,00 \/ DE \u20ac 17,51<\/p>\n<p><strong>Seiten:<\/strong>\u00a0ca. 100<\/p>\n<p><strong>ISBN13:<\/strong>\u00a0978-3-903144-46-0<\/p>\n<p><strong>Erscheinungsdatum:<\/strong>\u00a010.05.2018<\/p>\n<p><strong>Sprache:<\/strong>\u00a0Deutsch<\/p>\n<p><strong>Format:<\/strong>\u00a020,0 x 12,0 cm; Hardcover<\/p>\n","protected":false},"excerpt":{"rendered":"<p><strong>Literarische Begegnungen<\/strong><\/p>\n<p>Mit allen Sinnen dokumentiert Petra Ganglbauer ihre Hinwendung zu einer Stadt, die ihre Geburtsstadt ist, die sie vor 30 Jahren verlie\u00df und zu der sie ein gespaltenes Verh\u00e4ltnis hat: GRAZ. Mittels verschiedener \u008bAnl\u00e4ufe versucht sie, das Damals (als sie noch in dieser Stadt lebte) und das Heute zu spiegeln:<\/p>\n","protected":false},"featured_media":3307,"comment_status":"open","ping_status":"closed","template":"","meta":[],"etheme_brands":[],"product_brand":[],"product_cat":[3684],"product_tag":[2038,2036,2035,241,2037,2034,2031,2032,2033],"yst_prominent_words":[3185,3222,3228],"class_list":{"0":"post-3277","1":"product","2":"type-product","3":"status-publish","4":"has-post-thumbnail","6":"product_cat-kurztexte","7":"product_tag-beruehrend","8":"product_tag-eigenes-ich","9":"product_tag-emotionale-begegnung","10":"product_tag-graz","11":"product_tag-kritisch","12":"product_tag-orte","13":"product_tag-poesie","14":"product_tag-sinne","15":"product_tag-verhaeltnis","17":"first","18":"instock","19":"shipping-taxable","20":"purchasable","21":"product-type-simple"},"_links":{"self":[{"href":"https:\/\/www.editionkeiper.at\/shop\/wp-json\/wp\/v2\/product\/3277","targetHints":{"allow":["GET"]}}],"collection":[{"href":"https:\/\/www.editionkeiper.at\/shop\/wp-json\/wp\/v2\/product"}],"about":[{"href":"https:\/\/www.editionkeiper.at\/shop\/wp-json\/wp\/v2\/types\/product"}],"replies":[{"embeddable":true,"href":"https:\/\/www.editionkeiper.at\/shop\/wp-json\/wp\/v2\/comments?post=3277"}],"wp:featuredmedia":[{"embeddable":true,"href":"https:\/\/www.editionkeiper.at\/shop\/wp-json\/wp\/v2\/media\/3307"}],"wp:attachment":[{"href":"https:\/\/www.editionkeiper.at\/shop\/wp-json\/wp\/v2\/media?parent=3277"}],"wp:term":[{"taxonomy":"brand","embeddable":true,"href":"https:\/\/www.editionkeiper.at\/shop\/wp-json\/wp\/v2\/etheme_brands?post=3277"},{"taxonomy":"product_brand","embeddable":true,"href":"https:\/\/www.editionkeiper.at\/shop\/wp-json\/wp\/v2\/product_brand?post=3277"},{"taxonomy":"product_cat","embeddable":true,"href":"https:\/\/www.editionkeiper.at\/shop\/wp-json\/wp\/v2\/product_cat?post=3277"},{"taxonomy":"product_tag","embeddable":true,"href":"https:\/\/www.editionkeiper.at\/shop\/wp-json\/wp\/v2\/product_tag?post=3277"},{"taxonomy":"yst_prominent_words","embeddable":true,"href":"https:\/\/www.editionkeiper.at\/shop\/wp-json\/wp\/v2\/yst_prominent_words?post=3277"}],"curies":[{"name":"wp","href":"https:\/\/api.w.org\/{rel}","templated":true}]}}