{"id":2073,"date":"2015-09-01T15:47:42","date_gmt":"2015-09-01T13:47:42","guid":{"rendered":"https:\/\/www.editionkeiper.at\/shop\/?post_type=product&#038;p=2073"},"modified":"2021-03-09T12:45:39","modified_gmt":"2021-03-09T11:45:39","slug":"anna-und-der-wulian","status":"publish","type":"product","link":"https:\/\/www.editionkeiper.at\/shop\/produkt\/anna-und-der-wulian\/","title":{"rendered":"Anna und der Wulian"},"content":{"rendered":"<h2>Anna und der Wulian<\/h2>\n<p>von <a href=\"https:\/\/www.editionkeiper.at\/shop\/reyer-sophie\/\">Sophie Reyer<\/a><\/p>\n<p>Sophie Reyers bemerkenswertes Deb\u00fct als Kinderbuch-Autorin und Illustratorin! Wulian und Anna sind ein besonderes Team. Denn beide geh\u00f6ren nirgendwo so richtig hin. Wulian ist weder ein Hase noch ein Drache, und Anna hat nur eine Mama und haupts\u00e4chlich Angst.\u2028 Vom Beginn der Zeit an ist Wulian f\u00fcr den Wechsel von Tag und Nacht zust\u00e4ndig gewesen, doch nun kann er wegen eines Rachenleidens abends die Sterne nicht mehr schlucken. Deshalb hat eine Drachenkollegin ihn verdr\u00e4ngt und diese wichtige Aufgabe \u00fcbernommen. Anna beschlie\u00dft, Wulian zu helfen und begibt sich mit ihm auf die Suche nach einem heilenden Kr\u00e4utlein.\u2028 Mit Hilfe der Paks, des Ur, der Glasschidildkr\u00f6te und der Elfenfanten k\u00e4mpft Anna sich tapfer durch Wulians fabelhafte Welt und vergisst dabei zusehends ihre Angst. Und Wulian gelingt es, seine gro\u00dfe Liebe f\u00fcr sich zu gewinnen.<\/p>\n<p><strong>Preis:<\/strong> AT \u20ac 16,50 \/ DE \u20ac 16.05<\/p>\n<p><strong>Seiten:<\/strong> 34<\/p>\n<p><strong>ISBN13:<\/strong>\u00a0978-3-902901-82-8<\/p>\n<p><strong>Erscheinungsdatum:<\/strong> 01.09.2015<\/p>\n<p><strong>Sprache:<\/strong>\u00a0Deutsch<\/p>\n<p><strong>Format:<\/strong> 18,5 x 18,5 cm; fester Einband (Hardcover)<\/p>\n","protected":false},"excerpt":{"rendered":"<h2><\/h2>\n<p>Sophie Reyers bemerkenswertes Deb\u00fct als Kinderbuch-Autorin und Illustratorin! Wulian und Anna sind ein besonderes Team. Denn beide geh\u00f6ren nirgendwo so richtig hin. Wulian ist weder ein Hase noch ein Drache, und Anna hat nur eine Mama und haupts\u00e4chlich Angst.\u2028 Vom Beginn der Zeit an ist Wulian f\u00fcr den Wechsel von Tag und Nacht zust\u00e4ndig gewesen, doch nun kann er wegen eines Rachenleidens abends die Sterne nicht mehr schlucken.<\/p>\n","protected":false},"featured_media":1540,"comment_status":"closed","ping_status":"closed","template":"","meta":[],"etheme_brands":[],"product_brand":[],"product_cat":[1396],"product_tag":[356,117,148,348,323,238,121,724,109],"yst_prominent_words":[3223],"class_list":{"0":"post-2073","1":"product","2":"type-product","3":"status-publish","4":"has-post-thumbnail","6":"product_cat-kinderbuch","7":"product_tag-edition-keiper","8":"product_tag-keiper","9":"product_tag-kinderbuch","10":"product_tag-literatur","11":"product_tag-oesterreich","12":"product_tag-reyer","13":"product_tag-verlag","14":"product_tag-vorlesebuch","15":"product_tag-www-editionkeiper-at","17":"first","18":"instock","19":"shipping-taxable","20":"purchasable","21":"product-type-simple"},"_links":{"self":[{"href":"https:\/\/www.editionkeiper.at\/shop\/wp-json\/wp\/v2\/product\/2073","targetHints":{"allow":["GET"]}}],"collection":[{"href":"https:\/\/www.editionkeiper.at\/shop\/wp-json\/wp\/v2\/product"}],"about":[{"href":"https:\/\/www.editionkeiper.at\/shop\/wp-json\/wp\/v2\/types\/product"}],"replies":[{"embeddable":true,"href":"https:\/\/www.editionkeiper.at\/shop\/wp-json\/wp\/v2\/comments?post=2073"}],"wp:featuredmedia":[{"embeddable":true,"href":"https:\/\/www.editionkeiper.at\/shop\/wp-json\/wp\/v2\/media\/1540"}],"wp:attachment":[{"href":"https:\/\/www.editionkeiper.at\/shop\/wp-json\/wp\/v2\/media?parent=2073"}],"wp:term":[{"taxonomy":"brand","embeddable":true,"href":"https:\/\/www.editionkeiper.at\/shop\/wp-json\/wp\/v2\/etheme_brands?post=2073"},{"taxonomy":"product_brand","embeddable":true,"href":"https:\/\/www.editionkeiper.at\/shop\/wp-json\/wp\/v2\/product_brand?post=2073"},{"taxonomy":"product_cat","embeddable":true,"href":"https:\/\/www.editionkeiper.at\/shop\/wp-json\/wp\/v2\/product_cat?post=2073"},{"taxonomy":"product_tag","embeddable":true,"href":"https:\/\/www.editionkeiper.at\/shop\/wp-json\/wp\/v2\/product_tag?post=2073"},{"taxonomy":"yst_prominent_words","embeddable":true,"href":"https:\/\/www.editionkeiper.at\/shop\/wp-json\/wp\/v2\/yst_prominent_words?post=2073"}],"curies":[{"name":"wp","href":"https:\/\/api.w.org\/{rel}","templated":true}]}}