{"id":16475,"date":"2026-05-08T14:08:04","date_gmt":"2026-05-08T12:08:04","guid":{"rendered":"https:\/\/www.editionkeiper.at\/shop\/?post_type=product&#038;p=16475"},"modified":"2026-05-12T12:13:17","modified_gmt":"2026-05-12T10:13:17","slug":"gendarmenmorde-in-der-steiermark-seit-1880","status":"publish","type":"product","link":"https:\/\/www.editionkeiper.at\/shop\/produkt\/gendarmenmorde-in-der-steiermark-seit-1880\/","title":{"rendered":"Gendarmenmorde in der Steiermark seit 1880"},"content":{"rendered":"<h2><strong>Gendarmenmorde in der Steiermark seit 1880<\/strong><\/h2>\n<p><strong>Sachbuch von <a href=\"https:\/\/www.editionkeiper.at\/shop\/breitegger-hans\/\"><span style=\"color: #993366;\">Hans Breitegger<\/span><\/a><\/strong><\/p>\n<p data-start=\"507\" data-end=\"803\">Seit ihrer Gr\u00fcndung im Jahr 1849 pr\u00e4gte die Gendarmerie \u00fcber mehr als 150 Jahre das Sicherheitswesen in der Steiermark. Ihre Beamten sorgten f\u00fcr Recht und Ordnung \u2013 oft unter schwierigen, gef\u00e4hrlichen und politisch angespannten Bedingungen. Manche von ihnen bezahlten diesen Dienst mit dem Leben.<\/p>\n<p data-start=\"805\" data-end=\"1101\">Hans Breitegger widmet sich in diesem Sachbuch 25 Mordf\u00e4llen an Gendarmen in der Steiermark. Er rekonstruiert reale Verbrechen aus der Zeit der Monarchie, der Zwischenkriegszeit, des Nationalsozialismus, der Nachkriegsjahre und der Zweiten Republik bis zur Aufl\u00f6sung der Gendarmerie im Jahr 2005.<\/p>\n<p data-start=\"1103\" data-end=\"1419\">Die Motive der T\u00e4ter reichen von Eifersucht, Raub und Wilderei bis zu politischem Hass, die Morde sind pers\u00f6nlichen Feindschaften genauso geschuldet wie der Gesetzlosigkeit in Grenz- und Krisenzeiten. Besonders im steirisch-slowenischen Grenzgebiet \u2013 v.a. in den Jahren w\u00e4hrend und nach dem Zweiten Weltkrieg \u2013 treten viele Schaupl\u00e4tze brutaler Gewalt hervor.<\/p>\n<p data-start=\"1421\" data-end=\"1670\">Detailreich und packend erz\u00e4hlt, entsteht ein beklemmendes Panorama von Pflicht, Gefahr und menschlichen Abgr\u00fcnden. Zugleich ist dieses Buch eine Erinnerung an jene Gendarmen, die im Einsatz ums Leben kamen und nicht in Vergessenheit geraten sollen.<\/p>\n<p><strong>Preis:<\/strong> AT \u20ac 21,00 \/ DE \u20ac 20,43<br \/>\n<strong>Seiten:<\/strong> 152<br \/>\n<strong>ISBN13:<\/strong> 978-3-903575-93-6<br \/>\n<strong>Erscheinungsdatum:<\/strong> 1. Oktober 2026<br \/>\n<strong>Sprache:<\/strong>\u00a0Deutsch<br \/>\n<strong>Format:<\/strong> 13 x 20 cm; Broschur<\/p>\n","protected":false},"excerpt":{"rendered":"<p>Hans Breitegger rekonstruiert 25 Mordf\u00e4lle an steirischen Gendarmen zwischen 1880 und 2005. Ein ersch\u00fctterndes Sachbuch \u00fcber Pflicht, Gewalt, Grenzr\u00e4ume, Kriegsfolgen und die dunklen Kapitel der steirischen Gendarmeriegeschichte.<\/p>\n<ul>\n<li data-start=\"69\" data-end=\"105\">Wenn Ordnungsh\u00fcter zu Opfern werden.<\/li>\n<li data-start=\"107\" data-end=\"163\">25 Mordf\u00e4lle zwischen Grenze, Krieg und Gesetzlosigkeit.<\/li>\n<li data-start=\"165\" data-end=\"221\">Die dunkle Geschichte der Gendarmerie in der Steiermark.<\/li>\n<\/ul>\n<blockquote>\n<p class=\"p1\"><i>\u201eGendarmerie! Halt! H\u00e4nde hoch!\u201c, rufen sie in die Dunkelheit hinein.<br \/>\nDa krachen auch schon mehrere Sch\u00fcsse.<\/i><\/p>\n<\/blockquote>\n<hr \/>\n<p><span style=\"color: #993366;\"><strong>Erh\u00e4ltlich ab 01. Oktober 2026.<\/strong><\/span><br \/>\n<span style=\"color: #993366;\"><strong>Jetzt vorbestellen!<\/strong><\/span><\/p>\n","protected":false},"featured_media":16541,"comment_status":"open","ping_status":"closed","template":"","meta":[],"etheme_brands":[],"product_brand":[],"product_cat":[3707,1394,3680,1400],"product_tag":[356,5493,5494,5501,5500,5495,5499,2759,5498,1143,209,5497,5502,5496,2660],"yst_prominent_words":[3208,3331],"class_list":{"0":"post-16475","1":"product","2":"type-product","3":"status-publish","4":"has-post-thumbnail","6":"product_cat-in-vorbereitung","7":"product_cat-krimi","8":"product_cat-novitaet","9":"product_cat-sachbuch","10":"product_tag-edition-keiper","11":"product_tag-gendarmenmorde","12":"product_tag-gendarmerie","13":"product_tag-gewaltgeschichte","14":"product_tag-grenzgebiet","15":"product_tag-hans-breitegger","16":"product_tag-mordfaelle","17":"product_tag-nachkriegszeit","18":"product_tag-polizei-und-gendarmeriegeschichte","19":"product_tag-sachbuch","20":"product_tag-steiermark","21":"product_tag-steirische-geschichte","22":"product_tag-true-crime-oesterreich","23":"product_tag-wahre-kriminalfaelle","24":"product_tag-zweiter-weltkrieg","26":"first","27":"instock","28":"shipping-taxable","29":"purchasable","30":"product-type-simple"},"_links":{"self":[{"href":"https:\/\/www.editionkeiper.at\/shop\/wp-json\/wp\/v2\/product\/16475","targetHints":{"allow":["GET"]}}],"collection":[{"href":"https:\/\/www.editionkeiper.at\/shop\/wp-json\/wp\/v2\/product"}],"about":[{"href":"https:\/\/www.editionkeiper.at\/shop\/wp-json\/wp\/v2\/types\/product"}],"replies":[{"embeddable":true,"href":"https:\/\/www.editionkeiper.at\/shop\/wp-json\/wp\/v2\/comments?post=16475"}],"wp:featuredmedia":[{"embeddable":true,"href":"https:\/\/www.editionkeiper.at\/shop\/wp-json\/wp\/v2\/media\/16541"}],"wp:attachment":[{"href":"https:\/\/www.editionkeiper.at\/shop\/wp-json\/wp\/v2\/media?parent=16475"}],"wp:term":[{"taxonomy":"brand","embeddable":true,"href":"https:\/\/www.editionkeiper.at\/shop\/wp-json\/wp\/v2\/etheme_brands?post=16475"},{"taxonomy":"product_brand","embeddable":true,"href":"https:\/\/www.editionkeiper.at\/shop\/wp-json\/wp\/v2\/product_brand?post=16475"},{"taxonomy":"product_cat","embeddable":true,"href":"https:\/\/www.editionkeiper.at\/shop\/wp-json\/wp\/v2\/product_cat?post=16475"},{"taxonomy":"product_tag","embeddable":true,"href":"https:\/\/www.editionkeiper.at\/shop\/wp-json\/wp\/v2\/product_tag?post=16475"},{"taxonomy":"yst_prominent_words","embeddable":true,"href":"https:\/\/www.editionkeiper.at\/shop\/wp-json\/wp\/v2\/yst_prominent_words?post=16475"}],"curies":[{"name":"wp","href":"https:\/\/api.w.org\/{rel}","templated":true}]}}