{"id":16470,"date":"2026-05-07T16:20:19","date_gmt":"2026-05-07T14:20:19","guid":{"rendered":"https:\/\/www.editionkeiper.at\/shop\/?post_type=product&#038;p=16470"},"modified":"2026-05-12T11:39:21","modified_gmt":"2026-05-12T09:39:21","slug":"ishraga-mustafa-hamid-biografie-migration-selbstermaechtigung","status":"publish","type":"product","link":"https:\/\/www.editionkeiper.at\/shop\/produkt\/ishraga-mustafa-hamid-biografie-migration-selbstermaechtigung\/","title":{"rendered":"Die Donau kennt mich. Vom Sudan nach Wien. Mein Weg des Ungehorsams."},"content":{"rendered":"<h2 data-start=\"274\" data-end=\"452\">Die Donau kennt mich.<br \/>\nVom Sudan nach Wien. Mein Weg des Ungehorsams.<\/h2>\n<p data-start=\"274\" data-end=\"452\"><strong>von Ishraga <a href=\"https:\/\/www.editionkeiper.at\/shop\/ishraga-mustafa-hamid\/\"><span style=\"color: #993366;\">Mustafa Hamid<\/span><\/a><\/strong><\/p>\n<p data-start=\"1045\" data-end=\"1193\">Dieses Buch ist mehr als eine Biografie. Ishraga Mustafa Hamid, eine Schwarze Frau, die den Sudan verlassen hat und nun in Wien lebt, beschreibt mitrei\u00dfend und nachdenklich gleicherma\u00dfen, vor allem aber mit viel Poesie, Stationen ihres Lebens. Es geht naturgem\u00e4\u00df um Migration und Identit\u00e4t, um Entwurzelung und Zugeh\u00f6rigkeit, aber ebenso geht es um Kolonialismus, Rassismus, Widerstand und Selbsterm\u00e4chtigung. Pers\u00f6nliche Erinnerungen verbindet die Autorin mit kollektiver Geschichte und politischer Reflexion. Dabei stellt sie wichtige Fragen zu Macht und zur R\u00fcckgewinnung der eigenen Stimme.<\/p>\n<p data-start=\"1464\" data-end=\"1658\">Inspiriert von historischen Figuren wie Angelo Soliman, entsteht ein poetisch-politisches Buch, das von Br\u00fcchen, Neubeginn und der Kraft, trotz aller Widerst\u00e4nde den eigenen Weg zu gehen, erz\u00e4hlt.<\/p>\n<p data-section-id=\"1hs52y4\" data-start=\"1130\" data-end=\"1149\"><strong>Preis:<\/strong> AT \u20ac 22,00 \/ DE \u20ac 21,40<br \/>\n<strong>Seiten:<\/strong> 240<br \/>\n<strong>ISBN13:<\/strong> 978-3-903575-95-0<br \/>\n<strong>Erscheinungsdatum:<\/strong> 28. Oktober 2026<br \/>\n<strong>Sprache:<\/strong>\u00a0Deutsch<br \/>\n<strong>Format:<\/strong> 13 x 20 cm; Broschur<\/p>\n","protected":false},"excerpt":{"rendered":"<p>Ishraga Mustafa Hamid erz\u00e4hlt von Ungehorsam, Widerstand und Selbsterm\u00e4chtigung. Zwischen dem Sudan und Wien angesiedelt, entsteht eine poetisch-politische Biografie \u00fcber Identit\u00e4t, Migration, Zugeh\u00f6rigkeit und die Kraft des Neubeginns.<\/p>\n<ul>\n<li data-section-id=\"122xzo9\" data-start=\"127\" data-end=\"182\"><strong data-start=\"130\" data-end=\"180\">Eine Lebensgeschichte zwischen dem Sudan und Wien.<\/strong><\/li>\n<li data-section-id=\"1v2dmim\" data-start=\"183\" data-end=\"244\"><strong data-start=\"186\" data-end=\"242\">\u00dcber Entwurzelung, Widerstand und Selbsterm\u00e4chtigung.<\/strong><\/li>\n<li data-section-id=\"14jefgt\" data-start=\"245\" data-end=\"331\"><strong data-start=\"248\" data-end=\"331\">Eine poetisch-politische Biografie \u00fcber Identit\u00e4t, Zugeh\u00f6rigkeit und Neubeginn.<\/strong><\/li>\n<\/ul>\n<hr \/>\n<blockquote>\n<p class=\"p1\">&#8222;Dieses Buch ist tief in der Vergangenheit verwurzelt, doch es geh\u00f6rt der Zukunft.&#8220;<i><br \/>\n<\/i>(Ishraga Mustafa Hamid)<\/p>\n<p class=\"p1\">&#8222;Der mutige und inspirierende Weg einer interkulturellen Mediatorin zwischen dem Nil und der Donau, einer handlungserm\u00e4chtigenden Artivistin, die seit Jahrzehnten ihre Ersch\u00f6pfung aufschieben muss.&#8220;<span class=\"s1\"><i><br \/>\n<\/i><\/span><span class=\"s2\">(R\u00e9mi Armand Tchokothe, Professor f\u00fcr afrikanische Literaturen, Universit\u00e4t Wien)<\/span><\/p>\n<\/blockquote>\n<p>&nbsp;<\/p>\n<hr \/>\n<p><span style=\"color: #993366;\"><strong>Erscheinungstermin 28. Oktober 2026!<\/strong><\/span><br \/>\n<span style=\"color: #993366;\"><strong>Titel jetzt vorbestellen!<\/strong><\/span><\/p>\n","protected":false},"featured_media":16525,"comment_status":"open","ping_status":"closed","template":"","meta":[],"etheme_brands":[],"product_brand":[],"product_cat":[3089,3680],"product_tag":[5465,5468,285,5466,4107,5459,5464,5461,5467,5469,5463,5462,5460,5341,225,4724],"yst_prominent_words":[],"class_list":{"0":"post-16470","1":"product","2":"type-product","3":"status-publish","4":"has-post-thumbnail","6":"product_cat-biografie","7":"product_cat-novitaet","8":"product_tag-angelo-soliman","9":"product_tag-autobiografisches-schreiben","10":"product_tag-biografie","11":"product_tag-entwurzelung","12":"product_tag-identitaet","13":"product_tag-ishraga-mustafa-hamid","14":"product_tag-kolonialismus","15":"product_tag-migration","16":"product_tag-neubeginn","17":"product_tag-poetisch-politisch","18":"product_tag-rassismus","19":"product_tag-selbstermaechtigung","20":"product_tag-sudan","21":"product_tag-widerstand","22":"product_tag-wien","23":"product_tag-zugehoerigkeit","25":"first","26":"instock","27":"shipping-taxable","28":"purchasable","29":"product-type-simple"},"_links":{"self":[{"href":"https:\/\/www.editionkeiper.at\/shop\/wp-json\/wp\/v2\/product\/16470","targetHints":{"allow":["GET"]}}],"collection":[{"href":"https:\/\/www.editionkeiper.at\/shop\/wp-json\/wp\/v2\/product"}],"about":[{"href":"https:\/\/www.editionkeiper.at\/shop\/wp-json\/wp\/v2\/types\/product"}],"replies":[{"embeddable":true,"href":"https:\/\/www.editionkeiper.at\/shop\/wp-json\/wp\/v2\/comments?post=16470"}],"wp:featuredmedia":[{"embeddable":true,"href":"https:\/\/www.editionkeiper.at\/shop\/wp-json\/wp\/v2\/media\/16525"}],"wp:attachment":[{"href":"https:\/\/www.editionkeiper.at\/shop\/wp-json\/wp\/v2\/media?parent=16470"}],"wp:term":[{"taxonomy":"brand","embeddable":true,"href":"https:\/\/www.editionkeiper.at\/shop\/wp-json\/wp\/v2\/etheme_brands?post=16470"},{"taxonomy":"product_brand","embeddable":true,"href":"https:\/\/www.editionkeiper.at\/shop\/wp-json\/wp\/v2\/product_brand?post=16470"},{"taxonomy":"product_cat","embeddable":true,"href":"https:\/\/www.editionkeiper.at\/shop\/wp-json\/wp\/v2\/product_cat?post=16470"},{"taxonomy":"product_tag","embeddable":true,"href":"https:\/\/www.editionkeiper.at\/shop\/wp-json\/wp\/v2\/product_tag?post=16470"},{"taxonomy":"yst_prominent_words","embeddable":true,"href":"https:\/\/www.editionkeiper.at\/shop\/wp-json\/wp\/v2\/yst_prominent_words?post=16470"}],"curies":[{"name":"wp","href":"https:\/\/api.w.org\/{rel}","templated":true}]}}