{"id":16469,"date":"2026-05-06T14:12:47","date_gmt":"2026-05-06T12:12:47","guid":{"rendered":"https:\/\/www.editionkeiper.at\/shop\/?post_type=product&#038;p=16469"},"modified":"2026-05-06T15:28:56","modified_gmt":"2026-05-06T13:28:56","slug":"was-still-beginnt-barbara-schneeberger","status":"publish","type":"product","link":"https:\/\/www.editionkeiper.at\/shop\/produkt\/was-still-beginnt-barbara-schneeberger\/","title":{"rendered":"Was still beginnt"},"content":{"rendered":"<h2>Was still beginnt<\/h2>\n<p><strong>Roman von <a href=\"https:\/\/www.editionkeiper.at\/shop\/schneeberger-barbara\/\" target=\"_blank\" rel=\"noopener\"><span style=\"color: #993366;\">Barbara Schneeberger<\/span><\/a><\/strong><\/p>\n<p data-start=\"453\" data-end=\"724\">Eine Frau steckt fest im Strudel des Alltags. Erwartungen, Verpflichtungen und Gewohnheiten halten sie in einem Leben, das l\u00e4ngst nicht mehr ganz ihres zu sein scheint. Doch in ihr w\u00e4chst eine leise Unruhe: die Sehnsucht nach Freiheit, nach Tiefe, nach einem eigenen Weg.<\/p>\n<p data-start=\"726\" data-end=\"943\">Z\u00f6gernd und beharrlich tastet sie sich voran. Zwei Schritte vor, einer zur\u00fcck. Natur und Musik werden dabei zu Resonanzr\u00e4umen ihrer Innenwelt: Sie spiegeln, was noch keinen Namen hat, und \u00f6ffnen R\u00e4ume f\u00fcr Ver\u00e4nderung.<\/p>\n<p data-start=\"726\" data-end=\"943\">Barbara Schneeberger erz\u00e4hlt sensibel und literarisch von einer Frau, die lernt, sich selbst zuzuh\u00f6ren. Ein Roman \u00fcber Ich-Werdung, innere Wandlung und den stillen Beginn eines neuen Lebensgef\u00fchls.<\/p>\n<p data-start=\"726\" data-end=\"943\"><strong>Preis:<\/strong> AT \u20ac 20,00 \/ DE \u20ac 19,45<br \/>\n<strong>Seiten:<\/strong> 120<br \/>\n<strong>ISBN13:<\/strong> 978-3-903575-94-3<br \/>\n<strong>Erscheinungsdatum:<\/strong> Oktober 2026<br \/>\n<strong>Sprache:<\/strong>\u00a0Deutsch<br \/>\n<strong>Format:<\/strong> 12,5 x 19 cm; Broschur<\/p>\n","protected":false},"excerpt":{"rendered":"<p>Eine Frau im Strudel des Alltags sp\u00fcrt, dass ihr Leben enger geworden ist, als es sein sollte. Zwischen Verpflichtungen, Erwartungen und Gewohnheiten beginnt sie, ihrer inneren Stimme zu folgen. Natur und Musik werden zu Resonanzr\u00e4umen ihrer Ver\u00e4nderung. <em><strong data-start=\"1425\" data-end=\"1446\">Was still beginnt<\/strong><\/em> ist ein sensibler, literarischer Roman \u00fcber Selbstfindung, innere Wandlung und den Mut, dem eigenen Weg Raum zu geben.<\/p>\n<ul>\n<li data-start=\"151\" data-end=\"246\"><strong data-start=\"151\" data-end=\"246\">Ein Roman \u00fcber innere Wandlung, Selbstfindung und den Mut, dem eigenen Leben n\u00e4herzukommen.<\/strong><\/li>\n<li data-start=\"248\" data-end=\"328\"><strong data-start=\"248\" data-end=\"328\">Eine Frau zwischen Alltag, Erwartung und der Sehnsucht nach Freiheit.<\/strong><\/li>\n<li data-start=\"330\" data-end=\"405\"><strong data-start=\"330\" data-end=\"405\">Natur und Musik werden zu Resonanzr\u00e4umen einer tiefen inneren Bewegung.<\/strong><\/li>\n<\/ul>\n<hr \/>\n<p><span style=\"color: #993366;\"><strong>Erscheinungstermin 1. Oktober 2026.<\/strong><\/span><br \/>\n<span style=\"color: #993366;\"><strong>Titel jetzt vorbestellen!<\/strong><\/span><\/p>\n","protected":false},"featured_media":16477,"comment_status":"open","ping_status":"closed","template":"","meta":[],"etheme_brands":[],"product_brand":[],"product_cat":[3680,3687],"product_tag":[5398,356,5321,376,5402,5401,5400,720,133,218,4880,5399],"yst_prominent_words":[3360],"class_list":{"0":"post-16469","1":"product","2":"type-product","3":"status-publish","4":"has-post-thumbnail","6":"product_cat-novitaet","7":"product_cat-romane","8":"product_tag-barbara-schneeberger","9":"product_tag-edition-keiper","10":"product_tag-frauenroman","11":"product_tag-freiheit","12":"product_tag-ich-werdung","13":"product_tag-innere-wandlung","14":"product_tag-literarischer-roman","15":"product_tag-musik","16":"product_tag-natur","17":"product_tag-roman","18":"product_tag-selbstfindung","19":"product_tag-was-still-beginnt","21":"first","22":"instock","23":"shipping-taxable","24":"purchasable","25":"product-type-simple"},"_links":{"self":[{"href":"https:\/\/www.editionkeiper.at\/shop\/wp-json\/wp\/v2\/product\/16469","targetHints":{"allow":["GET"]}}],"collection":[{"href":"https:\/\/www.editionkeiper.at\/shop\/wp-json\/wp\/v2\/product"}],"about":[{"href":"https:\/\/www.editionkeiper.at\/shop\/wp-json\/wp\/v2\/types\/product"}],"replies":[{"embeddable":true,"href":"https:\/\/www.editionkeiper.at\/shop\/wp-json\/wp\/v2\/comments?post=16469"}],"wp:featuredmedia":[{"embeddable":true,"href":"https:\/\/www.editionkeiper.at\/shop\/wp-json\/wp\/v2\/media\/16477"}],"wp:attachment":[{"href":"https:\/\/www.editionkeiper.at\/shop\/wp-json\/wp\/v2\/media?parent=16469"}],"wp:term":[{"taxonomy":"brand","embeddable":true,"href":"https:\/\/www.editionkeiper.at\/shop\/wp-json\/wp\/v2\/etheme_brands?post=16469"},{"taxonomy":"product_brand","embeddable":true,"href":"https:\/\/www.editionkeiper.at\/shop\/wp-json\/wp\/v2\/product_brand?post=16469"},{"taxonomy":"product_cat","embeddable":true,"href":"https:\/\/www.editionkeiper.at\/shop\/wp-json\/wp\/v2\/product_cat?post=16469"},{"taxonomy":"product_tag","embeddable":true,"href":"https:\/\/www.editionkeiper.at\/shop\/wp-json\/wp\/v2\/product_tag?post=16469"},{"taxonomy":"yst_prominent_words","embeddable":true,"href":"https:\/\/www.editionkeiper.at\/shop\/wp-json\/wp\/v2\/yst_prominent_words?post=16469"}],"curies":[{"name":"wp","href":"https:\/\/api.w.org\/{rel}","templated":true}]}}