{"id":16468,"date":"2026-05-06T13:30:20","date_gmt":"2026-05-06T11:30:20","guid":{"rendered":"https:\/\/www.editionkeiper.at\/shop\/?post_type=product&#038;p=16468"},"modified":"2026-05-06T15:49:08","modified_gmt":"2026-05-06T13:49:08","slug":"in-ein-paar-jahren-daniel-stoegerer-roman-nach-wahrer-begebenheit","status":"publish","type":"product","link":"https:\/\/www.editionkeiper.at\/shop\/produkt\/in-ein-paar-jahren-daniel-stoegerer-roman-nach-wahrer-begebenheit\/","title":{"rendered":"In ein paar Jahren"},"content":{"rendered":"<h2>In ein paar Jahren<\/h2>\n<p class=\"p1\"><strong>Erz\u00e4hlung\u00a0<span class=\"s1\">von <a href=\"https:\/\/www.editionkeiper.at\/shop\/stoegerer-daniel\/\"><span style=\"color: #993366;\">Daniel St\u00f6gerer<\/span><\/a><\/span><\/strong><\/p>\n<p data-start=\"266\" data-end=\"612\">Redlschlag, 1943. Als der Bauernsohn Josef Fleck in die Wehrmacht einberufen wird, trifft der Krieg auch seine Familie mit voller H\u00e4rte. Die amerikanischen Bomber \u00fcberfliegen das abgelegene Dorf immer h\u00e4ufiger. Josefs Arbeitskraft fehlt am Hof. Seine Mutter ist hochschwanger. Seine Schwester Luise erkrankt mitten im Krieg an Multipler Sklerose.<\/p>\n<p data-start=\"614\" data-end=\"913\">In dieser angespannten Zeit versucht Hannerl, Josefs zweite Schwester, die Familie zusammenzuhalten. Sie ist sch\u00fcchtern, still und zur\u00fcckhaltend. Doch sie besitzt eine besondere Gabe: Sie h\u00f6rt zu. Sie hilft, wo sie kann. Sie nimmt anderen Arbeit ab und schenkt Trost, wenn kaum noch Hoffnung bleibt.<\/p>\n<p data-start=\"614\" data-end=\"913\">Daniel St\u00f6gerer erz\u00e4hlt vom Leben einfacher Menschen, deren Schicksale selten im Mittelpunkt stehen. Seine Prosa ist leise, genau und ber\u00fchrend. Sie zeigt, wie viel W\u00fcrde in einem scheinbar gew\u00f6hnlichen Leben liegen kann.<\/p>\n<p data-start=\"1138\" data-end=\"1312\">Ein Roman nach einer wahren Begebenheit. \u00dcber Krieg und Krankheit, F\u00fcrsorge und Verlust. Und \u00fcber eine junge Frau, die inmitten einer zerrissenen Welt Menschlichkeit bewahrt.<\/p>\n<p><strong>Preis:<\/strong> AT \u20ac 21,00 \/ DE \u20ac 20,43<br \/>\n<strong>Seiten:<\/strong> 96<br \/>\n<strong>ISBN13:<\/strong> 978-3-903575-88-2<br \/>\n<strong>Erscheinungsdatum:<\/strong> 1. September 2026<br \/>\n<strong>Sprache:<\/strong>\u00a0Deutsch<br \/>\n<strong>Format:<\/strong> 12 x 20 cm; Hardcover<\/p>\n","protected":false},"excerpt":{"rendered":"<p>Ein leiser, ber\u00fchrender Roman nach einer wahren Begebenheit: Daniel St\u00f6gerer erz\u00e4hlt vom Leben einfacher Menschen im Krieg \u2013 und von einer jungen Frau, die Trost spendet, wo kaum noch Hoffnung bleibt.<\/p>\n<ul>\n<li data-start=\"19\" data-end=\"85\"><strong data-start=\"19\" data-end=\"85\">Feinf\u00fchlig zieht Hannerl die Splitter aus den Wunden der Welt.<\/strong><\/li>\n<li data-start=\"87\" data-end=\"164\"><strong data-start=\"87\" data-end=\"164\">Ein leiser Roman \u00fcber ein Schicksal abseits der gro\u00dfen Kriegsschaupl\u00e4tze.<\/strong><\/li>\n<li data-start=\"166\" data-end=\"237\"><strong data-start=\"166\" data-end=\"237\">Nach einer wahren Begebenheit: vom \u00dcberleben, Helfen und Aushalten.<\/strong><\/li>\n<\/ul>\n<blockquote>\n<p class=\"p1\"><i>&#8222;Nur frag ich mich manchmal, was unsereins noch alles hinnehmen soll.&#8220;<\/i><\/p>\n<\/blockquote>\n<hr \/>\n<p><span style=\"color: #993366;\"><strong>Titel erscheint am 1. September 2026.<\/strong><\/span><br \/>\n<span style=\"color: #993366;\"><strong>Jetzt vorbestellen!<\/strong><\/span><\/p>\n","protected":false},"featured_media":16503,"comment_status":"open","ping_status":"closed","template":"","meta":[],"etheme_brands":[],"product_brand":[],"product_cat":[3707,3680,3687,3682],"product_tag":[5412,356,879,5417,5415,5416,5418,665,5414,5413,2660],"yst_prominent_words":[3208],"class_list":{"0":"post-16468","1":"product","2":"type-product","3":"status-publish","4":"has-post-thumbnail","6":"product_cat-in-vorbereitung","7":"product_cat-novitaet","8":"product_cat-romane","9":"product_cat-zeitgeschichte","10":"product_tag-daniel-stoegerer","11":"product_tag-edition-keiper","12":"product_tag-familienroman","13":"product_tag-fuersorge","14":"product_tag-kriegsschicksal","15":"product_tag-laendliches-leben","16":"product_tag-multiple-sklerose","17":"product_tag-oesterreichische-literatur","18":"product_tag-redlschlag","19":"product_tag-roman-nach-wahrer-begebenheit","20":"product_tag-zweiter-weltkrieg","22":"first","23":"instock","24":"shipping-taxable","25":"purchasable","26":"product-type-simple"},"_links":{"self":[{"href":"https:\/\/www.editionkeiper.at\/shop\/wp-json\/wp\/v2\/product\/16468","targetHints":{"allow":["GET"]}}],"collection":[{"href":"https:\/\/www.editionkeiper.at\/shop\/wp-json\/wp\/v2\/product"}],"about":[{"href":"https:\/\/www.editionkeiper.at\/shop\/wp-json\/wp\/v2\/types\/product"}],"replies":[{"embeddable":true,"href":"https:\/\/www.editionkeiper.at\/shop\/wp-json\/wp\/v2\/comments?post=16468"}],"wp:featuredmedia":[{"embeddable":true,"href":"https:\/\/www.editionkeiper.at\/shop\/wp-json\/wp\/v2\/media\/16503"}],"wp:attachment":[{"href":"https:\/\/www.editionkeiper.at\/shop\/wp-json\/wp\/v2\/media?parent=16468"}],"wp:term":[{"taxonomy":"brand","embeddable":true,"href":"https:\/\/www.editionkeiper.at\/shop\/wp-json\/wp\/v2\/etheme_brands?post=16468"},{"taxonomy":"product_brand","embeddable":true,"href":"https:\/\/www.editionkeiper.at\/shop\/wp-json\/wp\/v2\/product_brand?post=16468"},{"taxonomy":"product_cat","embeddable":true,"href":"https:\/\/www.editionkeiper.at\/shop\/wp-json\/wp\/v2\/product_cat?post=16468"},{"taxonomy":"product_tag","embeddable":true,"href":"https:\/\/www.editionkeiper.at\/shop\/wp-json\/wp\/v2\/product_tag?post=16468"},{"taxonomy":"yst_prominent_words","embeddable":true,"href":"https:\/\/www.editionkeiper.at\/shop\/wp-json\/wp\/v2\/yst_prominent_words?post=16468"}],"curies":[{"name":"wp","href":"https:\/\/api.w.org\/{rel}","templated":true}]}}