{"id":16467,"date":"2026-05-08T10:16:43","date_gmt":"2026-05-08T08:16:43","guid":{"rendered":"https:\/\/www.editionkeiper.at\/shop\/?post_type=product&#038;p=16467"},"modified":"2026-05-12T11:47:12","modified_gmt":"2026-05-12T09:47:12","slug":"incels-frauenhasser-sophie-reyer","status":"publish","type":"product","link":"https:\/\/www.editionkeiper.at\/shop\/produkt\/incels-frauenhasser-sophie-reyer\/","title":{"rendered":"INCELS \u2013 Frauenhasser"},"content":{"rendered":"<h2 data-start=\"412\" data-end=\"679\">INCELS \u2013 Frauenhasser<\/h2>\n<p data-start=\"412\" data-end=\"679\"><strong>Roman von <a href=\"https:\/\/www.editionkeiper.at\/shop\/reyer-sophie\/\"><span style=\"color: #993366;\">Sophie Reyer<\/span><\/a><\/strong><\/p>\n<p data-start=\"412\" data-end=\"679\">Flora Lee war Pianistin. Sie hatte Freund:innen, Arbeit, ein Leben. Doch nach und nach zieht sie sich zur\u00fcck, denn immer st\u00e4rker ger\u00e4t sie in den Bann der Queen of the Biomacht, einer sprachgewaltigen, sp\u00f6ttischen und gef\u00e4hrlichen Figur, die Flora zu ihrem Werkzeug macht.<\/p>\n<p data-start=\"681\" data-end=\"1008\">Die Queen spricht von Gerechtigkeit. Sie spricht von Macht. Und sie fordert Flora auf, die Welt von Incels zu befreien: von frauenverachtenden M\u00e4nnern, die sich im Internet radikalisieren und in digitalen Gemeinschaften gegenseitig best\u00e4rken. Flora folgt ihr. Bis am Ende ein Mord geschieht, den sie selbst nie wirklich wollte.<\/p>\n<p data-start=\"1010\" data-end=\"1204\">In ihrer Gef\u00e4ngniszelle versucht Flora zu begreifen, wie alles begonnen hat. Wann ist sie verschwunden? Wann hat sie aufgeh\u00f6rt, selbst zu entscheiden? Wer ist die Queen of the Biomacht wirklich?<\/p>\n<p data-start=\"1206\" data-end=\"1534\">Sophie Reyer erz\u00e4hlt \u2013 psychologisch fein herausgearbeitet und sprachlich scharf pointiert \u2013 von digitaler Abh\u00e4ngigkeit, Manipulation und dem Verlust des eigenen Willens. <em><strong data-start=\"1346\" data-end=\"1370\">Incels. Frauenhasser<\/strong><\/em> ist ein vielschichtiger Roman \u00fcber Macht, Einsamkeit und Gewaltfantasien in einer Welt, in der das Internet l\u00e4ngst nicht mehr nur ein Ort au\u00dferhalb des Lebens ist.<\/p>\n<p><strong>Preis:<\/strong> AT \u20ac 23,00 \/ DE \u20ac 22,37<br \/>\n<strong>Seiten:<\/strong> 280<br \/>\n<strong>ISBN13:<\/strong> 978-3-903575-87-5<br \/>\n<strong>Erscheinungsdatum:<\/strong> 1. Oktober 2026<br \/>\n<strong>Sprache:<\/strong>\u00a0Deutsch<br \/>\n<strong>Format:<\/strong> 13 x 20 cm; Broschur<\/p>\n<p><strong>Leseprobe <a href=\"https:\/\/www.editionkeiper.at\/shop\/wp-content\/uploads\/2026\/05\/Leseprobe_Reyer_Sophie_Incels_Roman_edition_keiper.pdf\"><span style=\"color: #993366;\">&gt;&gt;&gt; Download &lt;&lt;&lt;<\/span><\/a><\/strong><\/p>\n<p><a href=\"https:\/\/www.editionkeiper.at\/shop\/wp-content\/uploads\/2026\/05\/Leseprobe_Reyer_Sophie_Incels_Roman_edition_keiper.pdf\" target=\"_blank\" rel=\"noopener\"><img loading=\"lazy\" loading=\"lazy\" decoding=\"async\" class=\"alignleft size-full wp-image-13777\" src=\"https:\/\/www.editionkeiper.at\/shop\/wp-content\/uploads\/2024\/01\/Leseprobe_Verlag_Keiper.png\" alt=\"\" width=\"90\" height=\"125\" srcset=\"https:\/\/www.editionkeiper.at\/shop\/wp-content\/uploads\/2024\/01\/Leseprobe_Verlag_Keiper.png 90w, https:\/\/www.editionkeiper.at\/shop\/wp-content\/uploads\/2024\/01\/Leseprobe_Verlag_Keiper-7x10.png 7w\" sizes=\"auto, (max-width: 90px) 100vw, 90px\" \/><\/a><\/p>\n","protected":false},"excerpt":{"rendered":"<p>Flora Lee zieht sich aus ihrem Leben, vom Freundeskreis zur\u00fcck und ger\u00e4t in den Bann der Queen of the Biomacht. Diese macht sie zu ihrem Werkzeug im Kampf gegen frauenverachtende Incels. Am Ende geschieht ein Mord. In ihrer Gef\u00e4ngniszelle versucht Flora zu verstehen, wie das alles so weit kommen konnte.<\/p>\n<ul>\n<li data-section-id=\"12az45t\" data-start=\"167\" data-end=\"223\"><strong data-start=\"170\" data-end=\"223\">Dies ist kein Krimi. Und doch geschieht ein Mord.<\/strong><\/li>\n<li data-section-id=\"6es226\" data-start=\"225\" data-end=\"296\"><strong data-start=\"228\" data-end=\"296\">Eine junge Pianistin ger\u00e4t in den Sog einer gef\u00e4hrlichen Stimme.<\/strong><\/li>\n<li data-section-id=\"1qnlhpl\" data-start=\"298\" data-end=\"388\"><strong data-start=\"301\" data-end=\"388\">Sophie Reyer erz\u00e4hlt von Abh\u00e4ngigkeit, Macht und Frauenhass im digitalen Zeitalter.<\/strong><\/li>\n<\/ul>\n<blockquote>\n<p class=\"p1\"><i>&#8222;Die Welt indes hatte zu faulen <\/i><i>begonnen. Wundbrand der Tage.&#8220;\u00a0<\/i>(Sophie Reyer, aus: <em>Incels<\/em>)<\/p>\n<p><span style=\"color: #800080;\"><strong>Das Buch erscheint am 1. Oktober 2026. Es kann bereits vorbestellt werden.<\/strong><\/span><\/p><\/blockquote>\n","protected":false},"featured_media":16532,"comment_status":"open","ping_status":"closed","template":"","meta":[],"etheme_brands":[],"product_brand":[],"product_cat":[3680,3687],"product_tag":[5474,356,5472,5471,660,275,5470,5473,5476,5475,5477,5478,218,722],"yst_prominent_words":[3360,3484,3183],"class_list":{"0":"post-16467","1":"product","2":"type-product","3":"status-publish","4":"has-post-thumbnail","6":"product_cat-novitaet","7":"product_cat-romane","8":"product_tag-digitale-radikalisierung","9":"product_tag-edition-keiper","10":"product_tag-frauenhass","11":"product_tag-frauenhasser","12":"product_tag-gegenwartsliteratur","13":"product_tag-gewalt","14":"product_tag-incels","15":"product_tag-internetabhaengigkeit","16":"product_tag-macht","17":"product_tag-manipulation","18":"product_tag-pianistin","19":"product_tag-psychologischer-roman","20":"product_tag-roman","21":"product_tag-sophie-reyer","23":"first","24":"instock","25":"shipping-taxable","26":"purchasable","27":"product-type-simple"},"_links":{"self":[{"href":"https:\/\/www.editionkeiper.at\/shop\/wp-json\/wp\/v2\/product\/16467","targetHints":{"allow":["GET"]}}],"collection":[{"href":"https:\/\/www.editionkeiper.at\/shop\/wp-json\/wp\/v2\/product"}],"about":[{"href":"https:\/\/www.editionkeiper.at\/shop\/wp-json\/wp\/v2\/types\/product"}],"replies":[{"embeddable":true,"href":"https:\/\/www.editionkeiper.at\/shop\/wp-json\/wp\/v2\/comments?post=16467"}],"wp:featuredmedia":[{"embeddable":true,"href":"https:\/\/www.editionkeiper.at\/shop\/wp-json\/wp\/v2\/media\/16532"}],"wp:attachment":[{"href":"https:\/\/www.editionkeiper.at\/shop\/wp-json\/wp\/v2\/media?parent=16467"}],"wp:term":[{"taxonomy":"brand","embeddable":true,"href":"https:\/\/www.editionkeiper.at\/shop\/wp-json\/wp\/v2\/etheme_brands?post=16467"},{"taxonomy":"product_brand","embeddable":true,"href":"https:\/\/www.editionkeiper.at\/shop\/wp-json\/wp\/v2\/product_brand?post=16467"},{"taxonomy":"product_cat","embeddable":true,"href":"https:\/\/www.editionkeiper.at\/shop\/wp-json\/wp\/v2\/product_cat?post=16467"},{"taxonomy":"product_tag","embeddable":true,"href":"https:\/\/www.editionkeiper.at\/shop\/wp-json\/wp\/v2\/product_tag?post=16467"},{"taxonomy":"yst_prominent_words","embeddable":true,"href":"https:\/\/www.editionkeiper.at\/shop\/wp-json\/wp\/v2\/yst_prominent_words?post=16467"}],"curies":[{"name":"wp","href":"https:\/\/api.w.org\/{rel}","templated":true}]}}