{"id":16466,"date":"2026-05-06T15:12:36","date_gmt":"2026-05-06T13:12:36","guid":{"rendered":"https:\/\/www.editionkeiper.at\/shop\/?post_type=product&#038;p=16466"},"modified":"2026-05-12T12:14:27","modified_gmt":"2026-05-12T10:14:27","slug":"als-mutter-nicht-hier-war","status":"publish","type":"product","link":"https:\/\/www.editionkeiper.at\/shop\/produkt\/als-mutter-nicht-hier-war\/","title":{"rendered":"Als Mutter nicht hier war"},"content":{"rendered":"<h2 class=\"p1\">Als Mutter nicht hier war<\/h2>\n<p><strong>Roman von <a href=\"https:\/\/www.editionkeiper.at\/shop\/zebinger-jacobi-ingrid\/\" rel=\"noopener\"><span style=\"color: #993366;\">Ingrid Zebinger-Jacobi<\/span><\/a><\/strong><\/p>\n<p data-start=\"724\" data-end=\"960\">Als ihre Mutter an einem Julinachmittag fortgeht, bleibt ein zw\u00f6lfj\u00e4hriges M\u00e4dchen an einem Ort zur\u00fcck, an dem sie nicht sein will: an einer K\u00fcste in Kroatien, in einer fremden Familie, umgeben von einer Sprache, die sie nicht versteht. Ihre Sinne sind gesch\u00e4rft. \u00dcberdeutlich nimmt sie Ger\u00fcche, Blicke, Bewegungen und Stimmungen wahr. Was Erwachsene verschweigen, was sich zwischen ihnen aufl\u00e4dt, wird f\u00fcr sie immer sp\u00fcrbarer. W\u00e4hrend die Situation in der Familie zunehmend eskaliert, wartet das M\u00e4dchen darauf, dass ihre Mutter anruft, zur\u00fcckkommt, sie abholt.<\/p>\n<p data-start=\"724\" data-end=\"960\">Aus der Erinnerung wird Reflexion. Die Ich-Erz\u00e4hlerin blickt sp\u00e4ter auf jenen Sommer zur\u00fcck, in dem sie aus der Kindheit herausgerissen wurde. Sie fragt, was damals geschah \u2013 und was in ihr selbst begann.<\/p>\n<p data-start=\"1495\" data-end=\"1671\">Ein literarisch fein gearbeitetes Romandeb\u00fct \u00fcber Fremdheit, Verlassenheit und den \u00dcbergang vom Kind zum Nicht-mehr-Kind. Empathisch, sinnlich und mit poetischer Kraft erz\u00e4hlt.<\/p>\n<p><strong>Preis:<\/strong> AT \u20ac 21,00 \/ DE \u20ac 20,43<br \/>\n<strong>Seiten:<\/strong> 180<br \/>\n<strong>ISBN13:<\/strong> 978-3-903575-86-8<br \/>\n<strong>Erscheinungsdatum:<\/strong> 1. September 2026<br \/>\n<strong>Sprache:<\/strong>\u00a0Deutsch<br \/>\n<strong>Format:<\/strong> 13 x 20 cm; Broschur<\/p>\n","protected":false},"excerpt":{"rendered":"<p data-start=\"296\" data-end=\"700\">Als seine Mutter an einem Julinachmittag fortgeht, bleibt ein zw\u00f6lfj\u00e4hriges M\u00e4dchen an der kroatischen K\u00fcste zur\u00fcck. In einer fremden Familie, umgeben von einer Sprache, die sie nicht versteht, nimmt sie alles \u00fcberdeutlich wahr: Ger\u00fcche, Blicke, Stimmungen, unausgesprochene Spannungen. W\u00e4hrend die Situation eskaliert, wartet es auf den Anruf der Mutter \u2013 und beginnt zugleich, sich selbst zu ver\u00e4ndern.<\/p>\n<ul>\n<li data-section-id=\"1alm0a8\" data-start=\"77\" data-end=\"133\"><strong data-start=\"80\" data-end=\"133\">Ein Sommer am Meer, in dem die Kindheit zu Ende geht.<\/strong><\/li>\n<li data-section-id=\"ko2xrh\" data-start=\"135\" data-end=\"196\"><strong data-start=\"138\" data-end=\"196\">Ein M\u00e4dchen zwischen Kindheit, Fremdheit und Erwachen.<\/strong><\/li>\n<li data-section-id=\"1vqtr8y\" data-start=\"198\" data-end=\"273\"><strong data-start=\"201\" data-end=\"273\">Ein eindringliches Romandeb\u00fct von gro\u00dfer literarischer Sensibilit\u00e4t.<\/strong><\/li>\n<\/ul>\n<hr \/>\n<p><strong><span style=\"color: #993366;\">Titel erscheint am 1. September 2026!<\/span><\/strong><br \/>\n<strong><span style=\"color: #993366;\">Jetzt vorbestellen!<\/span><\/strong><\/p>\n","protected":false},"featured_media":16493,"comment_status":"open","ping_status":"closed","template":"","meta":[],"etheme_brands":[],"product_brand":[],"product_cat":[3707,3680,3687],"product_tag":[3976,879,660,2947,1027,127,5400,5409,4471,5410],"yst_prominent_words":[3192,3186],"class_list":{"0":"post-16466","1":"product","2":"type-product","3":"status-publish","4":"has-post-thumbnail","6":"product_cat-in-vorbereitung","7":"product_cat-novitaet","8":"product_cat-romane","9":"product_tag-coming-of-age","10":"product_tag-familienroman","11":"product_tag-gegenwartsliteratur","12":"product_tag-jugend","13":"product_tag-kindheit","14":"product_tag-kroatien","15":"product_tag-literarischer-roman","16":"product_tag-romandebuet","17":"product_tag-sommer","18":"product_tag-weibliche-erzaehlstimme","20":"first","21":"instock","22":"shipping-taxable","23":"purchasable","24":"product-type-simple"},"_links":{"self":[{"href":"https:\/\/www.editionkeiper.at\/shop\/wp-json\/wp\/v2\/product\/16466","targetHints":{"allow":["GET"]}}],"collection":[{"href":"https:\/\/www.editionkeiper.at\/shop\/wp-json\/wp\/v2\/product"}],"about":[{"href":"https:\/\/www.editionkeiper.at\/shop\/wp-json\/wp\/v2\/types\/product"}],"replies":[{"embeddable":true,"href":"https:\/\/www.editionkeiper.at\/shop\/wp-json\/wp\/v2\/comments?post=16466"}],"wp:featuredmedia":[{"embeddable":true,"href":"https:\/\/www.editionkeiper.at\/shop\/wp-json\/wp\/v2\/media\/16493"}],"wp:attachment":[{"href":"https:\/\/www.editionkeiper.at\/shop\/wp-json\/wp\/v2\/media?parent=16466"}],"wp:term":[{"taxonomy":"brand","embeddable":true,"href":"https:\/\/www.editionkeiper.at\/shop\/wp-json\/wp\/v2\/etheme_brands?post=16466"},{"taxonomy":"product_brand","embeddable":true,"href":"https:\/\/www.editionkeiper.at\/shop\/wp-json\/wp\/v2\/product_brand?post=16466"},{"taxonomy":"product_cat","embeddable":true,"href":"https:\/\/www.editionkeiper.at\/shop\/wp-json\/wp\/v2\/product_cat?post=16466"},{"taxonomy":"product_tag","embeddable":true,"href":"https:\/\/www.editionkeiper.at\/shop\/wp-json\/wp\/v2\/product_tag?post=16466"},{"taxonomy":"yst_prominent_words","embeddable":true,"href":"https:\/\/www.editionkeiper.at\/shop\/wp-json\/wp\/v2\/yst_prominent_words?post=16466"}],"curies":[{"name":"wp","href":"https:\/\/api.w.org\/{rel}","templated":true}]}}