{"id":16461,"date":"2026-05-05T15:08:23","date_gmt":"2026-05-05T13:08:23","guid":{"rendered":"https:\/\/www.editionkeiper.at\/shop\/?post_type=product&#038;p=16461"},"modified":"2026-05-05T16:45:00","modified_gmt":"2026-05-05T14:45:00","slug":"august-schmoelzer-heimatroman-suedweststeiermark","status":"publish","type":"product","link":"https:\/\/www.editionkeiper.at\/shop\/produkt\/august-schmoelzer-heimatroman-suedweststeiermark\/","title":{"rendered":"Heimat \u2013 Die R\u00fcckkehr"},"content":{"rendered":"<h2>Heimat \u2013 Die R\u00fcckkehr<\/h2>\n<p><strong>Roman von <span style=\"color: #993366;\"><a style=\"color: #993366;\" href=\"https:\/\/www.editionkeiper.at\/shop\/schmoelzer-august\/\" target=\"_blank\" rel=\"noopener\">August Schm\u00f6lzer<\/a><\/span><\/strong><\/p>\n<p data-start=\"148\" data-end=\"225\">Nach dem gro\u00dfen Erfolg des Vorg\u00e4ngertitels <em><a href=\"https:\/\/www.editionkeiper.at\/shop\/produkt\/heimat-roman-august_schmoelzer\/\"><strong data-start=\"175\" data-end=\"185\">HEIMAT<\/strong><\/a><\/em> kehren wir zur\u00fcck nach <strong data-start=\"209\" data-end=\"224\">St. Vinzenz<\/strong>.<\/p>\n<p data-start=\"227\" data-end=\"311\">Das Dorfleben geht weiter. Alte Br\u00e4uche werden gefeiert. Neue Konflikte brechen auf. Ein heimkehrender Dichter h\u00e4lt den Menschen einen Spiegel vor. Ein Pfarrer ger\u00e4t in verbotene Gef\u00fchle. Josefa Klug wird mit 91 noch Mutter. Und ein syrischer Wirt \u00fcbernimmt den Auhof. Die Jugend fordert ehrliche Antworten. Die Klimasorgen dr\u00fccken. Doch der Wein ist gut und kalt. In St. Vinzenz hei\u00dft es schlie\u00dflich: Man hat weder Angst noch Geld \u2013 und macht weiter. Wie gestern. Nur anders.<\/p>\n<p data-start=\"227\" data-end=\"311\">Ein untypischer Heimatroman: kritisch und liebevoll zugleich. Eine Hommage an die S\u00fcdweststeiermark, ihre Menschen, ihre Kulinarik und den ber\u00fchmten Schilcher.<\/p>\n<p data-start=\"323\" data-end=\"498\"><strong>Preis:<\/strong> AT \u20ac 24,00 \/ DE \u20ac 23,35<br \/>\n<strong>Seiten:<\/strong> 240<br \/>\n<strong>ISBN13:<\/strong> 978-3-903575-84-4<br \/>\n<strong>Erscheinungsdatum:<\/strong> September 2026<br \/>\n<strong>Sprache:<\/strong>\u00a0Deutsch<br \/>\n<strong>Format:<\/strong> 12 x 20 cm; Pappband<\/p>\n","protected":false},"excerpt":{"rendered":"<p class=\"p1\">Nach dem gro\u00dfen Erfolg des Vorg\u00e4ngertitels <em><a href=\"https:\/\/www.editionkeiper.at\/shop\/produkt\/heimat-roman-august_schmoelzer\/\"><strong data-start=\"1465\" data-end=\"1475\">HEIMAT<\/strong><\/a> <\/em>kehren wir mit August Schm\u00f6lzer zur\u00fcck nach St. Vinzenz. <strong><em>HEIMAT &#8211; Die R\u00fcckkehr<\/em><\/strong> ist ein kritisch-liebevoller Roman \u00fcber das Dorfleben, \u00fcber Traditionen und Umbr\u00fcche, alte Br\u00e4uche und neue Konflikte.<\/p>\n<blockquote>\n<p class=\"p1\"><i>&#8222;Die Welt ver\u00e4ndert <\/i><span class=\"s1\"><i>sich nicht,<\/i><\/span><i> wir Menschen ver\u00e4ndern die Welt.&#8220;<\/i><\/p>\n<ul>\n<li data-start=\"98\" data-end=\"148\"><strong data-start=\"98\" data-end=\"148\">Heimatkritik von einem, der seine Heimat liebt<\/strong><\/li>\n<li data-start=\"150\" data-end=\"217\"><strong data-start=\"150\" data-end=\"217\">Ein untypischer Heimatroman \u2013 kritisch, liebevoll und lebensnah.<\/strong><\/li>\n<li data-start=\"219\" data-end=\"294\"><strong data-start=\"219\" data-end=\"294\">Eine Hommage an die S\u00fcdweststeiermark mit ihre Kulinarik und dem ber\u00fchmten Schilcher.<\/strong><\/li>\n<\/ul>\n<hr \/>\n<p><span style=\"color: #993366;\"><strong>Erh\u00e4ltlich ab 15. September 2026.<\/strong><\/span><br \/>\n<span style=\"color: #993366;\"><strong>Titel jetzt vorbestellen!<\/strong><\/span><\/p><\/blockquote>\n","protected":false},"featured_media":16463,"comment_status":"closed","ping_status":"closed","template":"","meta":[],"etheme_brands":[],"product_brand":[],"product_cat":[3680,3687],"product_tag":[4522,4690,356,695,5386,630,665,2273,5387,717],"yst_prominent_words":[],"class_list":{"0":"post-16461","1":"product","2":"type-product","3":"status-publish","4":"has-post-thumbnail","6":"product_cat-novitaet","7":"product_cat-romane","8":"product_tag-august-schmoelzer","9":"product_tag-dorfleben","10":"product_tag-edition-keiper","11":"product_tag-heimat","12":"product_tag-heimatroman","13":"product_tag-kulinarik","14":"product_tag-oesterreichische-literatur","15":"product_tag-schilcher","16":"product_tag-st-vinzenz","17":"product_tag-suedweststeiermark","19":"first","20":"instock","21":"shipping-taxable","22":"purchasable","23":"product-type-simple"},"_links":{"self":[{"href":"https:\/\/www.editionkeiper.at\/shop\/wp-json\/wp\/v2\/product\/16461","targetHints":{"allow":["GET"]}}],"collection":[{"href":"https:\/\/www.editionkeiper.at\/shop\/wp-json\/wp\/v2\/product"}],"about":[{"href":"https:\/\/www.editionkeiper.at\/shop\/wp-json\/wp\/v2\/types\/product"}],"replies":[{"embeddable":true,"href":"https:\/\/www.editionkeiper.at\/shop\/wp-json\/wp\/v2\/comments?post=16461"}],"wp:featuredmedia":[{"embeddable":true,"href":"https:\/\/www.editionkeiper.at\/shop\/wp-json\/wp\/v2\/media\/16463"}],"wp:attachment":[{"href":"https:\/\/www.editionkeiper.at\/shop\/wp-json\/wp\/v2\/media?parent=16461"}],"wp:term":[{"taxonomy":"brand","embeddable":true,"href":"https:\/\/www.editionkeiper.at\/shop\/wp-json\/wp\/v2\/etheme_brands?post=16461"},{"taxonomy":"product_brand","embeddable":true,"href":"https:\/\/www.editionkeiper.at\/shop\/wp-json\/wp\/v2\/product_brand?post=16461"},{"taxonomy":"product_cat","embeddable":true,"href":"https:\/\/www.editionkeiper.at\/shop\/wp-json\/wp\/v2\/product_cat?post=16461"},{"taxonomy":"product_tag","embeddable":true,"href":"https:\/\/www.editionkeiper.at\/shop\/wp-json\/wp\/v2\/product_tag?post=16461"},{"taxonomy":"yst_prominent_words","embeddable":true,"href":"https:\/\/www.editionkeiper.at\/shop\/wp-json\/wp\/v2\/yst_prominent_words?post=16461"}],"curies":[{"name":"wp","href":"https:\/\/api.w.org\/{rel}","templated":true}]}}