{"id":16459,"date":"2026-05-05T14:50:34","date_gmt":"2026-05-05T12:50:34","guid":{"rendered":"https:\/\/www.editionkeiper.at\/shop\/?post_type=product&#038;p=16459"},"modified":"2026-05-06T13:26:59","modified_gmt":"2026-05-06T11:26:59","slug":"oberdenglers-wahrheiten","status":"publish","type":"product","link":"https:\/\/www.editionkeiper.at\/shop\/produkt\/oberdenglers-wahrheiten\/","title":{"rendered":"Oberdenglers Wahrheiten"},"content":{"rendered":"<h2 data-start=\"492\" data-end=\"650\">Oberdenglers Wahrheiten<\/h2>\n<p data-start=\"492\" data-end=\"650\"><strong>Essays von <span style=\"color: #993366;\"><a style=\"color: #993366;\" href=\"https:\/\/www.editionkeiper.at\/shop\/schmoelzer-august\/\" target=\"_blank\" rel=\"noopener\">August Schm\u00f6lzer<\/a><\/span><\/strong><\/p>\n<p data-start=\"492\" data-end=\"650\">August Schm\u00f6lzer geh\u00f6rt nicht zu jenen, die einfachen Antworten vorschnell glauben. Er schaut genau hin. Er h\u00f6rt zu. Und er macht sich seine eigenen Gedanken. In seinen Texten geht es um Zivilcourage, klare Haltung und den Mut, auch unbequeme Themen anzusprechen. Schm\u00f6lzer widerspricht dort, wo Vereinfachung, Populismus und laute Parolen den Blick auf die Wirklichkeit verstellen. Bekannt sind viele dieser Gedanken aus seiner monatlichen Radiosendung mit Sepp Oberdengler. F\u00fcr alle, die sie nicht h\u00f6ren konnten oder noch einmal nachlesen m\u00f6chten, liegen sie nun in Buchform vor. Pers\u00f6nliche Statements eines Schauspielers, der sich einmischt. Wach, kritisch und mit einem klaren Blick auf unsere Zeit.<\/p>\n<blockquote>\n<p class=\"p1\"><span class=\"s1\"><i>\u00bbLiebe Steirer und -innen! Es gr\u00fc\u00dft Sie Sepp Oberdengler zur monatlichen Rundschau.\u00ab<\/i><\/span><\/p>\n<p class=\"p1\"><span class=\"s1\">Auf diese Weise meldet sich August Schm\u00f6lzer monatlich auf Radio Steiermark und im Magazin FAZIT zu Wort und macht das zum Thema, was ihm gerade unter den Fingern\u00e4geln brennt. Und es w\u00e4re nicht er, wenn er<span class=\"Apple-converted-space\">\u00a0 <\/span>Angst vor hei\u00dfen Themen h\u00e4tte. Schm\u00f6lzer \u00e4u\u00dfert sich zu Wahlergebnissen und Jahreszeiten, zu Politikern und Lebensanschauungen. Dies alles in einer Grundeinstellung, die Achtung vor dem anderen hat: <i>\u00bbGlaubt\u2019s mir, die Leut\u2018 sind g\u2019scheiter, als manche von euch denken.\u00ab<\/i> Und trotzdem schaut er mit scharfem Blick hinter das Vordergr\u00fcndige und fragt so lange nach, bis er es genau wei\u00df. Denn:<\/span><\/p>\n<p class=\"p1\"><span class=\"s1\"><i>\u00bbAufpass\u2019n!, der Teifl schloft net, bis zum n\u00e4chsten Mal, euer Sepp Oberdengler.\u00ab<\/i><\/span><\/p>\n<\/blockquote>\n<p><strong>Preis:<\/strong> AT \u20ac 20,00 \/ DE \u20ac 19,44<br \/>\n<strong>Seiten:<\/strong> 160<br \/>\n<strong>ISBN13:<\/strong> 978-3-903575-85-1<br \/>\n<strong>Erscheinungsdatum:<\/strong> September 2026<br \/>\n<strong>Sprache:<\/strong>\u00a0Deutsch<br \/>\n<strong>Format:<\/strong> 12,5 x 21 cm; Klappenbroschur<\/p>\n","protected":false},"excerpt":{"rendered":"<p>August Schm\u00f6lzer beobachtet genau, ist kritisch und scheut keine hei\u00dfen Themen. In seinen Texten bezieht er Stellung \u2013 gegen Vereinfachung, Populismus und laute Parolen.<\/p>\n<ul data-start=\"148\" data-end=\"269\">\n<li data-section-id=\"xctgh1\" data-start=\"148\" data-end=\"189\"><strong data-start=\"151\" data-end=\"189\">August Schm\u00f6lzer bezieht Stellung.<\/strong><\/li>\n<li data-section-id=\"13376ce\" data-start=\"190\" data-end=\"231\"><strong data-start=\"193\" data-end=\"231\">Klare Worte in unruhigen Zeiten.<\/strong><\/li>\n<li data-section-id=\"wocl0w\" data-start=\"232\" data-end=\"269\"><strong data-start=\"235\" data-end=\"269\">Sepp Oberdengler, bekannt aus Radio Steiermark, zum Nachlesen.<\/strong><\/li>\n<\/ul>\n<blockquote>\n<p class=\"p1\"><i>&#8222;Ich wei\u00df genau, wie gut es uns in \u00d6sterreich geht, und dass daf\u00fcr viele g\u2018scheite und ehrliche Menschen Gro\u00dfes <\/i><i>leisten und geleistet\u00a0<\/i><i>haben.&#8220;<\/i><\/p>\n<\/blockquote>\n<hr \/>\n<p data-section-id=\"1hs52y4\" data-start=\"271\" data-end=\"290\"><span style=\"color: #993366;\"><strong>Erh\u00e4ltlich ab 15. September 2026.<\/strong><\/span><br \/>\n<span style=\"color: #993366;\"><strong>Titel jetzt vorbestellen!<\/strong><\/span><\/p>\n","protected":false},"featured_media":16460,"comment_status":"open","ping_status":"closed","template":"","meta":[],"etheme_brands":[],"product_brand":[],"product_cat":[3506,3680],"product_tag":[5384,4522,356,389,695,5385,1335,665,5382,5383,4525,5380,3112,5381],"yst_prominent_words":[],"class_list":{"0":"post-16459","1":"product","2":"type-product","3":"status-publish","4":"has-post-thumbnail","6":"product_cat-essays","7":"product_cat-novitaet","8":"product_tag-am-ende-wurde-alles-sichtbar","9":"product_tag-august-schmoelzer","10":"product_tag-edition-keiper","11":"product_tag-haltung","12":"product_tag-heimat","13":"product_tag-heimat-die-rueckkehr","14":"product_tag-kolumnen","15":"product_tag-oesterreichische-literatur","16":"product_tag-populismus","17":"product_tag-radiosendung","18":"product_tag-schauspieler","19":"product_tag-sepp-oberdengler","20":"product_tag-zeitkritik","21":"product_tag-zivilcourage","23":"first","24":"instock","25":"shipping-taxable","26":"purchasable","27":"product-type-simple"},"_links":{"self":[{"href":"https:\/\/www.editionkeiper.at\/shop\/wp-json\/wp\/v2\/product\/16459","targetHints":{"allow":["GET"]}}],"collection":[{"href":"https:\/\/www.editionkeiper.at\/shop\/wp-json\/wp\/v2\/product"}],"about":[{"href":"https:\/\/www.editionkeiper.at\/shop\/wp-json\/wp\/v2\/types\/product"}],"replies":[{"embeddable":true,"href":"https:\/\/www.editionkeiper.at\/shop\/wp-json\/wp\/v2\/comments?post=16459"}],"wp:featuredmedia":[{"embeddable":true,"href":"https:\/\/www.editionkeiper.at\/shop\/wp-json\/wp\/v2\/media\/16460"}],"wp:attachment":[{"href":"https:\/\/www.editionkeiper.at\/shop\/wp-json\/wp\/v2\/media?parent=16459"}],"wp:term":[{"taxonomy":"brand","embeddable":true,"href":"https:\/\/www.editionkeiper.at\/shop\/wp-json\/wp\/v2\/etheme_brands?post=16459"},{"taxonomy":"product_brand","embeddable":true,"href":"https:\/\/www.editionkeiper.at\/shop\/wp-json\/wp\/v2\/product_brand?post=16459"},{"taxonomy":"product_cat","embeddable":true,"href":"https:\/\/www.editionkeiper.at\/shop\/wp-json\/wp\/v2\/product_cat?post=16459"},{"taxonomy":"product_tag","embeddable":true,"href":"https:\/\/www.editionkeiper.at\/shop\/wp-json\/wp\/v2\/product_tag?post=16459"},{"taxonomy":"yst_prominent_words","embeddable":true,"href":"https:\/\/www.editionkeiper.at\/shop\/wp-json\/wp\/v2\/yst_prominent_words?post=16459"}],"curies":[{"name":"wp","href":"https:\/\/api.w.org\/{rel}","templated":true}]}}