{"id":16318,"date":"2026-02-24T14:29:23","date_gmt":"2026-02-24T13:29:23","guid":{"rendered":"https:\/\/www.editionkeiper.at\/shop\/?post_type=product&#038;p=16318"},"modified":"2026-02-24T14:59:01","modified_gmt":"2026-02-24T13:59:01","slug":"grado-der-ins-meer-hineingerufene-ort-broschur","status":"publish","type":"product","link":"https:\/\/www.editionkeiper.at\/shop\/produkt\/grado-der-ins-meer-hineingerufene-ort-broschur\/","title":{"rendered":"Grado \u2013 Der ins Meer hineingerufene Ort."},"content":{"rendered":"<h2>Grado \u2013 Der ins Meer hineingerufene Ort.<\/h2>\n<p><strong>Reiseliteratur von <a href=\"https:\/\/www.editionkeiper.at\/shop\/markart-mike\/\"><span style=\"color: #993366;\">Mike Markart<\/span><\/a> und <span style=\"color: #993366;\"><a style=\"color: #993366;\" href=\"https:\/\/www.editionkeiper.at\/shop\/wanko-martin-g-2\/\">Martin G. Wanko<\/a><\/span><\/strong><\/p>\n<p class=\"p1\">Grado ist eine Insel. Grado ist Aquileias Tochter und die Mutter von Triest und Venedig. Dazu isst man in Grado wei\u00dfe Polenta, wie in jedem Fischerdorf. Grado hat zwei Vespas, drei Weinbars und einen Strand, der im Herbst verf\u00fchrerisch menschenleer ausschaut. Martin G. Wanko macht sich auf den Weg und schaut sich das an.<\/p>\n<p class=\"p2\">Mike Markart erz\u00e4hlt unter dem Titel <i>Mein perlenheller Ort<\/i> die opulente Geschichte seiner Familie, die seit Ende der 1960er-Jahre auch ein Standbein in Grado hat und die Entwicklung und das Leben des Ortes also \u00fcber Jahrzehnte miterlebt. Erwartungsgem\u00e4\u00df faltet er ein reichhaltiges Textwerk auseinander. Auch der Gedichtezyklus <i>Cimitorio (Cimiterium \/ Dormitorio). \u00dcber den Wohlgeruch des Abschieds. Den Schutzraum der Erinnerung. Und die endg\u00fcltige Liebe<\/i> stammt aus seiner Feder.<\/p>\n<p>Mit vielen Schwarzwei\u00df-Fotos von Clarissa Berner, Mike Markart und Martin G. Wanko.<\/p>\n<p><strong>Preis:<\/strong> AT \u20ac 20,00 \/ DE \u20ac 19,45<br \/>\n<strong>Seiten:<\/strong> 152<br \/>\n<strong>ISBN13:<\/strong> 978-3-903575-83-7<br \/>\n<strong>Erscheinungsdatum:<\/strong> 10. November 2025<br \/>\n<strong>Sprache:<\/strong>\u00a0Deutsch<br \/>\n<strong>Format:<\/strong> 12 x 20 cm; Broschur<\/p>\n<p><strong><span style=\"color: #993366;\">Hier gehts zur Leseprobe: <a style=\"color: #993366;\" href=\"https:\/\/www.editionkeiper.at\/shop\/wp-content\/uploads\/2025\/05\/Leseprobe_Grado_Markart_Wanko_edition_keiper.pdf\" target=\"_blank\" rel=\"noopener\">&gt;&gt;Download&lt;&lt;<\/a><\/span><\/strong><\/p>\n<p><span style=\"color: #993366;\"><strong><a style=\"color: #993366;\" href=\"https:\/\/www.editionkeiper.at\/shop\/wp-content\/uploads\/2025\/05\/Leseprobe_Grado_Markart_Wanko_edition_keiper.pdf\" target=\"_blank\" rel=\"noopener\"><img loading=\"lazy\" loading=\"lazy\" decoding=\"async\" class=\"alignleft size-full wp-image-13777\" src=\"https:\/\/www.editionkeiper.at\/shop\/wp-content\/uploads\/2024\/01\/Leseprobe_Verlag_Keiper.png\" alt=\"\" width=\"90\" height=\"125\" srcset=\"https:\/\/www.editionkeiper.at\/shop\/wp-content\/uploads\/2024\/01\/Leseprobe_Verlag_Keiper.png 90w, https:\/\/www.editionkeiper.at\/shop\/wp-content\/uploads\/2024\/01\/Leseprobe_Verlag_Keiper-7x10.png 7w\" sizes=\"auto, (max-width: 90px) 100vw, 90px\" \/><\/a><\/strong><\/span><\/p>\n<p>&nbsp;<\/p>\n","protected":false},"excerpt":{"rendered":"<p>Neue Sichtweisen auf Grado: Mike Markart und Martin G. Wanko verbinden Reportage, Prosa und Lyrik zu einem gemeinsamen Buch \u00fcber Sehnsucht, Familie, Erinnerung und Abschied \u2013 zwischen Vespas, wei\u00dfer Polenta und leeren Str\u00e4nden.<\/p>\n<blockquote><p>&#8222;Selbst Menschen, die Grado wie ihre Westentasche zu kennen glauben, werden das Buch mit Genuss lesen. Abgerundet werden die Texte durch eine Reihe von Schwarzwei\u00df-Fotos und durch drei Beitr\u00e4ge aus italienischer Feder. Molto bene.&#8220;<br \/>\nWolfgang K\u00fchnelt, Haubentaucher<\/p><\/blockquote>\n<blockquote><p>&#8222;Den Leser erwarten Reiseprosa mit Meerwert, Lebensliebeslyrik in der \u201el\u2019osteria di mare\u201c und Fotos in Schwarz und Wei\u00df, durch die Linse der Autoren und von Clarissa Berner geschossen. Wer Sehnsucht hat, aber nicht am Trip ist: reinbl\u00e4ttern!&#8220;<br \/>\nBernd Hecke, Kleine Zeitung<\/p>\n<p>&#8222;Der pers\u00f6nliche literarische Blick, eine Mischung aus Reiseliteratur, Reportage, Prosa und Lyrik, die eigenen Erfahrungen, Erinnerungen und die einzigartige Atmosph\u00e4re des italienischen K\u00fcstenorts Grado lassen das 152 Seiten z\u00e4hlende Werk zu einer Perle der Literatur werden.&#8220;<br \/>\nMarion Crone, Vorarlberger Nachrichten<\/p><\/blockquote>\n","protected":false},"featured_media":15396,"comment_status":"open","ping_status":"closed","template":"","meta":[],"etheme_brands":[],"product_brand":[],"product_cat":[3684,1395,3680],"product_tag":[3099,5152,336,5150,5147,356,1283,3098,1000,634,348,174,1125,5146,1124,668,3093,5151,2796,5148,5149,832,996,109],"yst_prominent_words":[],"class_list":{"0":"post-16318","1":"product","2":"type-product","3":"status-publish","4":"has-post-thumbnail","6":"product_cat-kurztexte","7":"product_cat-lyrik","8":"product_cat-novitaet","9":"product_tag-adria","10":"product_tag-badeort","11":"product_tag-belletristik","12":"product_tag-buchneuerscheinung","13":"product_tag-cimitorio","14":"product_tag-edition-keiper","15":"product_tag-familiengeschichte","16":"product_tag-grado","17":"product_tag-insel","18":"product_tag-italien","19":"product_tag-literatur","20":"product_tag-lyrik","21":"product_tag-martin-g-wanko","22":"product_tag-mein-perlenheller-ort","23":"product_tag-mike-markart","24":"product_tag-neuerscheinung","25":"product_tag-obere-adria","26":"product_tag-oesterreichische-autoren","27":"product_tag-prosa","28":"product_tag-reportage","29":"product_tag-sehnsuchtsort","30":"product_tag-strand","31":"product_tag-urlaub","32":"product_tag-www-editionkeiper-at","34":"first","35":"instock","36":"shipping-taxable","37":"purchasable","38":"product-type-simple"},"_links":{"self":[{"href":"https:\/\/www.editionkeiper.at\/shop\/wp-json\/wp\/v2\/product\/16318","targetHints":{"allow":["GET"]}}],"collection":[{"href":"https:\/\/www.editionkeiper.at\/shop\/wp-json\/wp\/v2\/product"}],"about":[{"href":"https:\/\/www.editionkeiper.at\/shop\/wp-json\/wp\/v2\/types\/product"}],"replies":[{"embeddable":true,"href":"https:\/\/www.editionkeiper.at\/shop\/wp-json\/wp\/v2\/comments?post=16318"}],"wp:featuredmedia":[{"embeddable":true,"href":"https:\/\/www.editionkeiper.at\/shop\/wp-json\/wp\/v2\/media\/15396"}],"wp:attachment":[{"href":"https:\/\/www.editionkeiper.at\/shop\/wp-json\/wp\/v2\/media?parent=16318"}],"wp:term":[{"taxonomy":"brand","embeddable":true,"href":"https:\/\/www.editionkeiper.at\/shop\/wp-json\/wp\/v2\/etheme_brands?post=16318"},{"taxonomy":"product_brand","embeddable":true,"href":"https:\/\/www.editionkeiper.at\/shop\/wp-json\/wp\/v2\/product_brand?post=16318"},{"taxonomy":"product_cat","embeddable":true,"href":"https:\/\/www.editionkeiper.at\/shop\/wp-json\/wp\/v2\/product_cat?post=16318"},{"taxonomy":"product_tag","embeddable":true,"href":"https:\/\/www.editionkeiper.at\/shop\/wp-json\/wp\/v2\/product_tag?post=16318"},{"taxonomy":"yst_prominent_words","embeddable":true,"href":"https:\/\/www.editionkeiper.at\/shop\/wp-json\/wp\/v2\/yst_prominent_words?post=16318"}],"curies":[{"name":"wp","href":"https:\/\/api.w.org\/{rel}","templated":true}]}}