{"id":16105,"date":"2026-01-16T12:44:30","date_gmt":"2026-01-16T11:44:30","guid":{"rendered":"https:\/\/www.editionkeiper.at\/shop\/?post_type=product&#038;p=16105"},"modified":"2026-01-30T10:50:42","modified_gmt":"2026-01-30T09:50:42","slug":"erich-wolfgang-skwara-spaete-gedichte","status":"publish","type":"product","link":"https:\/\/www.editionkeiper.at\/shop\/produkt\/erich-wolfgang-skwara-spaete-gedichte\/","title":{"rendered":"Sprungbrett und Sarg.  Sp\u00e4te Gedichte 1998\u20132023 \u2013 keiper lyrik 36"},"content":{"rendered":"<h2>Sprungbrett und Sarg. Sp\u00e4te Gedichte 1998\u20132023<\/h2>\n<h3>keiper lyrik 36 von <a href=\"https:\/\/www.editionkeiper.at\/shop\/skwara-erich-wolfgang\/\"><span style=\"color: #993366;\">Erich Wolfgang Skwara<\/span><\/a><\/h3>\n<p>Erich Wolfgang Skwara legt mit seinen sp\u00e4ten Gedichten ein eindrucksvolles Alterswerk vor. Die sch\u00f6pferische Energie eines umfangreichen literarischen \u0152uvres aus Romanen, Essays, Lyrik und \u00dcbersetzungen verdichtet sich hier zu klaren, offenen Versen. Diese Gedichte verbergen nichts, sie erz\u00e4hlen freim\u00fctig vom Erfahrungsreichtum eines von Intellektualit\u00e4t und tiefer Menschlichkeit gepr\u00e4gten Lebens. Wehmut, Schmerz und das Wissen um eigene Fehler finden ebenso Raum wie die Erkenntnis, dass gerade im klaren Benennen das R\u00e4tselhafte bestehen bleibt. Der Titel l\u00e4dt zur Reflexion ein: Sprungbrett und Sarg \u2013 aus demselben Holz geschnitzt. Ein lyrischer Spiegel f\u00fcr alle, die dem Leben unmittelbar begegnen wollen.<br data-start=\"1067\" data-end=\"1070\" \/><em data-start=\"1070\" data-end=\"1125\">(Reihe keiper lyrik, herausgegeben von Helwig Brunner)<\/em><\/p>\n<p><strong>Preis:<\/strong> AT \u20ac 16,50 \/ DE \u20ac 16,05<br \/>\n<strong>Seiten:<\/strong> ca. 92<br \/>\n<strong>ISBN13:<\/strong> 978-3-903575-78-3<br \/>\n<strong>Erscheinungsdatum:<\/strong> 05. M\u00e4rz 2026<br \/>\n<strong>Sprache:<\/strong>\u00a0Deutsch<br \/>\n<strong>Format:<\/strong> 11,0 x 17,6 cm; Broschur<\/p>\n<p><strong>Download <a href=\"https:\/\/www.editionkeiper.at\/shop\/wp-content\/uploads\/2026\/01\/Leseprobe_keiperlyrik_36_Skwara_Sprungbrett-und-Sarg_Lyrikreihe_Verlag_Keiper.pdf\" target=\"_blank\" rel=\"noopener\"><span style=\"color: #993366;\">&gt;&gt;&gt;Leseprobe&lt;&lt;&lt;<\/span><\/a><\/strong><\/p>\n<p><a href=\"https:\/\/www.editionkeiper.at\/shop\/wp-content\/uploads\/2026\/01\/Leseprobe_keiperlyrik_36_Skwara_Sprungbrett-und-Sarg_Lyrikreihe_Verlag_Keiper.pdf\" target=\"_blank\" rel=\"noopener\"><img loading=\"lazy\" loading=\"lazy\" decoding=\"async\" class=\"alignleft size-full wp-image-13777\" src=\"https:\/\/www.editionkeiper.at\/shop\/wp-content\/uploads\/2024\/01\/Leseprobe_Verlag_Keiper.png\" alt=\"\" width=\"90\" height=\"125\" srcset=\"https:\/\/www.editionkeiper.at\/shop\/wp-content\/uploads\/2024\/01\/Leseprobe_Verlag_Keiper.png 90w, https:\/\/www.editionkeiper.at\/shop\/wp-content\/uploads\/2024\/01\/Leseprobe_Verlag_Keiper-7x10.png 7w\" sizes=\"auto, (max-width: 90px) 100vw, 90px\" \/><\/a><\/p>\n","protected":false},"excerpt":{"rendered":"<p>Die sp\u00e4ten Gedichte von Erich Wolfgang Skwara vereinen Klarheit, Offenheit und existenzielle Tiefe. Ohne Hermetik erz\u00e4hlen sie von Lebenserfahrung, Schmerz, Menschlichkeit und dem R\u00e4tsel des Daseins. Ein starkes Alterswerk in der Reihe <em data-start=\"1409\" data-end=\"1423\">keiper lyrik<\/em>.<\/p>\n<blockquote>\n<p class=\"p1\"><span class=\"s1\"><b>Frage<\/b><\/span><i><br \/>\nWarum wird es so schwer<br \/>\n<\/i><i>deinen Herbst zu bewahren<br \/>\n<\/i><i>wenn um dich alles welkt<br \/>\n<\/i><i>und die Sonne schon wieder untergeht<br \/>\n<\/i><i>gleich wie es scheint nach deinem Erwachen?<br \/>\n<\/i><i>Du kommst mit dem Schauen nicht zurecht<br \/>\n<\/i><i>schnappst gierig nach Bildern<br \/>\n<\/i><i>ein an Land geworfener Fisch.<br \/>\n<\/i><i>Wie bliebe Zeit zum Innehalten<br \/>\n<\/i><i>zum Begreifen der Stra\u00dfe die du gehst.<\/i><\/p>\n<p class=\"p2\"><i>Firenze<\/i><i> <\/i><\/p>\n<\/blockquote>\n<hr \/>\n<p><strong><span style=\"color: #993366;\">Titel jetzt vorbestellen!<\/span><\/strong><br \/>\n<strong><span style=\"color: #993366;\">Erscheinungstermin ist der 05. M\u00e4rz 2026<\/span><\/strong><\/p>\n","protected":false},"featured_media":16106,"comment_status":"open","ping_status":"closed","template":"","meta":[],"etheme_brands":[],"product_brand":[],"product_cat":[2604,3680],"product_tag":[5336,5337,5334,392,655,557,174,173,5338,323,5335,121,109,653],"yst_prominent_words":[3285,3345,3306],"class_list":{"0":"post-16105","1":"product","2":"type-product","3":"status-publish","4":"has-post-thumbnail","6":"product_cat-die-reihe-keiper-lyrik","7":"product_cat-novitaet","8":"product_tag-alterswerk","9":"product_tag-deutschsprachige-lyrik","10":"product_tag-erich-wolfgang-skwara","11":"product_tag-existenz","12":"product_tag-helwig-brunner","13":"product_tag-keiper-lyrik","14":"product_tag-lyrik","15":"product_tag-lyrikreihe","16":"product_tag-offenheit","17":"product_tag-oesterreich","18":"product_tag-spaete-gedichte","19":"product_tag-verlag","20":"product_tag-www-editionkeiper-at","21":"product_tag-zeitgenoessische-lyrik","23":"first","24":"instock","25":"shipping-taxable","26":"purchasable","27":"product-type-simple"},"_links":{"self":[{"href":"https:\/\/www.editionkeiper.at\/shop\/wp-json\/wp\/v2\/product\/16105","targetHints":{"allow":["GET"]}}],"collection":[{"href":"https:\/\/www.editionkeiper.at\/shop\/wp-json\/wp\/v2\/product"}],"about":[{"href":"https:\/\/www.editionkeiper.at\/shop\/wp-json\/wp\/v2\/types\/product"}],"replies":[{"embeddable":true,"href":"https:\/\/www.editionkeiper.at\/shop\/wp-json\/wp\/v2\/comments?post=16105"}],"wp:featuredmedia":[{"embeddable":true,"href":"https:\/\/www.editionkeiper.at\/shop\/wp-json\/wp\/v2\/media\/16106"}],"wp:attachment":[{"href":"https:\/\/www.editionkeiper.at\/shop\/wp-json\/wp\/v2\/media?parent=16105"}],"wp:term":[{"taxonomy":"brand","embeddable":true,"href":"https:\/\/www.editionkeiper.at\/shop\/wp-json\/wp\/v2\/etheme_brands?post=16105"},{"taxonomy":"product_brand","embeddable":true,"href":"https:\/\/www.editionkeiper.at\/shop\/wp-json\/wp\/v2\/product_brand?post=16105"},{"taxonomy":"product_cat","embeddable":true,"href":"https:\/\/www.editionkeiper.at\/shop\/wp-json\/wp\/v2\/product_cat?post=16105"},{"taxonomy":"product_tag","embeddable":true,"href":"https:\/\/www.editionkeiper.at\/shop\/wp-json\/wp\/v2\/product_tag?post=16105"},{"taxonomy":"yst_prominent_words","embeddable":true,"href":"https:\/\/www.editionkeiper.at\/shop\/wp-json\/wp\/v2\/yst_prominent_words?post=16105"}],"curies":[{"name":"wp","href":"https:\/\/api.w.org\/{rel}","templated":true}]}}