{"id":16091,"date":"2026-01-16T11:08:15","date_gmt":"2026-01-16T10:08:15","guid":{"rendered":"https:\/\/www.editionkeiper.at\/shop\/?post_type=product&#038;p=16091"},"modified":"2026-01-26T13:06:04","modified_gmt":"2026-01-26T12:06:04","slug":"geisterstunden-erzaehlungen","status":"publish","type":"product","link":"https:\/\/www.editionkeiper.at\/shop\/produkt\/geisterstunden-erzaehlungen\/","title":{"rendered":"Geisterstunden \u2013 Erz\u00e4hlungen"},"content":{"rendered":"<h2>Geisterstunden<\/h2>\n<h3>Erz\u00e4hlungen von <a href=\"https:\/\/www.editionkeiper.at\/shop\/elementor-13872\/\"><span style=\"color: #993366;\">Johannes Wally<\/span><\/a><\/h3>\n<p>In <em data-start=\"213\" data-end=\"233\">Geisterstunden<\/em> versammelt Johannes Wally zehn Erz\u00e4hlungen \u00fcber Momente des pl\u00f6tzlichen Auftauchens. Seine Figuren versuchen, den Geistern zu entkommen, die sie gerufen haben \u2013 manchmal dem eigenen Leben, manchmal einem fremden, manchmal etwas Unfassbarem. Ob beim Radfahrenlernen, beim Verschenken eines Dinosauriers oder in einem Stra\u00dfenbahnsimulator: die Flucht gelingt selten. Doch stets geschieht etwas anderes \u2013 eine Erkenntnis, eine Entspannung, eine richtig gute Geschichte. Johannes Wally f\u00fchrt Leser:innen an die Schnittstelle von Bekanntem und Fremdem, von Bef\u00fcrchtetem und Erhofftem und erz\u00e4hlt vom Spuk der Gedanken, den wir uns selbst machen.<\/p>\n<p><strong>Preis:<\/strong> AT \u20ac 23,00 \/ DE \u20ac 22,37<br \/>\n<strong>Seiten:<\/strong> 152<br \/>\n<strong>ISBN13:<\/strong> 978-3-903575-74-5<br \/>\n<strong>Erscheinungsdatum:<\/strong> 02. M\u00e4rz 2026<br \/>\n<strong>Sprache:<\/strong>\u00a0Deutsch<br \/>\n<strong>Format:<\/strong> 13 x 20 cm; Pappband<\/p>\n<p><strong>Download <a href=\"https:\/\/www.editionkeiper.at\/shop\/wp-content\/uploads\/2026\/01\/Leseprobe_Wally_Johannes_Geisterstunden_Erzaehlungen_Verlag_Keiper.pdf\" target=\"_blank\" rel=\"noopener\"><span style=\"color: #993366;\">&gt;&gt;&gt;Leseprobe&lt;&lt;&lt;<\/span><\/a><\/strong><\/p>\n<p><a href=\"https:\/\/www.editionkeiper.at\/shop\/wp-content\/uploads\/2026\/01\/Leseprobe_Wally_Johannes_Geisterstunden_Erzaehlungen_Verlag_Keiper.pdf\" target=\"_blank\" rel=\"noopener\"><img loading=\"lazy\" loading=\"lazy\" decoding=\"async\" class=\"alignleft size-full wp-image-13777\" src=\"https:\/\/www.editionkeiper.at\/shop\/wp-content\/uploads\/2024\/01\/Leseprobe_Verlag_Keiper.png\" alt=\"\" width=\"90\" height=\"125\" srcset=\"https:\/\/www.editionkeiper.at\/shop\/wp-content\/uploads\/2024\/01\/Leseprobe_Verlag_Keiper.png 90w, https:\/\/www.editionkeiper.at\/shop\/wp-content\/uploads\/2024\/01\/Leseprobe_Verlag_Keiper-7x10.png 7w\" sizes=\"auto, (max-width: 90px) 100vw, 90px\" \/><\/a><\/p>\n","protected":false},"excerpt":{"rendered":"<p>Zehn Erz\u00e4hlungen \u00fcber allt\u00e4gliche und pers\u00f6nliche Geisterstunden: Johannes Wally zeigt Figuren im Versuch, inneren und \u00e4u\u00dferen Geistern zu entkommen. Kleine Prosa mit gro\u00dfer Tiefe \u2013 \u00fcberraschend, pr\u00e4zise und nah am Leben.<\/p>\n<hr \/>\n<p><span style=\"color: #993366;\"><strong>Titel jetzt vorbestellen!<br \/>\nErscheinungstermin ist der 02. M\u00e4rz 2026<\/strong><\/span><\/p>\n","protected":false},"featured_media":16092,"comment_status":"closed","ping_status":"closed","template":"","meta":[],"etheme_brands":[],"product_brand":[],"product_cat":[3685,3680],"product_tag":[405,336,5328,356,1024,660,241,5329,5327,117,300,348,665,209,121,109],"yst_prominent_words":[],"class_list":{"0":"post-16091","1":"product","2":"type-product","3":"status-publish","4":"has-post-thumbnail","6":"product_cat-erzaehlungen","7":"product_cat-novitaet","8":"product_tag-alltagsgeschichten","9":"product_tag-belletristik","10":"product_tag-die-geisterstunden","11":"product_tag-edition-keiper","12":"product_tag-erzaehlband","13":"product_tag-gegenwartsliteratur","14":"product_tag-graz","15":"product_tag-innere-konflikte","16":"product_tag-johannes-wally","17":"product_tag-keiper","18":"product_tag-kurzprosa","19":"product_tag-literatur","20":"product_tag-oesterreichische-literatur","21":"product_tag-steiermark","22":"product_tag-verlag","23":"product_tag-www-editionkeiper-at","25":"first","26":"instock","27":"shipping-taxable","28":"purchasable","29":"product-type-simple"},"_links":{"self":[{"href":"https:\/\/www.editionkeiper.at\/shop\/wp-json\/wp\/v2\/product\/16091","targetHints":{"allow":["GET"]}}],"collection":[{"href":"https:\/\/www.editionkeiper.at\/shop\/wp-json\/wp\/v2\/product"}],"about":[{"href":"https:\/\/www.editionkeiper.at\/shop\/wp-json\/wp\/v2\/types\/product"}],"replies":[{"embeddable":true,"href":"https:\/\/www.editionkeiper.at\/shop\/wp-json\/wp\/v2\/comments?post=16091"}],"wp:featuredmedia":[{"embeddable":true,"href":"https:\/\/www.editionkeiper.at\/shop\/wp-json\/wp\/v2\/media\/16092"}],"wp:attachment":[{"href":"https:\/\/www.editionkeiper.at\/shop\/wp-json\/wp\/v2\/media?parent=16091"}],"wp:term":[{"taxonomy":"brand","embeddable":true,"href":"https:\/\/www.editionkeiper.at\/shop\/wp-json\/wp\/v2\/etheme_brands?post=16091"},{"taxonomy":"product_brand","embeddable":true,"href":"https:\/\/www.editionkeiper.at\/shop\/wp-json\/wp\/v2\/product_brand?post=16091"},{"taxonomy":"product_cat","embeddable":true,"href":"https:\/\/www.editionkeiper.at\/shop\/wp-json\/wp\/v2\/product_cat?post=16091"},{"taxonomy":"product_tag","embeddable":true,"href":"https:\/\/www.editionkeiper.at\/shop\/wp-json\/wp\/v2\/product_tag?post=16091"},{"taxonomy":"yst_prominent_words","embeddable":true,"href":"https:\/\/www.editionkeiper.at\/shop\/wp-json\/wp\/v2\/yst_prominent_words?post=16091"}],"curies":[{"name":"wp","href":"https:\/\/api.w.org\/{rel}","templated":true}]}}