{"id":16078,"date":"2026-01-16T10:29:06","date_gmt":"2026-01-16T09:29:06","guid":{"rendered":"https:\/\/www.editionkeiper.at\/shop\/?post_type=product&#038;p=16078"},"modified":"2026-01-30T10:43:49","modified_gmt":"2026-01-30T09:43:49","slug":"frauenroman-burgenland-maturatreffen","status":"publish","type":"product","link":"https:\/\/www.editionkeiper.at\/shop\/produkt\/frauenroman-burgenland-maturatreffen\/","title":{"rendered":"Klasse Frauen"},"content":{"rendered":"<h2>Klasse Frauen<\/h2>\n<h3>Roman von <a href=\"https:\/\/www.editionkeiper.at\/shop\/kerstinger-andrea\/\"><span style=\"color: #993366;\"><strong>Andrea Kerstinger<\/strong><\/span><\/a><\/h3>\n<p>Als Rebekka ein Maturatreffen initiiert, kommt Bewegung in das Leben jener Frauen, die sich seit ihrer Schulzeit im Burgenland kennen. Unterschiedliche Lebenswege, verdr\u00e4ngte Erinnerungen und verteidigte Entscheidungen treten zutage. \u00dcber das ganze Burgenland verteilt, spiegeln die Frauen die sprachliche und kulturelle Vielfalt der Region wider: Burgenland-Kroatisch, Ungarisch, Hianzisch, Dialekt, Romani und Ukrainisch finden selbstverst\u00e4ndlich Platz. Das Maturatreffen selbst bleibt ausgespart \u2013 und entsteht doch im Kopf der Leser:innen. Andrea Kerstinger zeichnet ein vielschichtiges Portr\u00e4t von Frauen Mitte vierzig, gepr\u00e4gt von Solidarit\u00e4t, Lebensrealit\u00e4ten und einer tiefen Verbundenheit mit dem Burgenland.<\/p>\n<p><strong>Preis:<\/strong> AT \u20ac 22,00 \/ DE \u20ac 21,40<br \/>\n<strong>Seiten:<\/strong> 184<br \/>\n<strong>ISBN13:<\/strong> 978-3-903575-70-7<br \/>\n<strong>Erscheinungsdatum:<\/strong> 25. Februar 2026<br \/>\n<strong>Sprache:<\/strong>\u00a0Deutsch<br \/>\n<strong>Format:<\/strong> 13 x 20 cm; Broschur<\/p>\n<p><strong>Download <a href=\"https:\/\/www.editionkeiper.at\/shop\/wp-content\/uploads\/2026\/01\/Leseprobe_Kerstinger_Andrea_Klasse_Frauen_Verlag_edition_keiper.pdf\" target=\"_blank\" rel=\"noopener\"><span style=\"color: #993366;\">&gt;&gt;&gt;Leseprobe&lt;&lt;&lt;<\/span><\/a><\/strong><\/p>\n<p><a href=\"https:\/\/www.editionkeiper.at\/shop\/wp-content\/uploads\/2026\/01\/Leseprobe_Kerstinger_Andrea_Klasse_Frauen_Verlag_edition_keiper.pdf\" target=\"_blank\" rel=\"noopener\"><img loading=\"lazy\" loading=\"lazy\" decoding=\"async\" class=\"alignleft size-full wp-image-13777\" src=\"https:\/\/www.editionkeiper.at\/shop\/wp-content\/uploads\/2024\/01\/Leseprobe_Verlag_Keiper.png\" alt=\"\" width=\"90\" height=\"125\" srcset=\"https:\/\/www.editionkeiper.at\/shop\/wp-content\/uploads\/2024\/01\/Leseprobe_Verlag_Keiper.png 90w, https:\/\/www.editionkeiper.at\/shop\/wp-content\/uploads\/2024\/01\/Leseprobe_Verlag_Keiper-7x10.png 7w\" sizes=\"auto, (max-width: 90px) 100vw, 90px\" \/><\/a><\/p>\n","protected":false},"excerpt":{"rendered":"<p>Ein Maturatreffen bringt Frauen Mitte vierzig dazu, ihre Lebenswege zu hinterfragen. Andrea Kerstinger erz\u00e4hlt von Erinnerungen, Entscheidungen und der sprachlichen Vielfalt des Burgenlands \u2013 solidarisch, genau beobachtet und zutiefst regional verwurzelt.<\/p>\n<blockquote>\n<p class=\"p1\"><i>Ach, wor\u00fcber sich Frauen doch nur den ganzen lieben Tag lang den Kopf zerbrachen! W\u00fcrden sie ihre Energie doch besser in die Solidarit\u00e4t <\/i><i>stecken statt in die Selbstoptimierung, wie viel st\u00e4rker w\u00e4ren sie dann alle gemeinsam?<br \/>\n(aus &#8222;KLasse Frauen&#8220; von Andrea Kerstinger)<\/i><\/p>\n<\/blockquote>\n<p>Orte der Handlung:<br \/>\nIllmitz \u2013 Jois \u2013 Oslip \u2013 Kleinh\u00f6flein \u2013 Wiesen \u2013 Sieggraben \u2013 Deutschkreutz \u2013<span class=\"s1\">Kroatisch Minihof \u2013 Mitterpullendorf \u2013 Stadtschlaining \u2013 Litzelsdorf \u2013 Kohfidisch <\/span>\u2013 Bildein \u2013 Mogersdorf.<\/p>\n<p>&nbsp;<\/p>\n<hr \/>\n<p><span style=\"color: #993366;\"><strong>Titel jetzt vorbestellen!<\/strong><\/span><br \/>\n<span style=\"color: #993366;\"><strong>Erscheinungstermin ist der 25. Februar 2026<\/strong><\/span><\/p>\n","protected":false},"featured_media":16079,"comment_status":"open","ping_status":"closed","template":"","meta":[],"etheme_brands":[],"product_brand":[],"product_cat":[3680,3687],"product_tag":[5325,336,233,356,5326,5321,241,4107,5323,5322,4085,5324,218],"yst_prominent_words":[],"class_list":{"0":"post-16078","1":"product","2":"type-product","3":"status-publish","4":"has-post-thumbnail","6":"product_cat-novitaet","7":"product_cat-romane","8":"product_tag-andrea-kerstinger","9":"product_tag-belletristik","10":"product_tag-burgenland","11":"product_tag-edition-keiper","12":"product_tag-frauen-mitte-vierzig","13":"product_tag-frauenroman","14":"product_tag-graz","15":"product_tag-identitaet","16":"product_tag-lebenswege","17":"product_tag-maturatreffen","18":"product_tag-mehrsprachigkeit","19":"product_tag-regionalliteratur","20":"product_tag-roman","22":"first","23":"instock","24":"shipping-taxable","25":"purchasable","26":"product-type-simple"},"_links":{"self":[{"href":"https:\/\/www.editionkeiper.at\/shop\/wp-json\/wp\/v2\/product\/16078","targetHints":{"allow":["GET"]}}],"collection":[{"href":"https:\/\/www.editionkeiper.at\/shop\/wp-json\/wp\/v2\/product"}],"about":[{"href":"https:\/\/www.editionkeiper.at\/shop\/wp-json\/wp\/v2\/types\/product"}],"replies":[{"embeddable":true,"href":"https:\/\/www.editionkeiper.at\/shop\/wp-json\/wp\/v2\/comments?post=16078"}],"wp:featuredmedia":[{"embeddable":true,"href":"https:\/\/www.editionkeiper.at\/shop\/wp-json\/wp\/v2\/media\/16079"}],"wp:attachment":[{"href":"https:\/\/www.editionkeiper.at\/shop\/wp-json\/wp\/v2\/media?parent=16078"}],"wp:term":[{"taxonomy":"brand","embeddable":true,"href":"https:\/\/www.editionkeiper.at\/shop\/wp-json\/wp\/v2\/etheme_brands?post=16078"},{"taxonomy":"product_brand","embeddable":true,"href":"https:\/\/www.editionkeiper.at\/shop\/wp-json\/wp\/v2\/product_brand?post=16078"},{"taxonomy":"product_cat","embeddable":true,"href":"https:\/\/www.editionkeiper.at\/shop\/wp-json\/wp\/v2\/product_cat?post=16078"},{"taxonomy":"product_tag","embeddable":true,"href":"https:\/\/www.editionkeiper.at\/shop\/wp-json\/wp\/v2\/product_tag?post=16078"},{"taxonomy":"yst_prominent_words","embeddable":true,"href":"https:\/\/www.editionkeiper.at\/shop\/wp-json\/wp\/v2\/yst_prominent_words?post=16078"}],"curies":[{"name":"wp","href":"https:\/\/api.w.org\/{rel}","templated":true}]}}