{"id":15654,"date":"2025-03-23T14:13:36","date_gmt":"2025-03-23T13:13:36","guid":{"rendered":"https:\/\/www.editionkeiper.at\/shop\/?post_type=product&#038;p=15654"},"modified":"2025-11-14T10:45:32","modified_gmt":"2025-11-14T09:45:32","slug":"gilbert-kleissner-lebenszyklus-1","status":"publish","type":"product","link":"https:\/\/www.editionkeiper.at\/shop\/produkt\/gilbert-kleissner-lebenszyklus-1\/","title":{"rendered":"Gilbert Kleissner &#8211; Lebenszyklus 1"},"content":{"rendered":"<h2>Gilbert Kleissner &#8211; Lebenszyklus 1<\/h2>\n<p>von <strong><span style=\"color: #993366;\"><a style=\"color: #993366;\" href=\"https:\/\/www.editionkeiper.at\/shop\/kleissner-gilbert\/\" target=\"_blank\" rel=\"noopener\">Gilbert Kleissner<\/a><\/span><\/strong><\/p>\n<p><em>Lebenszyklus 1<\/em> ist der erste Teil eines vierteiligen Projekts des K\u00fcnstlers Gilbert Kleissner. In diesem Buch verbindet er Aktionstheater mit Performancekunst \u2013 und macht den Kreislauf von Geburt, Leben, Schaffen und Tod auf eindrucksvolle Weise erlebbar.<br \/>\nWas als symbolischer Tod beginnt, entwickelt sich zum Neuanfang: Ein Mensch, ein K\u00fcnstler, ein Werk entsteht. In starken, oft k\u00f6rperlich gepr\u00e4gten Bildern erz\u00e4hlt Kleissner vom Aufbegehren gegen Konventionen, vom sch\u00f6pferischen Ringen und von der Hingabe an den Moment.<br \/>\nGleichzeitig folgt das Buch einem zweiten Zyklus \u2013 dem der Kunst: von der ersten Idee \u00fcber die Vollendung bis zum Verblassen. So entsteht ein vielschichtiges Portr\u00e4t der kreativen Transformation.<\/p>\n<p>Dieses Buch l\u00e4dt ein, in Kleissners sinnliche und tiefgr\u00fcndige Welt einzutauchen \u2013 und den Lebenszyklus als k\u00fcnstlerische Reise neu zu entdecken.<\/p>\n<p>Preis: AT \u20ac 25,00 \/ DE \u20ac 24,32<br \/>\nSeiten: ca. 76<br \/>\nISBN13: 978-3-903575-67-7<br \/>\nErscheinungsdatum: 29. August 2025<br \/>\nSprache:\u00a0Deutsch<br \/>\nFormat: 12 x 19 cm; Broschur, durchgehend Fotos in Farbe<\/p>\n<p>Download <a href=\"https:\/\/www.editionkeiper.at\/shop\/wp-content\/uploads\/2025\/06\/Leseprobe_Kleissner_Gilbert_Lebenszyklus-1_Kunst_edition_keiper.pdf\" target=\"_blank\" rel=\"noopener\"><strong><span style=\"color: #993366;\">Leseprobe<\/span><\/strong><\/a><br \/>\n<a href=\"https:\/\/www.editionkeiper.at\/shop\/wp-content\/uploads\/2025\/06\/Leseprobe_Kleissner_Gilbert_Lebenszyklus-1_Kunst_edition_keiper.pdf\" target=\"_blank\" rel=\"noopener\"><img loading=\"lazy\" loading=\"lazy\" decoding=\"async\" class=\"alignleft size-full wp-image-13777\" src=\"https:\/\/www.editionkeiper.at\/shop\/wp-content\/uploads\/2024\/01\/Leseprobe_Verlag_Keiper.png\" alt=\"\" width=\"90\" height=\"125\" srcset=\"https:\/\/www.editionkeiper.at\/shop\/wp-content\/uploads\/2024\/01\/Leseprobe_Verlag_Keiper.png 90w, https:\/\/www.editionkeiper.at\/shop\/wp-content\/uploads\/2024\/01\/Leseprobe_Verlag_Keiper-7x10.png 7w\" sizes=\"auto, (max-width: 90px) 100vw, 90px\" \/><\/a><\/p>\n","protected":false},"excerpt":{"rendered":"<p>Ein sinnliches Fest des Lebens: Gilbert Kleissners Aktionstheater \u201eLebenszyklus\u201c zeigt Geburt, Schaffen und Tod als k\u00fcnstlerischen Kreislauf voller Ausdruck, K\u00f6rperlichkeit und Tiefe.<\/p>\n<p>&nbsp;<\/p>\n","protected":false},"featured_media":15656,"comment_status":"closed","ping_status":"closed","template":"","meta":[],"etheme_brands":[],"product_brand":[],"product_cat":[1364],"product_tag":[5239,356,5245,5237,241,117,5241,5243,119,5242,697,294,5244,5238,323,5240,209,121,109,974],"yst_prominent_words":[3319,3312,3314],"class_list":{"0":"post-15654","1":"product","2":"type-product","3":"status-publish","4":"has-post-thumbnail","6":"product_cat-kunst-und-fotografie","7":"product_tag-aktionstheater","8":"product_tag-edition-keiper","9":"product_tag-geburt-und-tod-in-der-kunst","10":"product_tag-gilbert-kleissner","11":"product_tag-graz","12":"product_tag-keiper","13":"product_tag-koerperkunst","14":"product_tag-kreislauf-des-seins","15":"product_tag-kunst","16":"product_tag-kunst-und-leben","17":"product_tag-kunstbuch","18":"product_tag-kuenstler","19":"product_tag-kuenstlerischer-ausdruck","20":"product_tag-lebenszyklus","21":"product_tag-oesterreich","22":"product_tag-performancekunst","23":"product_tag-steiermark","24":"product_tag-verlag","25":"product_tag-www-editionkeiper-at","26":"product_tag-zeitgenoessische-kunst","28":"first","29":"instock","30":"shipping-taxable","31":"purchasable","32":"product-type-simple"},"_links":{"self":[{"href":"https:\/\/www.editionkeiper.at\/shop\/wp-json\/wp\/v2\/product\/15654","targetHints":{"allow":["GET"]}}],"collection":[{"href":"https:\/\/www.editionkeiper.at\/shop\/wp-json\/wp\/v2\/product"}],"about":[{"href":"https:\/\/www.editionkeiper.at\/shop\/wp-json\/wp\/v2\/types\/product"}],"replies":[{"embeddable":true,"href":"https:\/\/www.editionkeiper.at\/shop\/wp-json\/wp\/v2\/comments?post=15654"}],"wp:featuredmedia":[{"embeddable":true,"href":"https:\/\/www.editionkeiper.at\/shop\/wp-json\/wp\/v2\/media\/15656"}],"wp:attachment":[{"href":"https:\/\/www.editionkeiper.at\/shop\/wp-json\/wp\/v2\/media?parent=15654"}],"wp:term":[{"taxonomy":"brand","embeddable":true,"href":"https:\/\/www.editionkeiper.at\/shop\/wp-json\/wp\/v2\/etheme_brands?post=15654"},{"taxonomy":"product_brand","embeddable":true,"href":"https:\/\/www.editionkeiper.at\/shop\/wp-json\/wp\/v2\/product_brand?post=15654"},{"taxonomy":"product_cat","embeddable":true,"href":"https:\/\/www.editionkeiper.at\/shop\/wp-json\/wp\/v2\/product_cat?post=15654"},{"taxonomy":"product_tag","embeddable":true,"href":"https:\/\/www.editionkeiper.at\/shop\/wp-json\/wp\/v2\/product_tag?post=15654"},{"taxonomy":"yst_prominent_words","embeddable":true,"href":"https:\/\/www.editionkeiper.at\/shop\/wp-json\/wp\/v2\/yst_prominent_words?post=15654"}],"curies":[{"name":"wp","href":"https:\/\/api.w.org\/{rel}","templated":true}]}}