{"id":15484,"date":"2025-05-15T21:10:28","date_gmt":"2025-05-15T19:10:28","guid":{"rendered":"https:\/\/www.editionkeiper.at\/shop\/?post_type=product&#038;p=15484"},"modified":"2026-03-17T14:39:24","modified_gmt":"2026-03-17T13:39:24","slug":"wenn-frauen-zu-sehr-schuften-vom-wunsch-die-welt-zu-retten","status":"publish","type":"product","link":"https:\/\/www.editionkeiper.at\/shop\/produkt\/wenn-frauen-zu-sehr-schuften-vom-wunsch-die-welt-zu-retten\/","title":{"rendered":"Wenn Frauen zu sehr schuften. Vom Wunsch, die Welt zu retten."},"content":{"rendered":"<h2><strong>Wenn Frauen zu sehr schuften. Vom Wunsch, die Welt zu retten.<\/strong><\/h2>\n<p><strong>von <a href=\"https:\/\/www.editionkeiper.at\/shop\/roesslhumer-maria\/\"><span style=\"color: #993366;\">Maria R\u00f6sslhumer<\/span><\/a> und <a href=\"https:\/\/www.editionkeiper.at\/shop\/surma-eva\/\"><span style=\"color: #993366;\">Eva Surma<\/span><\/a><\/strong><\/p>\n<p class=\"p1\">Obwohl Frauen ein Drittel ihrer Arbeitszeit unbezahlt in die Gesellschaft investieren, gelingt es unserer Demokratie nicht, den Gender Pay Gap zu schlie\u00dfen und nachhaltig zu bek\u00e4mpfen. Was macht Frausein aus? Die feministischen Knackpunkte wurden schon vor mehr als hundert Jahren von vielen Vork\u00e4mpferinnen diskutiert und definiert, aber M\u00e4nnergewalt bedroht uns weiterhin. Wir drehen uns im Kreis, laufen im Hamsterrad zwischen Hausfrauisierung, Warteschlangen vor den Damenklos und internalisiertem Patriarchat.<\/p>\n<blockquote>\n<p class=\"p1\"><span class=\"s1\">\u201eWir haben dieses Buchprojekt gestartet, als wir beide selbst, unabh\u00e4ngig voneinander, in prek\u00e4re, geradezu existenzbedrohliche Situationen gerieten. Was uns einte, war die Arbeit mit Frauen. In \u201aStoP-Stadtteile ohne Partnergewalt\u2019, einem Gewaltpr\u00e4ventions- und Gemeinwesenprojekt, das Maria nach \u00d6sterreich geholt hat, fanden wir zusammen. Wir schildern im Buch unsere Erfahrungen als und mit Frauen, die sich selbst nichts schenken. Wohlstand ist uns wichtig, aber nur dann, wenn die anderen, besonders unsere Kinder, Partner und Eltern, davon profitieren. Was hindert uns Frauen daran, egoistisch zu leben und zu lieben?\u201c<br \/>\n<\/span><span class=\"s1\">(Maria R\u00f6sslhumer &amp; Eva Surma \u00fcber das Buch)<\/span><\/p>\n<\/blockquote>\n<p><strong>Preis: AT \u20ac 21,00 \/ DE \u20ac 20,43<br \/>\nSeiten:<\/strong> ca. 150<br \/>\n<strong>ISBN13:<\/strong> 978-3-903575-63-9<br \/>\n<strong>Erscheinungsdatum:<\/strong> 29. August 2025<br \/>\n<strong>Sprache:<\/strong>\u00a0Deutsch<br \/>\n<strong>Format:<\/strong> 12 x 19 cm; Broschur<\/p>\n<p><strong>Download <a href=\"https:\/\/www.editionkeiper.at\/shop\/wp-content\/uploads\/2025\/05\/Leseprobe_Wenn_Frauen_schuften_Roesslhumer_Maria_Surma_Eva_Feminismus_edition_keiper.pdf\" target=\"_blank\" rel=\"noopener\"><span style=\"color: #993366;\">&gt;&gt;&gt;Leseprobe&lt;&lt;&lt;<\/span><\/a><\/strong><\/p>\n<p><a href=\"https:\/\/www.editionkeiper.at\/shop\/wp-content\/uploads\/2025\/05\/Leseprobe_Wenn_Frauen_schuften_Roesslhumer_Maria_Surma_Eva_Feminismus_edition_keiper.pdf\" target=\"_blank\" rel=\"noopener\"><img loading=\"lazy\" loading=\"lazy\" decoding=\"async\" class=\"alignleft size-full wp-image-13777\" src=\"https:\/\/www.editionkeiper.at\/shop\/wp-content\/uploads\/2024\/01\/Leseprobe_Verlag_Keiper.png\" alt=\"\" width=\"90\" height=\"125\" srcset=\"https:\/\/www.editionkeiper.at\/shop\/wp-content\/uploads\/2024\/01\/Leseprobe_Verlag_Keiper.png 90w, https:\/\/www.editionkeiper.at\/shop\/wp-content\/uploads\/2024\/01\/Leseprobe_Verlag_Keiper-7x10.png 7w\" sizes=\"auto, (max-width: 90px) 100vw, 90px\" \/><\/a><\/p>\n","protected":false},"excerpt":{"rendered":"<p>R\u00f6sslhumer und Surma legen den Finger auf feministische Wunden: unbezahlte Arbeit, M\u00e4nnergewalt, Gender Pay Gap. Das vorliegende Buch zeigt, wie Sisterhood und Frauennetzwerke Demokratie, Solidarit\u00e4t und Selbsterm\u00e4chtigung f\u00f6rdern k\u00f6nnen. Mit umfangreichem Serviceteil und einem Vorwort von Rotraud A. Perner!<\/p>\n","protected":false},"featured_media":15483,"comment_status":"open","ping_status":"closed","template":"","meta":[],"etheme_brands":[],"product_brand":[],"product_cat":[1398,1400],"product_tag":[356,5094,4617,311,5213,5211,5208,5210,5215,5212,323,5214,5209,5216,109],"yst_prominent_words":[3225,3177],"class_list":{"0":"post-15484","1":"product","2":"type-product","3":"status-publish","4":"has-post-thumbnail","6":"product_cat-ratgeber","7":"product_cat-sachbuch","8":"product_tag-edition-keiper","9":"product_tag-eva-surma","10":"product_tag-feminismus","11":"product_tag-frauen","12":"product_tag-frauennetzwerke","13":"product_tag-frauenrechte","14":"product_tag-gender-pay-gap","15":"product_tag-gewaltpraevention","16":"product_tag-gleichstellung","17":"product_tag-maria-roesslhumer","18":"product_tag-oesterreich","19":"product_tag-patriarchat","20":"product_tag-sisterhood","21":"product_tag-stop","22":"product_tag-www-editionkeiper-at","24":"first","25":"instock","26":"shipping-taxable","27":"purchasable","28":"product-type-simple"},"_links":{"self":[{"href":"https:\/\/www.editionkeiper.at\/shop\/wp-json\/wp\/v2\/product\/15484","targetHints":{"allow":["GET"]}}],"collection":[{"href":"https:\/\/www.editionkeiper.at\/shop\/wp-json\/wp\/v2\/product"}],"about":[{"href":"https:\/\/www.editionkeiper.at\/shop\/wp-json\/wp\/v2\/types\/product"}],"replies":[{"embeddable":true,"href":"https:\/\/www.editionkeiper.at\/shop\/wp-json\/wp\/v2\/comments?post=15484"}],"wp:featuredmedia":[{"embeddable":true,"href":"https:\/\/www.editionkeiper.at\/shop\/wp-json\/wp\/v2\/media\/15483"}],"wp:attachment":[{"href":"https:\/\/www.editionkeiper.at\/shop\/wp-json\/wp\/v2\/media?parent=15484"}],"wp:term":[{"taxonomy":"brand","embeddable":true,"href":"https:\/\/www.editionkeiper.at\/shop\/wp-json\/wp\/v2\/etheme_brands?post=15484"},{"taxonomy":"product_brand","embeddable":true,"href":"https:\/\/www.editionkeiper.at\/shop\/wp-json\/wp\/v2\/product_brand?post=15484"},{"taxonomy":"product_cat","embeddable":true,"href":"https:\/\/www.editionkeiper.at\/shop\/wp-json\/wp\/v2\/product_cat?post=15484"},{"taxonomy":"product_tag","embeddable":true,"href":"https:\/\/www.editionkeiper.at\/shop\/wp-json\/wp\/v2\/product_tag?post=15484"},{"taxonomy":"yst_prominent_words","embeddable":true,"href":"https:\/\/www.editionkeiper.at\/shop\/wp-json\/wp\/v2\/yst_prominent_words?post=15484"}],"curies":[{"name":"wp","href":"https:\/\/api.w.org\/{rel}","templated":true}]}}