{"id":15476,"date":"2025-05-15T20:45:08","date_gmt":"2025-05-15T18:45:08","guid":{"rendered":"https:\/\/www.editionkeiper.at\/shop\/?post_type=product&#038;p=15476"},"modified":"2026-01-21T11:30:33","modified_gmt":"2026-01-21T10:30:33","slug":"fraeulein-alchemilla-und-ihre-innere-essenz","status":"publish","type":"product","link":"https:\/\/www.editionkeiper.at\/shop\/produkt\/fraeulein-alchemilla-und-ihre-innere-essenz\/","title":{"rendered":"Fr\u00e4ulein Alchemilla und ihre innere Essenz"},"content":{"rendered":"<h2>Fr\u00e4ulein Alchemilla und ihre innere Essenz<\/h2>\n<p><strong>Lebensweisheiten von <a href=\"https:\/\/www.editionkeiper.at\/shop\/gerhold-ursula\/\"><span style=\"color: #993366;\">Ursula Gerhold<\/span><\/a><\/strong><\/p>\n<p class=\"p1\">Ursula Gerhold erz\u00e4hlt \u00fcber ihre tiefe Verbundenheit mit dem Lebendigen, auf ihrer Lebensreise f\u00fchlt sie sich schon seit Langem mit Pflanzen verbunden:<\/p>\n<p class=\"p1\">\u201eIch bin eine Pflanzenfrau. Viele Geheimnisse des Lebens, vor allem der Seele, haben mir die Pflanzen gezeigt. Wenn wir uns mit Pflanzen verbinden und verb\u00fcnden, wenn sie uns zu Freunden werden, n\u00e4hren sie uns nicht nur k\u00f6rperlich. Mit ihrer Sch\u00f6nheit und Weisheit k\u00f6nnen wir lernen, die G\u00e4rten unserer Seele zum Erbl\u00fchen zu bringen.\u201c<\/p>\n<p><strong>Preis: AT \u20ac 22,00 \/ DE \u20ac 21,40<br \/>\nSeiten:<\/strong> ca. 160<br \/>\n<strong>ISBN13:<\/strong> 978-3-903575-62-2<br \/>\n<strong>Erscheinungsdatum:<\/strong> 14. Oktober 2025<br \/>\n<strong>Sprache:<\/strong>\u00a0Deutsch<br \/>\n<strong>Format:<\/strong> 17,0 x 23,0 cm; Klappenbroschur mit Farbfotos<\/p>\n<p><span style=\"color: #800080;\">Leseprobe <a href=\"https:\/\/www.editionkeiper.at\/shop\/wp-content\/uploads\/2025\/05\/Leseprobe_Gerhold_Ursula_Alchemilla_Lebensweisheiten.pdf\" target=\"_blank\" rel=\"noopener\"><strong>&gt;&gt;&gt; Download &lt;&lt;&lt;<\/strong><\/a><\/span><\/p>\n<p><a href=\"https:\/\/www.editionkeiper.at\/shop\/wp-content\/uploads\/2025\/05\/Leseprobe_Gerhold_Ursula_Alchemilla_Lebensweisheiten.pdf\" target=\"_blank\" rel=\"noopener\"><img loading=\"lazy\" loading=\"lazy\" decoding=\"async\" class=\"alignleft size-full wp-image-13777\" src=\"https:\/\/www.editionkeiper.at\/shop\/wp-content\/uploads\/2024\/01\/Leseprobe_Verlag_Keiper.png\" alt=\"\" width=\"90\" height=\"125\" srcset=\"https:\/\/www.editionkeiper.at\/shop\/wp-content\/uploads\/2024\/01\/Leseprobe_Verlag_Keiper.png 90w, https:\/\/www.editionkeiper.at\/shop\/wp-content\/uploads\/2024\/01\/Leseprobe_Verlag_Keiper-7x10.png 7w\" sizes=\"auto, (max-width: 90px) 100vw, 90px\" \/><\/a><\/p>\n","protected":false},"excerpt":{"rendered":"<p>Ursula Gerhold l\u00e4dt dazu ein, sich mit Pflanzen zu verbinden und \u00fcber ihre Weisheit die eigene Seele zum Erbl\u00fchen zu bringen. Ein poetisches Buch voller Erkenntnisse, Naturverbundenheit und liebevoller Blicke auf das Lebendige.<\/p>\n<p>&nbsp;<\/p>\n","protected":false},"featured_media":15481,"comment_status":"open","ping_status":"closed","template":"","meta":[],"etheme_brands":[],"product_brand":[],"product_cat":[3707,3680,1398],"product_tag":[356,241,117,5203,133,5201,5205,5199,5207,5198,5206,371,5033,5204,5200,5202],"yst_prominent_words":[],"class_list":{"0":"post-15476","1":"product","2":"type-product","3":"status-publish","4":"has-post-thumbnail","6":"product_cat-in-vorbereitung","7":"product_cat-novitaet","8":"product_cat-ratgeber","9":"product_tag-edition-keiper","10":"product_tag-graz","11":"product_tag-keiper","12":"product_tag-lebendigkeit","13":"product_tag-natur","14":"product_tag-naturverbundenheit","15":"product_tag-pflanzenbuch","16":"product_tag-pflanzenfrau","17":"product_tag-pflanzenfreunde","18":"product_tag-pflanzenkunde","19":"product_tag-poetische-texte","20":"product_tag-ratgeber","21":"product_tag-seele","22":"product_tag-selbstentdeckung","23":"product_tag-ursula-gerhold","24":"product_tag-weisheit-der-pflanzen","26":"first","27":"instock","28":"shipping-taxable","29":"purchasable","30":"product-type-simple"},"_links":{"self":[{"href":"https:\/\/www.editionkeiper.at\/shop\/wp-json\/wp\/v2\/product\/15476","targetHints":{"allow":["GET"]}}],"collection":[{"href":"https:\/\/www.editionkeiper.at\/shop\/wp-json\/wp\/v2\/product"}],"about":[{"href":"https:\/\/www.editionkeiper.at\/shop\/wp-json\/wp\/v2\/types\/product"}],"replies":[{"embeddable":true,"href":"https:\/\/www.editionkeiper.at\/shop\/wp-json\/wp\/v2\/comments?post=15476"}],"wp:featuredmedia":[{"embeddable":true,"href":"https:\/\/www.editionkeiper.at\/shop\/wp-json\/wp\/v2\/media\/15481"}],"wp:attachment":[{"href":"https:\/\/www.editionkeiper.at\/shop\/wp-json\/wp\/v2\/media?parent=15476"}],"wp:term":[{"taxonomy":"brand","embeddable":true,"href":"https:\/\/www.editionkeiper.at\/shop\/wp-json\/wp\/v2\/etheme_brands?post=15476"},{"taxonomy":"product_brand","embeddable":true,"href":"https:\/\/www.editionkeiper.at\/shop\/wp-json\/wp\/v2\/product_brand?post=15476"},{"taxonomy":"product_cat","embeddable":true,"href":"https:\/\/www.editionkeiper.at\/shop\/wp-json\/wp\/v2\/product_cat?post=15476"},{"taxonomy":"product_tag","embeddable":true,"href":"https:\/\/www.editionkeiper.at\/shop\/wp-json\/wp\/v2\/product_tag?post=15476"},{"taxonomy":"yst_prominent_words","embeddable":true,"href":"https:\/\/www.editionkeiper.at\/shop\/wp-json\/wp\/v2\/yst_prominent_words?post=15476"}],"curies":[{"name":"wp","href":"https:\/\/api.w.org\/{rel}","templated":true}]}}