{"id":15469,"date":"2025-05-15T20:24:39","date_gmt":"2025-05-15T18:24:39","guid":{"rendered":"https:\/\/www.editionkeiper.at\/shop\/?post_type=product&#038;p=15469"},"modified":"2026-01-21T11:34:17","modified_gmt":"2026-01-21T10:34:17","slug":"wilma-und-das-christkind","status":"publish","type":"product","link":"https:\/\/www.editionkeiper.at\/shop\/produkt\/wilma-und-das-christkind\/","title":{"rendered":"Wilma und das Christkind"},"content":{"rendered":"<h2>Wilma und das Christkind<\/h2>\n<p><strong>Kinderbuch ab 4 Jahren von <span style=\"color: #993366;\">Ewald Wurzinger<\/span>, mit Illustrationen von <a href=\"https:\/\/www.editionkeiper.at\/shop\/karnutsch-wolfgang\/\"><span style=\"color: #993366;\">Wolfgang Karnutsch<\/span><\/a><\/strong><\/p>\n<p class=\"p1\">Heiliger Abend vor langer Zeit. Im steirischen Kapfenstein sieht die siebenj\u00e4hrige Wilhelmine Kellner, voller Vorfreude auf Weihnachten, das Christkind im winterlichen Wald \u2013 eine Begegnung, die ihr Leben pr\u00e4gt. Wilma, so wird das M\u00e4dchen genannt, tr\u00e4umt fortan davon, dem sagenumwobenen Christkind eines Tages pers\u00f6nlich zu begegnen. Am Heiligen Abend 1937 macht Wilma sich mit ihrem Vater auf den Weg durch den Schnee \u2013 ein Besuch beim Gro\u00dfvater steht an. M\u00fcde von der Wanderung, erscheint Wilma in der Dunkelheit eine engelhafte Gestalt in wei\u00dfem Kleid, begleitet von einem vierbeinigen Gef\u00e4hrten. Wilma kann ihren Augen kaum trauen. Nur einen kurzen Moment hat sie, um dem Christkind einen Wunsch anzuvertrauen, ehe es wieder verschwindet\u202f\u2026<\/p>\n<p class=\"p1\"><span class=\"s1\"><b>\u00dcber die Entstehung dieses Buches:<br \/>\n<\/b><\/span><span class=\"s1\">Das B\u00fcchlein mit seinen liebevollen, handgezeichneten Illustrationen vom Wiener K\u00fcnstler <b>Wolfgang Karnutsch<\/b> passt wunderbar zum Weihnachtszauber, vor allem dann, wenn man den Glauben seiner Kinder an das Christkind bewahren m\u00f6chte.\u00a0 Eine Geschichte nach wahrer Begebenheit.<\/span><\/p>\n<p><strong>Preis: AT \u20ac 18,00 \/ DE \u20ac 17,51<br \/>\nSeiten:<\/strong> ca. 28<br \/>\n<strong>ISBN13:<\/strong> 978-3-903575-46-2<br \/>\n<strong>Erscheinungsdatum:<\/strong> 14. Oktober 2025<br \/>\n<strong>Sprache:<\/strong>\u00a0Deutsch<br \/>\n<strong>Format:<\/strong> 14,8 x 21 cm; Pappband<\/p>\n<p><strong>Download <a href=\"https:\/\/www.editionkeiper.at\/shop\/wp-content\/uploads\/2025\/05\/Leseprobe_Wilma_und_das_-Christkind_Wurzinger_Ewald_Kinderbuch_Weihnachtsgeschichte_Verlag_Keiper.pdf\" target=\"_blank\" rel=\"noopener\"><span style=\"color: #993366;\">&gt;&gt;&gt;Leseprobe&lt;&lt;&lt;<\/span><\/a><\/strong><\/p>\n<p><a href=\"https:\/\/www.editionkeiper.at\/shop\/wp-content\/uploads\/2025\/05\/Leseprobe_Wilma_und_das_-Christkind_Wurzinger_Ewald_Kinderbuch_Weihnachtsgeschichte_Verlag_Keiper.pdf\" target=\"_blank\" rel=\"noopener\"><img loading=\"lazy\" loading=\"lazy\" decoding=\"async\" class=\"alignleft size-full wp-image-13777\" src=\"https:\/\/www.editionkeiper.at\/shop\/wp-content\/uploads\/2024\/01\/Leseprobe_Verlag_Keiper.png\" alt=\"\" width=\"90\" height=\"125\" srcset=\"https:\/\/www.editionkeiper.at\/shop\/wp-content\/uploads\/2024\/01\/Leseprobe_Verlag_Keiper.png 90w, https:\/\/www.editionkeiper.at\/shop\/wp-content\/uploads\/2024\/01\/Leseprobe_Verlag_Keiper-7x10.png 7w\" sizes=\"auto, (max-width: 90px) 100vw, 90px\" \/><\/a><\/p>\n","protected":false},"excerpt":{"rendered":"<p>Eine ber\u00fchrende Kindheitserinnerung an das Christkind im winterlichen Kapfenstein. Die kleine Wilma begegnet an Weihnachten 1937 einer engelsgleichen Gestalt \u2013 und erf\u00e4hrt, wie echte Weihnachtsw\u00fcnsche in Erf\u00fcllung gehen k\u00f6nnen.<\/p>\n<blockquote>\n<p class=\"p1\">\u201ePl\u00f6tzlich wird man wieder Kind und erinnert sich, wie sch\u00f6n es war, als man am Heiligen Abend selbst sehnlichst gehofft hatte, das Christkind am Fenster vorbeifliegen zu sehen.\u201c<br \/>\n(Barbara Karlich, ORF-Moderatorin)<\/p>\n<\/blockquote>\n<p>&nbsp;<\/p>\n","protected":false},"featured_media":15470,"comment_status":"open","ping_status":"closed","template":"","meta":[],"etheme_brands":[],"product_brand":[],"product_cat":[1396],"product_tag":[5196,5192,5197,280,3937,5193,1027,209,5195,418,5194,4472],"yst_prominent_words":[],"class_list":{"0":"post-15469","1":"product","2":"type-product","3":"status-publish","4":"has-post-thumbnail","6":"product_cat-kinderbuch","7":"product_tag-bescheidene-wuensche","8":"product_tag-christkind","9":"product_tag-engel","10":"product_tag-familie","11":"product_tag-glaube","12":"product_tag-kapfenstein","13":"product_tag-kindheit","14":"product_tag-steiermark","15":"product_tag-wahre-begebenheit","16":"product_tag-weihnachten","17":"product_tag-weihnachtsgeschichte","18":"product_tag-winter","20":"first","21":"instock","22":"shipping-taxable","23":"purchasable","24":"product-type-simple"},"_links":{"self":[{"href":"https:\/\/www.editionkeiper.at\/shop\/wp-json\/wp\/v2\/product\/15469","targetHints":{"allow":["GET"]}}],"collection":[{"href":"https:\/\/www.editionkeiper.at\/shop\/wp-json\/wp\/v2\/product"}],"about":[{"href":"https:\/\/www.editionkeiper.at\/shop\/wp-json\/wp\/v2\/types\/product"}],"replies":[{"embeddable":true,"href":"https:\/\/www.editionkeiper.at\/shop\/wp-json\/wp\/v2\/comments?post=15469"}],"wp:featuredmedia":[{"embeddable":true,"href":"https:\/\/www.editionkeiper.at\/shop\/wp-json\/wp\/v2\/media\/15470"}],"wp:attachment":[{"href":"https:\/\/www.editionkeiper.at\/shop\/wp-json\/wp\/v2\/media?parent=15469"}],"wp:term":[{"taxonomy":"brand","embeddable":true,"href":"https:\/\/www.editionkeiper.at\/shop\/wp-json\/wp\/v2\/etheme_brands?post=15469"},{"taxonomy":"product_brand","embeddable":true,"href":"https:\/\/www.editionkeiper.at\/shop\/wp-json\/wp\/v2\/product_brand?post=15469"},{"taxonomy":"product_cat","embeddable":true,"href":"https:\/\/www.editionkeiper.at\/shop\/wp-json\/wp\/v2\/product_cat?post=15469"},{"taxonomy":"product_tag","embeddable":true,"href":"https:\/\/www.editionkeiper.at\/shop\/wp-json\/wp\/v2\/product_tag?post=15469"},{"taxonomy":"yst_prominent_words","embeddable":true,"href":"https:\/\/www.editionkeiper.at\/shop\/wp-json\/wp\/v2\/yst_prominent_words?post=15469"}],"curies":[{"name":"wp","href":"https:\/\/api.w.org\/{rel}","templated":true}]}}