{"id":15451,"date":"2025-05-15T15:35:56","date_gmt":"2025-05-15T13:35:56","guid":{"rendered":"https:\/\/www.editionkeiper.at\/shop\/?post_type=product&#038;p=15451"},"modified":"2026-03-17T14:24:03","modified_gmt":"2026-03-17T13:24:03","slug":"elefantenohren-kindergeschichten-von-frueher","status":"publish","type":"product","link":"https:\/\/www.editionkeiper.at\/shop\/produkt\/elefantenohren-kindergeschichten-von-frueher\/","title":{"rendered":"Elefantenohren \u2013  Kindergeschichten von fr\u00fcher"},"content":{"rendered":"<h2>Elefantenohren \u2013 Kindergeschichten von fr\u00fcher<\/h2>\n<p><strong>Kinderbuch ab 9 Jahren von <a href=\"https:\/\/www.editionkeiper.at\/shop\/roenfeld-gudrun\/\"><span style=\"color: #993366;\">Gudrun R\u00f6nfeld<\/span><\/a>, Illustrationen von <a href=\"https:\/\/www.editionkeiper.at\/shop\/matlovicova-martina\/\"><span style=\"color: #993366;\">Martina Matlovi\u010dov\u00e1<\/span><\/a><\/strong><\/p>\n<p class=\"p1\"><span class=\"s1\">Kinder sind gute Beobachter. Und sie haben ein gutes Ged\u00e4chtnis. In <i>Elefantenohren<\/i> schildert Gux Episoden aus ihrem Kinderleben und verbindet diese mit den Kindheitserinnerungen ihrer Mutter. Sie sind gepr\u00e4gt von Heimwehtr\u00e4nen und L\u00f6wengebr\u00fcll, hitzigen Rangeleien und wohligem Versinken in Omas butterweicher Matratze. Im Pippi-Langstrumpf-Land in Puntigam ist alles erlaubt und Riesenameisen wie Traumpferdchen sind fester Bestandteil der Wirklichkeit.<\/span><\/p>\n<p class=\"p1\"><span class=\"s1\">Martina Matlovi\u010dov\u00e1 hat die Geschichten von Gux mit spielerischem Witz in fantastische Bilderwelten \u00fcbersetzt. Wer das Buch liest, vorliest oder den <\/span><span class=\"s1\">Geschichten lauscht, taucht in eigene Kindheitserlebnisse ein und will diese weitererz\u00e4hlen.<\/span><\/p>\n<p><strong>Preis:<\/strong> AT \u20ac 22,00 \/ DE \u20ac 21,40<br \/>\n<strong>Seiten:<\/strong> 80<br \/>\n<strong>ISBN13:<\/strong> 978-3-903575-66-0<br \/>\n<strong>Erscheinungsdatum:<\/strong> 16. Oktober 2025<br \/>\n<strong>Sprache:<\/strong>\u00a0Deutsch<br \/>\n<strong>Format:<\/strong> 25\u00a0 * 25 cm; Pappband<\/p>\n","protected":false},"excerpt":{"rendered":"<p>Gux erz\u00e4hlt in <em data-start=\"52\" data-end=\"68\">Elefantenohren<\/em> lebendig von Kindheiten der 1950er- bis 1970er-Jahre: voller Heimweh und Herzlichkeit, Fantasie und Familienchaos. Zwischen Puntigam und Portugal entstehen ber\u00fchrende, skurrile Geschichten \u2013 liebevoll illustriert von Martina Matlovi\u010dov\u00e1.<\/p>\n<p><strong>Ab 9 Jahren!!<\/strong><\/p>\n<p>&nbsp;<\/p>\n","protected":false},"featured_media":15452,"comment_status":"closed","ping_status":"closed","template":"","meta":[],"etheme_brands":[],"product_brand":[],"product_cat":[1396],"product_tag":[5187,5188,5191,356,1327,577,5186,162,5189,4639,148,1027,5190,668,323,5185,5184,209,121,109],"yst_prominent_words":[],"class_list":{"0":"post-15451","1":"product","2":"type-product","3":"status-publish","4":"has-post-thumbnail","6":"product_cat-kinderbuch","7":"product_tag-1950er","8":"product_tag-1970er","9":"product_tag-alltagswelt","10":"product_tag-edition-keiper","11":"product_tag-erinnerung","12":"product_tag-erzaehlungen","13":"product_tag-familiengeschichten","14":"product_tag-fantasie","15":"product_tag-gux","16":"product_tag-illustration","17":"product_tag-kinderbuch","18":"product_tag-kindheit","19":"product_tag-matlovicova","20":"product_tag-neuerscheinung","21":"product_tag-oesterreich","22":"product_tag-portugal","23":"product_tag-puntigam","24":"product_tag-steiermark","25":"product_tag-verlag","26":"product_tag-www-editionkeiper-at","28":"first","29":"instock","30":"shipping-taxable","31":"purchasable","32":"product-type-simple"},"_links":{"self":[{"href":"https:\/\/www.editionkeiper.at\/shop\/wp-json\/wp\/v2\/product\/15451","targetHints":{"allow":["GET"]}}],"collection":[{"href":"https:\/\/www.editionkeiper.at\/shop\/wp-json\/wp\/v2\/product"}],"about":[{"href":"https:\/\/www.editionkeiper.at\/shop\/wp-json\/wp\/v2\/types\/product"}],"replies":[{"embeddable":true,"href":"https:\/\/www.editionkeiper.at\/shop\/wp-json\/wp\/v2\/comments?post=15451"}],"wp:featuredmedia":[{"embeddable":true,"href":"https:\/\/www.editionkeiper.at\/shop\/wp-json\/wp\/v2\/media\/15452"}],"wp:attachment":[{"href":"https:\/\/www.editionkeiper.at\/shop\/wp-json\/wp\/v2\/media?parent=15451"}],"wp:term":[{"taxonomy":"brand","embeddable":true,"href":"https:\/\/www.editionkeiper.at\/shop\/wp-json\/wp\/v2\/etheme_brands?post=15451"},{"taxonomy":"product_brand","embeddable":true,"href":"https:\/\/www.editionkeiper.at\/shop\/wp-json\/wp\/v2\/product_brand?post=15451"},{"taxonomy":"product_cat","embeddable":true,"href":"https:\/\/www.editionkeiper.at\/shop\/wp-json\/wp\/v2\/product_cat?post=15451"},{"taxonomy":"product_tag","embeddable":true,"href":"https:\/\/www.editionkeiper.at\/shop\/wp-json\/wp\/v2\/product_tag?post=15451"},{"taxonomy":"yst_prominent_words","embeddable":true,"href":"https:\/\/www.editionkeiper.at\/shop\/wp-json\/wp\/v2\/yst_prominent_words?post=15451"}],"curies":[{"name":"wp","href":"https:\/\/api.w.org\/{rel}","templated":true}]}}