{"id":15445,"date":"2025-05-15T14:51:03","date_gmt":"2025-05-15T12:51:03","guid":{"rendered":"https:\/\/www.editionkeiper.at\/shop\/?post_type=product&#038;p=15445"},"modified":"2026-01-16T13:52:36","modified_gmt":"2026-01-16T12:52:36","slug":"die-buechermagier-ii-die-geheime-pforte","status":"publish","type":"product","link":"https:\/\/www.editionkeiper.at\/shop\/produkt\/die-buechermagier-ii-die-geheime-pforte\/","title":{"rendered":"Die B\u00fcchermagier II \u2013 Die geheime Pforte"},"content":{"rendered":"<h2>Die B\u00fcchermagier II \u2013 Die geheime Pforte<\/h2>\n<p><strong>Fantasyroman von <span style=\"color: #993366;\"><a style=\"color: #993366;\" href=\"https:\/\/www.editionkeiper.at\/shop\/preis-robert\/\">Robert J. Preis<\/a><\/span><\/strong><\/p>\n<p class=\"p1\">Unheimliche Besucher fordern von Kajetan Knapp die Herausgabe einer geheimnisvollen Schatzkarte, auf der eine geheime Pforte eingezeichnet sein soll. Der Buchh\u00e4ndlerlehrling h\u00f6rt zum ersten Mal von dieser Karte und entkommt den Fremden nur in h\u00f6chster Not. Inzwischen wird Almas Dorf im Wald von Drachen angegriffen. Sie eilt in die Stadt, um Kajetan zu bitten, ihr zu helfen. Doch auch sie wird von einer finsteren Bestie verfolgt. Letztlich muss Kajetan sich entscheiden. Wem hilft er zuerst? Folgt er Alma, dem M\u00e4dchen, dem sein Herz geh\u00f6rt? Oder begibt er sich auf die Suche nach der mysteri\u00f6sen Pforte und l\u00e4sst sich dabei von der Schrift seines geliebten Gro\u00dfvaters f\u00fchren?<\/p>\n<p><strong>Preis:<\/strong> AT \u20ac 23,00 \/ DE \u20ac 22,37<br \/>\n<strong>Seiten:<\/strong> ca. 316<br \/>\n<strong>ISBN13:<\/strong> 978-3-903575-60-8<br \/>\n<strong>Erscheinungsdatum:<\/strong> 19. September 2025<br \/>\n<strong>Sprache:<\/strong>\u00a0Deutsch<br \/>\n<strong>Format:<\/strong> 13 x 20 cm; Broschur<\/p>\n<p><a href=\"https:\/\/www.editionkeiper.at\/shop\/wp-content\/uploads\/2025\/05\/Leseprobe_Preis_Robert_Buechermagier_Fantasy_edition_keiper.pdf\" target=\"_blank\" rel=\"noopener\"><strong>Download <span style=\"color: #993366;\">&gt;&gt;&gt; Leseprobe&lt;&lt;&lt;<\/span><\/strong><\/a><\/p>\n<p><a href=\"https:\/\/www.editionkeiper.at\/shop\/wp-content\/uploads\/2025\/05\/Leseprobe_Preis_Robert_Buechermagier_Fantasy_edition_keiper.pdf\" target=\"_blank\" rel=\"noopener\"><img loading=\"lazy\" loading=\"lazy\" decoding=\"async\" class=\"alignleft size-full wp-image-13777\" src=\"https:\/\/www.editionkeiper.at\/shop\/wp-content\/uploads\/2024\/01\/Leseprobe_Verlag_Keiper.png\" alt=\"\" width=\"90\" height=\"125\" srcset=\"https:\/\/www.editionkeiper.at\/shop\/wp-content\/uploads\/2024\/01\/Leseprobe_Verlag_Keiper.png 90w, https:\/\/www.editionkeiper.at\/shop\/wp-content\/uploads\/2024\/01\/Leseprobe_Verlag_Keiper-7x10.png 7w\" sizes=\"auto, (max-width: 90px) 100vw, 90px\" \/><\/a><\/p>\n","protected":false},"excerpt":{"rendered":"<p>Der Buchh\u00e4ndlerlehrling Kajetan und Alma geraten in ein neues Abenteuer: Eine geheimnisvolle Karte, Drachenangriffe und eine finstere Bestie stellen sie vor schwere Entscheidungen. Zwischen Liebe, Legenden und Gefahr f\u00fchrt Robert J. Preis die Geschichte der B\u00fcchermagier spannungsvoll fort.<\/p>\n<p><a href=\"https:\/\/www.editionkeiper.at\/shop\/wp-content\/uploads\/2025\/05\/Leseprobe_Preis_Robert_Buechermagier_Fantasy_edition_keiper.pdf\" target=\"_blank\" rel=\"noopener\"><strong>Download <span style=\"color: #993366;\">&gt;&gt;&gt; Leseprobe&lt;&lt;&lt;<\/span><\/strong><\/a><\/p>\n<p>&nbsp;<\/p>\n","protected":false},"featured_media":15448,"comment_status":"closed","ping_status":"closed","template":"","meta":[],"etheme_brands":[],"product_brand":[],"product_cat":[1089,3690],"product_tag":[191,5177,5183,5180,4111,356,1094,241,4270,156,5176,117,5181,382,348,668,323,5178,5182,5179,209,121,109],"yst_prominent_words":[],"class_list":{"0":"post-15445","1":"product","2":"type-product","3":"status-publish","4":"has-post-thumbnail","6":"product_cat-fantasy","7":"product_cat-jugendromane","8":"product_tag-abenteuerroman","9":"product_tag-alma","10":"product_tag-bestie","11":"product_tag-buchhaendler","12":"product_tag-drachen","13":"product_tag-edition-keiper","14":"product_tag-fantasy","15":"product_tag-graz","16":"product_tag-grossvater","17":"product_tag-jugendbuch","18":"product_tag-kajetan-knapp","19":"product_tag-keiper","20":"product_tag-legenden","21":"product_tag-liebe","22":"product_tag-literatur","23":"product_tag-neuerscheinung","24":"product_tag-oesterreich","25":"product_tag-robert-j-preis","26":"product_tag-sage","27":"product_tag-schatzkarte","28":"product_tag-steiermark","29":"product_tag-verlag","30":"product_tag-www-editionkeiper-at","32":"first","33":"instock","34":"shipping-taxable","35":"purchasable","36":"product-type-simple"},"_links":{"self":[{"href":"https:\/\/www.editionkeiper.at\/shop\/wp-json\/wp\/v2\/product\/15445","targetHints":{"allow":["GET"]}}],"collection":[{"href":"https:\/\/www.editionkeiper.at\/shop\/wp-json\/wp\/v2\/product"}],"about":[{"href":"https:\/\/www.editionkeiper.at\/shop\/wp-json\/wp\/v2\/types\/product"}],"replies":[{"embeddable":true,"href":"https:\/\/www.editionkeiper.at\/shop\/wp-json\/wp\/v2\/comments?post=15445"}],"wp:featuredmedia":[{"embeddable":true,"href":"https:\/\/www.editionkeiper.at\/shop\/wp-json\/wp\/v2\/media\/15448"}],"wp:attachment":[{"href":"https:\/\/www.editionkeiper.at\/shop\/wp-json\/wp\/v2\/media?parent=15445"}],"wp:term":[{"taxonomy":"brand","embeddable":true,"href":"https:\/\/www.editionkeiper.at\/shop\/wp-json\/wp\/v2\/etheme_brands?post=15445"},{"taxonomy":"product_brand","embeddable":true,"href":"https:\/\/www.editionkeiper.at\/shop\/wp-json\/wp\/v2\/product_brand?post=15445"},{"taxonomy":"product_cat","embeddable":true,"href":"https:\/\/www.editionkeiper.at\/shop\/wp-json\/wp\/v2\/product_cat?post=15445"},{"taxonomy":"product_tag","embeddable":true,"href":"https:\/\/www.editionkeiper.at\/shop\/wp-json\/wp\/v2\/product_tag?post=15445"},{"taxonomy":"yst_prominent_words","embeddable":true,"href":"https:\/\/www.editionkeiper.at\/shop\/wp-json\/wp\/v2\/yst_prominent_words?post=15445"}],"curies":[{"name":"wp","href":"https:\/\/api.w.org\/{rel}","templated":true}]}}