{"id":15398,"date":"2025-05-15T10:54:57","date_gmt":"2025-05-15T08:54:57","guid":{"rendered":"https:\/\/www.editionkeiper.at\/shop\/?post_type=product&#038;p=15398"},"modified":"2026-03-17T14:26:16","modified_gmt":"2026-03-17T13:26:16","slug":"eine-frage-der-wuerde","status":"publish","type":"product","link":"https:\/\/www.editionkeiper.at\/shop\/produkt\/eine-frage-der-wuerde\/","title":{"rendered":"Eine Frage der W\u00fcrde"},"content":{"rendered":"<h2>Eine Frage der W\u00fcrde<\/h2>\n<p><strong>Erz\u00e4hlungen von <a href=\"https:\/\/www.editionkeiper.at\/shop\/mittl-florian\/\"><span style=\"color: #993366;\">Florian Mittl<\/span><\/a>,<span style=\"color: #333333;\"><span style=\"color: #993366;\">\u00a0<\/span><\/span>illustriert von <span style=\"color: #993366;\"><a style=\"color: #993366;\" href=\"https:\/\/www.editionkeiper.at\/shop\/lohner-tom\/\">Tom Lohner<\/a><\/span><\/strong><\/p>\n<p class=\"p1\">Florian Mittl schreibt \u00fcber die Sch\u00f6nheit und Zerbrechlichkeit menschlicher W\u00fcrde in verschiedenen Kontexten. Ein Obdachloser kommt g\u00e4nzlich unerwartet zu einem Hotelzimmer, ein Vater stellt sich auf der Urlaubsinsel den dort gestrandeten Fl\u00fcchtlingen, ein junges Paar ringt mit Elternschaft und Babyblues, ein hochrangiges Parteimitglied bekommt nach gewonnener Wahl Gewissensbisse, ein Affe berichtet einige Zeit nach Franz Kafkas Rotpeter f\u00fcr eine Akademie. Eine Sammlung von Lebensgeschichten, manchmal mit einem Augenzwinkern, immer mit einem Ausweg.<\/p>\n<p>Jeder Erz\u00e4hlung ist eine Farbillustration von <span style=\"color: #993366;\"><a style=\"color: #993366;\" href=\"http:\/\/www.tomlohner.com\">Tom Lohner<\/a><\/span> vorangestellt, von dem auch die Coverillustration stammt.<\/p>\n<p><strong>Preis:<\/strong> AT \u20ac 23,00 \/ DE \u20ac 22,37<br \/>\n<strong>Seiten:<\/strong> 112<br \/>\n<strong>ISBN13:<\/strong> 978-3-903575-57-8<br \/>\n<strong>Erscheinungsdatum:<\/strong> 19. September 2025<br \/>\n<strong>Sprache:<\/strong>\u00a0Deutsch<br \/>\n<strong>Format:<\/strong> 12,6 * 18,6; Pappband<\/p>\n<p>Download &gt;&gt; <strong><span style=\"color: #993366;\"><a style=\"color: #993366;\" href=\"https:\/\/www.editionkeiper.at\/shop\/wp-content\/uploads\/2025\/05\/Leseprobe_Mittl_Florian_Frage-der-Wuerde_Erzaehlungen_edition_keiper.pdf\" target=\"_blank\" rel=\"noopener\">Leseprobe<\/a><\/span><\/strong> &lt;&lt;<\/p>\n<p><a href=\"https:\/\/www.editionkeiper.at\/shop\/wp-content\/uploads\/2025\/05\/Leseprobe_Mittl_Florian_Frage-der-Wuerde_Erzaehlungen_edition_keiper.pdf\" target=\"_blank\" rel=\"noopener\"><img loading=\"lazy\" loading=\"lazy\" decoding=\"async\" class=\"alignleft size-full wp-image-13777\" src=\"https:\/\/www.editionkeiper.at\/shop\/wp-content\/uploads\/2024\/01\/Leseprobe_Verlag_Keiper.png\" alt=\"\" width=\"90\" height=\"125\" srcset=\"https:\/\/www.editionkeiper.at\/shop\/wp-content\/uploads\/2024\/01\/Leseprobe_Verlag_Keiper.png 90w, https:\/\/www.editionkeiper.at\/shop\/wp-content\/uploads\/2024\/01\/Leseprobe_Verlag_Keiper-7x10.png 7w\" sizes=\"auto, (max-width: 90px) 100vw, 90px\" \/><\/a><\/p>\n","protected":false},"excerpt":{"rendered":"<p>Lebensgeschichten voller Tiefgang und Engagement: In seinem literarischen Deb\u00fct erz\u00e4hlt Florian Mittl von W\u00fcrde, Verantwortung und Menschlichkeit \u2013 inspiriert von realen Begegnungen, ethischen Fragen und der Literatur. Bewegend, hintergr\u00fcndig, dialogbereit.<\/p>\n<blockquote>\n<p class=\"p1\">\u201eFlorian Mittl kann auf wenigen Seiten sagen, wof\u00fcr die anderen dicke Romane schreiben.\u201c<br \/>\n(Wladimir Kaminer)<\/p>\n<div class=\"elementToProof\">Florian Mittls Erz\u00e4hlungen werfen Schlaglichter auf Menschen in Ausnahmesituationen. Seine Figuren f\u00fchren uns in einen Dschungel an moralischen Dilemmata und wir Leser sind gezwungen uns zu fragen: &#8222;Wie kommen wir da wieder raus?&#8220; Bitte lesen!<br \/>\n(Johanna\u00a0Sebauer)<\/div>\n<\/blockquote>\n<p class=\"p1\">Pro verkauftem Exemplar des Buches werden zwei Euro an die Fl\u00fcchtlingshilfe Doro Blancke gespendet. <span style=\"color: #993366;\"><a style=\"color: #993366;\" href=\"http:\/\/www.doroblancke.at\" target=\"_blank\" rel=\"noopener\"><b>www.doroblancke.at<\/b><\/a><\/span><\/p>\n","protected":false},"featured_media":15400,"comment_status":"open","ping_status":"closed","template":"","meta":[],"etheme_brands":[],"product_brand":[],"product_cat":[3685],"product_tag":[336,5156,356,577,5157,5153,234,5158,5020,503,5155,379,5154],"yst_prominent_words":[],"class_list":{"0":"post-15398","1":"product","2":"type-product","3":"status-publish","4":"has-post-thumbnail","6":"product_cat-erzaehlungen","7":"product_tag-belletristik","8":"product_tag-deutsche-literatur","9":"product_tag-edition-keiper","10":"product_tag-erzaehlungen","11":"product_tag-ethische-fragen","12":"product_tag-florian-mittl","13":"product_tag-fluechtlinge","14":"product_tag-kirche-im-kino","15":"product_tag-literarisches-debuet","16":"product_tag-menschlichkeit","17":"product_tag-theologie","18":"product_tag-verantwortung","19":"product_tag-wuerde","21":"first","22":"instock","23":"shipping-taxable","24":"purchasable","25":"product-type-simple"},"_links":{"self":[{"href":"https:\/\/www.editionkeiper.at\/shop\/wp-json\/wp\/v2\/product\/15398","targetHints":{"allow":["GET"]}}],"collection":[{"href":"https:\/\/www.editionkeiper.at\/shop\/wp-json\/wp\/v2\/product"}],"about":[{"href":"https:\/\/www.editionkeiper.at\/shop\/wp-json\/wp\/v2\/types\/product"}],"replies":[{"embeddable":true,"href":"https:\/\/www.editionkeiper.at\/shop\/wp-json\/wp\/v2\/comments?post=15398"}],"wp:featuredmedia":[{"embeddable":true,"href":"https:\/\/www.editionkeiper.at\/shop\/wp-json\/wp\/v2\/media\/15400"}],"wp:attachment":[{"href":"https:\/\/www.editionkeiper.at\/shop\/wp-json\/wp\/v2\/media?parent=15398"}],"wp:term":[{"taxonomy":"brand","embeddable":true,"href":"https:\/\/www.editionkeiper.at\/shop\/wp-json\/wp\/v2\/etheme_brands?post=15398"},{"taxonomy":"product_brand","embeddable":true,"href":"https:\/\/www.editionkeiper.at\/shop\/wp-json\/wp\/v2\/product_brand?post=15398"},{"taxonomy":"product_cat","embeddable":true,"href":"https:\/\/www.editionkeiper.at\/shop\/wp-json\/wp\/v2\/product_cat?post=15398"},{"taxonomy":"product_tag","embeddable":true,"href":"https:\/\/www.editionkeiper.at\/shop\/wp-json\/wp\/v2\/product_tag?post=15398"},{"taxonomy":"yst_prominent_words","embeddable":true,"href":"https:\/\/www.editionkeiper.at\/shop\/wp-json\/wp\/v2\/yst_prominent_words?post=15398"}],"curies":[{"name":"wp","href":"https:\/\/api.w.org\/{rel}","templated":true}]}}