{"id":15267,"date":"2025-04-10T15:40:23","date_gmt":"2025-04-10T13:40:23","guid":{"rendered":"https:\/\/www.editionkeiper.at\/shop\/?post_type=product&#038;p=15267"},"modified":"2025-06-06T13:55:14","modified_gmt":"2025-06-06T11:55:14","slug":"ich-bin-autistin-informationsfibel-fuer-betroffene-und-nicht-betroffene-affiliate","status":"publish","type":"product","link":"https:\/\/www.editionkeiper.at\/shop\/produkt\/ich-bin-autistin-informationsfibel-fuer-betroffene-und-nicht-betroffene-affiliate\/","title":{"rendered":"Ich bin Autist:in \u2013 Informationsfibel fu\u0308r Betroffene und Nicht-Betroffene"},"content":{"rendered":"<h2>Ich bin Autist:in \u2013 Informationsfibel fu\u0308r Betroffene und Nicht-Betroffene<\/h2>\n<p>von\u00a0<span style=\"color: #993366;\"><a style=\"color: #993366;\" href=\"https:\/\/www.editionkeiper.at\/shop\/janisch-daniela\/\"><strong>Daniela Janisch<\/strong><\/a><\/span><\/p>\n<p>Die vorliegende Informationsfibel vermittelt eine erste Idee davon, wie es sich anf\u00fchlen k\u00f6nnte, die Welt \u00fcber autistische Sinne wahrzunehmen. Aus der Ich-Perspektive wird in einfacher Sprache die Neugierde auf diese intensive, bunte Welt geweckt. Das Autismus-Spektrum ist so vielf\u00e4ltig wie die Menschen selbst. Dennoch gibt es Eigenheiten und Besonderheiten, die bei vielen Betroffenen vorkommen. Die K\u00fcrze des Textes erm\u00f6glicht auch Nicht-Betroffenen den schnellen Einstieg in die Thematik, die Schaffung eines ersten Bewusstseins f\u00fcr diese nicht sichtbare Behinderung. Die wertsch\u00e4tzende, liebevoll-feinf\u00fchlige Beschreibung entlockt wissenden Lesenden an so mancher Stelle ein Schmunzeln des Wiedererkennens.<\/p>\n<p><strong>Preis:<\/strong> AT \u20ac 15,00 \/ DE \u20ac 14,60<br \/>\n<strong>ISBN13: <\/strong>978-3-903575-31-8<strong><br \/>\n<\/strong><strong>Erscheinungsdatum:<\/strong> November 2024<br \/>\n<strong>Seiten:<\/strong> 32<br \/>\n<strong>Sprache:<\/strong>\u00a0Deutsch<br \/>\n<strong>Format:<\/strong> 14,8 x 14,8 cm; 32 Seiten (inkl. Umschlag), Broschur mit Klammerheftung, durchgehend farbig<\/p>\n","protected":false},"excerpt":{"rendered":"<ul>\n<li>Nicht sichtbare Behinderungen, wie Autismus-Spektrum-St\u00f6rungen, werden ins Bewusstsein der Gesellschaft ger\u00fcckt.<\/li>\n<li>Information und Sensibilisierung sind die Basis des Verstehens f\u00fcr ein gelingendes Miteinander von Betroffenen und Nicht-Betroffenen.<\/li>\n<li>\u201eK\u00f6nnte meine Mutter das lesen, k\u00f6nnte sie mich zum ersten Mal in meinem Leben verstehen!\u201c (Georg, Selbstvertreter, Grazer\u00a0Autistica, \u00fcber die Informationsfibel)<\/li>\n<\/ul>\n<p><a href=\"http:\/\/www.e-steiermark.com\" target=\"_blank\" rel=\"noopener\"><img loading=\"lazy\" loading=\"lazy\" decoding=\"async\" class=\"alignleft wp-image-14261\" src=\"https:\/\/www.editionkeiper.at\/shop\/wp-content\/uploads\/2024\/07\/estmk-konzern-4c_web-150x150.jpg\" alt=\"\" width=\"120\" height=\"123\" srcset=\"https:\/\/www.editionkeiper.at\/shop\/wp-content\/uploads\/2024\/07\/estmk-konzern-4c_web-292x300.jpg 292w, https:\/\/www.editionkeiper.at\/shop\/wp-content\/uploads\/2024\/07\/estmk-konzern-4c_web-997x1024.jpg 997w, https:\/\/www.editionkeiper.at\/shop\/wp-content\/uploads\/2024\/07\/estmk-konzern-4c_web-768x789.jpg 768w, https:\/\/www.editionkeiper.at\/shop\/wp-content\/uploads\/2024\/07\/estmk-konzern-4c_web-565x580.jpg 565w, https:\/\/www.editionkeiper.at\/shop\/wp-content\/uploads\/2024\/07\/estmk-konzern-4c_web-574x590.jpg 574w, https:\/\/www.editionkeiper.at\/shop\/wp-content\/uploads\/2024\/07\/estmk-konzern-4c_web-10x10.jpg 10w, https:\/\/www.editionkeiper.at\/shop\/wp-content\/uploads\/2024\/07\/estmk-konzern-4c_web.jpg 1433w\" sizes=\"auto, (max-width: 120px) 100vw, 120px\" \/><\/a><\/p>\n<p>&nbsp;<\/p>\n<p><a href=\"http:\/\/www.e-steiermark.com\" target=\"_blank\" rel=\"noopener\">www.e-steiermark.com<\/a><\/p>\n<p>&nbsp;<\/p>\n<p>&nbsp;<\/p>\n<p>&nbsp;<\/p>\n","protected":false},"featured_media":14286,"comment_status":"open","ping_status":"closed","template":"","meta":[],"etheme_brands":[],"product_brand":[],"product_cat":[4175,1398],"product_tag":[4812,4800,4808,4814,4806,4801,4815,356,4813,4810,748,4819,4809,4802,4818,4811,4816,4805,4799,4807,371,4820,4803,4804,622,4817],"yst_prominent_words":[3186,3183],"class_list":{"0":"post-15267","1":"product","2":"type-product","3":"status-publish","4":"has-post-thumbnail","6":"product_cat-affiliate","7":"product_cat-ratgeber","8":"product_tag-autismus-spektrum","9":"product_tag-autismus-spektrum-stoerungen","10":"product_tag-autistische-sinne","11":"product_tag-besonderheiten","12":"product_tag-betroffene","13":"product_tag-bewusstsein","14":"product_tag-bewusstsein-schaffen","15":"product_tag-edition-keiper","16":"product_tag-eigenheiten","17":"product_tag-einfache-sprache","18":"product_tag-gesellschaft","19":"product_tag-grazer-autistica","20":"product_tag-ich-perspektive","21":"product_tag-information","22":"product_tag-informationsfibel","23":"product_tag-intensive-welt","24":"product_tag-liebevolle-beschreibung","25":"product_tag-miteinander","26":"product_tag-nicht-sichtbare-behinderungen","27":"product_tag-nicht-betroffene","28":"product_tag-ratgeber","29":"product_tag-selbstvertreter","30":"product_tag-sensibilisierung","31":"product_tag-verstehen","32":"product_tag-vielfalt","33":"product_tag-wiedererkennung","35":"first","36":"instock","37":"shipping-taxable","38":"purchasable","39":"product-type-simple"},"_links":{"self":[{"href":"https:\/\/www.editionkeiper.at\/shop\/wp-json\/wp\/v2\/product\/15267","targetHints":{"allow":["GET"]}}],"collection":[{"href":"https:\/\/www.editionkeiper.at\/shop\/wp-json\/wp\/v2\/product"}],"about":[{"href":"https:\/\/www.editionkeiper.at\/shop\/wp-json\/wp\/v2\/types\/product"}],"replies":[{"embeddable":true,"href":"https:\/\/www.editionkeiper.at\/shop\/wp-json\/wp\/v2\/comments?post=15267"}],"wp:featuredmedia":[{"embeddable":true,"href":"https:\/\/www.editionkeiper.at\/shop\/wp-json\/wp\/v2\/media\/14286"}],"wp:attachment":[{"href":"https:\/\/www.editionkeiper.at\/shop\/wp-json\/wp\/v2\/media?parent=15267"}],"wp:term":[{"taxonomy":"brand","embeddable":true,"href":"https:\/\/www.editionkeiper.at\/shop\/wp-json\/wp\/v2\/etheme_brands?post=15267"},{"taxonomy":"product_brand","embeddable":true,"href":"https:\/\/www.editionkeiper.at\/shop\/wp-json\/wp\/v2\/product_brand?post=15267"},{"taxonomy":"product_cat","embeddable":true,"href":"https:\/\/www.editionkeiper.at\/shop\/wp-json\/wp\/v2\/product_cat?post=15267"},{"taxonomy":"product_tag","embeddable":true,"href":"https:\/\/www.editionkeiper.at\/shop\/wp-json\/wp\/v2\/product_tag?post=15267"},{"taxonomy":"yst_prominent_words","embeddable":true,"href":"https:\/\/www.editionkeiper.at\/shop\/wp-json\/wp\/v2\/yst_prominent_words?post=15267"}],"curies":[{"name":"wp","href":"https:\/\/api.w.org\/{rel}","templated":true}]}}