{"id":14626,"date":"2025-01-24T14:06:12","date_gmt":"2025-01-24T13:06:12","guid":{"rendered":"https:\/\/www.editionkeiper.at\/shop\/?post_type=product&#038;p=14626"},"modified":"2026-01-15T16:03:47","modified_gmt":"2026-01-15T15:03:47","slug":"aber-sinn-8-kunstbuecher-mit-texten-von-christine-lavant-und-bildern-von-luise-kloos","status":"publish","type":"product","link":"https:\/\/www.editionkeiper.at\/shop\/produkt\/aber-sinn-8-kunstbuecher-mit-texten-von-christine-lavant-und-bildern-von-luise-kloos\/","title":{"rendered":"ABER-SINN. Acht Kunstb\u00fccher mit Texten von Christine Lavant und  Bildern von Luise Kloos"},"content":{"rendered":"<h2>ABER-SINN. Acht Kunstb\u00fccher im Schuber mit Texten von Christine Lavant und Bildern von Luise Kloos<\/h2>\n<h4>von <span style=\"color: #800080;\"><a style=\"color: #800080;\" href=\"https:\/\/www.editionkeiper.at\/shop\/lavant-christine\/\" target=\"_blank\" rel=\"noopener\">Christine Lavant<\/a> \/ <a style=\"color: #800080;\" href=\"https:\/\/www.editionkeiper.at\/shop\/kloos-luise\/\">Luise Kloos<\/a><\/span><\/h4>\n<p class=\"p1\">In der vorliegenden Kassette mit acht B\u00fcchern folgt Luise Kloos der mittelalterlichen Buchtradition in zeitgen\u00f6ssischer Bildsprache. Die oft als schwierig zu lesen empfundenen Gedichte von Christine Lavant erschlie\u00dfen dem Publikum weite Bildr\u00e4ume. Die Gedichte von Christine Lavant bewegen in mehrfacher Hinsicht. Abgesehen von der wunderbaren Sprache und den Worterfindungen spricht sie in Metaphern und Bildern. Sie spricht Intellekt und\u00a0Gem\u00fct gleicherma\u00dfen an. Tiefgr\u00fcndig erforscht und ertastet sie alle Winkel der Seele.<\/p>\n<p class=\"p1\">Zeile f\u00fcr Zeile wird der Text von Luise Kloos in Bilder umgesetzt. Diese bildhafte Umsetzung sowie die Gedanken der K\u00fcnstlerin zu Wort und Bild erm\u00f6glichen eine intime Begegnung mit Poesie und Bild.<\/p>\n<p><strong>Preis f\u00fcr 8 B\u00e4nde im Schuber: AT \u20ac 79,00 \/ DE \u20ac 76,85<br \/>\nSeiten:<\/strong> ca. 8 x 50<br \/>\n<strong>ISBN13:<\/strong> 978-3-903575-27-1<br \/>\n<strong>Erscheinungsdatum:<\/strong> 24 01 2025<br \/>\n<strong>Sprache:<\/strong>\u00a0Deutsch<br \/>\n<strong>Format:<\/strong> 15,2 x 21 cm<br \/>\nDas Produkt besteht aus 8 Einzelb\u00e4nden (Klappenbroschur) \u00e1 ca. 50 Seiten im Schuber und ist eingeschwei\u00dft.<br \/>\nDie B\u00fccher sind als Einzelexemplar nicht erh\u00e4ltlich.<\/p>\n<p>Noch mehr Infos zu diesem Projekt finden Sie unter <span style=\"color: #993366;\"><a style=\"color: #993366;\" href=\"http:\/\/www.poesieundbild.at\/\">http:\/\/www.poesieundbild.at\/<\/a><\/span><\/p>\n","protected":false},"excerpt":{"rendered":"<ul>\n<li class=\"p1\">Intime Momente mit Poesie und Bild.<\/li>\n<li class=\"p1\">Den Vibrationen der Seele in Wort und Bild folgen.<\/li>\n<li class=\"p1\">Ein poetisches und bildhaftes Aufsp\u00fcren der vielen Winkel der Seele.<\/li>\n<\/ul>\n<p>Noch mehr Infos zu diesem Projekt finden Sie unter <span style=\"color: #993366;\"><a style=\"color: #993366;\" href=\"http:\/\/www.poesieundbild.at\/\">http:\/\/www.poesieundbild.at\/<\/a><\/span><\/p>\n<p class=\"p1\"><b>In einer Kassette mit acht B\u00fcchern erschlie\u00dft Luise Kloos mit Bildern und Gedanken zu Wort und Bild den Leserinnen und Lesern neue Zug\u00e4nge zur Poesie von Christine Lavant.<br \/>\nN\u00e4here Informationen finden Sie unter<\/b> <a href=\"http:\/\/www.poesieundbild.at\" target=\"_blank\" rel=\"noopener\"><strong><span style=\"color: #993366;\">www.poesieundbild.at<\/span><\/strong><\/a><\/p>\n","protected":false},"featured_media":14855,"comment_status":"open","ping_status":"closed","template":"","meta":[],"etheme_brands":[],"product_brand":[],"product_cat":[1364],"product_tag":[5031,5032,5030,289,5035,119,1119,5034,2031,5033],"yst_prominent_words":[3186],"class_list":{"0":"post-14626","1":"product","2":"type-product","3":"status-publish","4":"has-post-thumbnail","6":"product_cat-kunst-und-fotografie","7":"product_tag-bildsprache","8":"product_tag-buchtradition","9":"product_tag-christine-lavant","10":"product_tag-gedichte","11":"product_tag-interpretation","12":"product_tag-kunst","13":"product_tag-luise-kloos","14":"product_tag-metaphern","15":"product_tag-poesie","16":"product_tag-seele","18":"first","19":"instock","20":"shipping-taxable","21":"purchasable","22":"product-type-simple"},"_links":{"self":[{"href":"https:\/\/www.editionkeiper.at\/shop\/wp-json\/wp\/v2\/product\/14626","targetHints":{"allow":["GET"]}}],"collection":[{"href":"https:\/\/www.editionkeiper.at\/shop\/wp-json\/wp\/v2\/product"}],"about":[{"href":"https:\/\/www.editionkeiper.at\/shop\/wp-json\/wp\/v2\/types\/product"}],"replies":[{"embeddable":true,"href":"https:\/\/www.editionkeiper.at\/shop\/wp-json\/wp\/v2\/comments?post=14626"}],"wp:featuredmedia":[{"embeddable":true,"href":"https:\/\/www.editionkeiper.at\/shop\/wp-json\/wp\/v2\/media\/14855"}],"wp:attachment":[{"href":"https:\/\/www.editionkeiper.at\/shop\/wp-json\/wp\/v2\/media?parent=14626"}],"wp:term":[{"taxonomy":"brand","embeddable":true,"href":"https:\/\/www.editionkeiper.at\/shop\/wp-json\/wp\/v2\/etheme_brands?post=14626"},{"taxonomy":"product_brand","embeddable":true,"href":"https:\/\/www.editionkeiper.at\/shop\/wp-json\/wp\/v2\/product_brand?post=14626"},{"taxonomy":"product_cat","embeddable":true,"href":"https:\/\/www.editionkeiper.at\/shop\/wp-json\/wp\/v2\/product_cat?post=14626"},{"taxonomy":"product_tag","embeddable":true,"href":"https:\/\/www.editionkeiper.at\/shop\/wp-json\/wp\/v2\/product_tag?post=14626"},{"taxonomy":"yst_prominent_words","embeddable":true,"href":"https:\/\/www.editionkeiper.at\/shop\/wp-json\/wp\/v2\/yst_prominent_words?post=14626"}],"curies":[{"name":"wp","href":"https:\/\/api.w.org\/{rel}","templated":true}]}}