{"id":14621,"date":"2025-01-20T11:19:39","date_gmt":"2025-01-20T10:19:39","guid":{"rendered":"https:\/\/www.editionkeiper.at\/shop\/?post_type=product&#038;p=14621"},"modified":"2026-03-17T14:32:41","modified_gmt":"2026-03-17T13:32:41","slug":"ein-boot-weit-draussen","status":"publish","type":"product","link":"https:\/\/www.editionkeiper.at\/shop\/produkt\/ein-boot-weit-draussen\/","title":{"rendered":"Ein Boot weit drau\u00dfen"},"content":{"rendered":"<h2>Ein Boot weit drau\u00dfen<\/h2>\n<h4>Erz\u00e4hlungen von <a href=\"https:\/\/www.editionkeiper.at\/shop\/zebinger-jacobi-ingrid\/\"><span style=\"color: #993366;\">Ingrid Zebinger-Jacobi<\/span><\/a><\/h4>\n<p>Die Geschichten von Ingrid Zebinger-Jacobi entfalten ihre Wirkung leise, aber mit tiefgreifender Suggestivkraft. Ob sie \u00fcber den November in Venedig, Prometheus oder Bruegels \u201eBauernfest\u201c schreibt, stets schwingen Zwischent\u00f6ne mit, die das Gew\u00f6hnliche in ein neues Licht r\u00fccken. Ihre Kurzgeschichten \u00fcberraschen mit unerwarteten Wendungen und ziehen den Leser fast unmerklich in eine Welt, in der das Normale nicht normal ist. Mit <em>Ein Boot weit drau\u00dfen<\/em> kn\u00fcpft Zebinger-Jacobi an ihre Werke <em>Barfu\u00df geht die Zeit<\/em> und <em>Ich lege mein Herz an<\/em> an. Es sind Texte voller Zwischenr\u00e4ume und \u00dcberg\u00e4nge, Poesie mit Akzenten, die \u00fcberraschen, irritieren und bewegen. Ihre Kunst liegt darin, das Allt\u00e4gliche so zu schildern, dass das Unsichtbare sp\u00fcrbar wird.<\/p>\n<p><strong>Preis: AT \u20ac 23,00 \/ DE \u20ac 22,37<br \/>\nSeiten:<\/strong> 156<br \/>\n<strong>ISBN13:<\/strong> 978-3-903575-42-4<br \/>\n<strong>Erscheinungsdatum:<\/strong> 24. M\u00e4rz 2025<br \/>\n<strong>Sprache:<\/strong>\u00a0Deutsch<br \/>\n<strong>Format:<\/strong> 12,0 x 19,0 cm; Pappband<\/p>\n<div id=\"attachment_13777\" style=\"width: 100px\" class=\"wp-caption alignnone\"><a href=\"https:\/\/www.editionkeiper.at\/shop\/wp-content\/uploads\/2025\/01\/Leseprobe_Zebinger_Jacobi_Ingrid_Boot_weit_draussen_Verlag_keiper.pdf\" target=\"_blank\" rel=\"noopener\"><img loading=\"lazy\" loading=\"lazy\" decoding=\"async\" aria-describedby=\"caption-attachment-13777\" class=\"wp-image-13777 size-full\" src=\"https:\/\/www.editionkeiper.at\/shop\/wp-content\/uploads\/2024\/01\/Leseprobe_Verlag_Keiper.png\" alt=\"\" width=\"90\" height=\"125\" srcset=\"https:\/\/www.editionkeiper.at\/shop\/wp-content\/uploads\/2024\/01\/Leseprobe_Verlag_Keiper.png 90w, https:\/\/www.editionkeiper.at\/shop\/wp-content\/uploads\/2024\/01\/Leseprobe_Verlag_Keiper-7x10.png 7w\" sizes=\"auto, (max-width: 90px) 100vw, 90px\" \/><\/a><p id=\"caption-attachment-13777\" class=\"wp-caption-text\">Leseprobe<\/p><\/div>\n","protected":false},"excerpt":{"rendered":"<ul>\n<li>Suggestive Kurzgeschichten mit \u00fcberraschenden Wendungen.<\/li>\n<li>Zwischenr\u00e4ume und \u00dcberg\u00e4nge, die das Unsichtbare sichtbar machen.<\/li>\n<li>Poesie mit unverwechselbaren Akzenten.<\/li>\n<\/ul>\n","protected":false},"featured_media":14779,"comment_status":"open","ping_status":"closed","template":"","meta":[],"etheme_brands":[],"product_brand":[],"product_cat":[3685],"product_tag":[5003,336,5005,117,306,348,668,323,2031,5006,5001,5004,5002,999,109],"yst_prominent_words":[],"class_list":{"0":"post-14621","1":"product","2":"type-product","3":"status-publish","4":"has-post-thumbnail","6":"product_cat-erzaehlungen","7":"product_tag-alltaegliches","8":"product_tag-belletristik","9":"product_tag-bruegel","10":"product_tag-keiper","11":"product_tag-kurzgeschichten","12":"product_tag-literatur","13":"product_tag-neuerscheinung","14":"product_tag-oesterreich","15":"product_tag-poesie","16":"product_tag-prometheus","17":"product_tag-suggestion","18":"product_tag-uebergaenge","19":"product_tag-ueberraschung","20":"product_tag-venedig","21":"product_tag-www-editionkeiper-at","23":"first","24":"instock","25":"shipping-taxable","26":"purchasable","27":"product-type-simple"},"_links":{"self":[{"href":"https:\/\/www.editionkeiper.at\/shop\/wp-json\/wp\/v2\/product\/14621","targetHints":{"allow":["GET"]}}],"collection":[{"href":"https:\/\/www.editionkeiper.at\/shop\/wp-json\/wp\/v2\/product"}],"about":[{"href":"https:\/\/www.editionkeiper.at\/shop\/wp-json\/wp\/v2\/types\/product"}],"replies":[{"embeddable":true,"href":"https:\/\/www.editionkeiper.at\/shop\/wp-json\/wp\/v2\/comments?post=14621"}],"wp:featuredmedia":[{"embeddable":true,"href":"https:\/\/www.editionkeiper.at\/shop\/wp-json\/wp\/v2\/media\/14779"}],"wp:attachment":[{"href":"https:\/\/www.editionkeiper.at\/shop\/wp-json\/wp\/v2\/media?parent=14621"}],"wp:term":[{"taxonomy":"brand","embeddable":true,"href":"https:\/\/www.editionkeiper.at\/shop\/wp-json\/wp\/v2\/etheme_brands?post=14621"},{"taxonomy":"product_brand","embeddable":true,"href":"https:\/\/www.editionkeiper.at\/shop\/wp-json\/wp\/v2\/product_brand?post=14621"},{"taxonomy":"product_cat","embeddable":true,"href":"https:\/\/www.editionkeiper.at\/shop\/wp-json\/wp\/v2\/product_cat?post=14621"},{"taxonomy":"product_tag","embeddable":true,"href":"https:\/\/www.editionkeiper.at\/shop\/wp-json\/wp\/v2\/product_tag?post=14621"},{"taxonomy":"yst_prominent_words","embeddable":true,"href":"https:\/\/www.editionkeiper.at\/shop\/wp-json\/wp\/v2\/yst_prominent_words?post=14621"}],"curies":[{"name":"wp","href":"https:\/\/api.w.org\/{rel}","templated":true}]}}