{"id":14619,"date":"2025-01-20T11:24:13","date_gmt":"2025-01-20T10:24:13","guid":{"rendered":"https:\/\/www.editionkeiper.at\/shop\/?post_type=product&#038;p=14619"},"modified":"2026-03-17T14:31:29","modified_gmt":"2026-03-17T13:31:29","slug":"fluechtiges-spiel","status":"publish","type":"product","link":"https:\/\/www.editionkeiper.at\/shop\/produkt\/fluechtiges-spiel\/","title":{"rendered":"Fl\u00fcchtiges Spiel"},"content":{"rendered":"<h2>Fl\u00fcchtiges Spiel<\/h2>\n<h4>Roman von\u00a0<a href=\"https:\/\/www.editionkeiper.at\/shop\/schandor-werner\/\"><span style=\"color: #993366;\">Werner Schandor<\/span><\/a><\/h4>\n<p>Marc trifft in Wien erneut auf Gunni, die Tochter eines Industriellen, die er von einem missgl\u00fcckten Tauchurlaub kennt. Sein Schicksal scheint besiegelt: vom Empork\u00f6mmling zum L\u00fcgner, Spieler und Dieb bis hin zum erschossenen Fl\u00fcchtigen. Doch das Umfeld aus Macht, Geld, Gier und Intrigen l\u00e4sst ihm keine Chance. Vor dem Hintergrund politischer Entscheidungen wie der umstrittenen Abfangj\u00e4gerbeschaffung der Nullerjahre zeichnet der Roman ein d\u00fcsteres Psychogramm eines Mannes, der fr\u00fch die L\u00fcge w\u00e4hlte. Ein packendes Werk \u00fcber Machtpolitik, Freunderlwirtschaft und den Preis, den Ehrgeiz fordert. Der hypnotische Erz\u00e4hlstil gleicht dem Lauf der Kugel im Roulette-Kessel, die Szenerien sind n\u00fcchtern und beklemmend klar. Eine Geschichte, die fesselt und nachhallt.<\/p>\n<p><strong>Preis: AT \u20ac 22,00 \/ DE \u20ac 21,40<br \/>\nSeiten:<\/strong> ca. 210<br \/>\n<strong>ISBN13:<\/strong> 978-3-903575-41-7<br \/>\n<strong>Erscheinungsdatum:<\/strong> 17. Oktober 2025<br \/>\n<strong>Sprache:<\/strong>\u00a0Deutsch<br \/>\n<strong>Format:<\/strong> 12,0 x 19,0 cm; Broschur<\/p>\n<p>Download &gt;&gt; <a href=\"https:\/\/www.editionkeiper.at\/shop\/wp-content\/uploads\/2025\/01\/Leseprobe_Schandor_Werner_Fluechtiges_Spie_Roman_edition_keiperpdf.pdf\" target=\"_blank\" rel=\"noopener\"><span style=\"color: #993366;\"><strong>Leseprobe<\/strong><\/span><\/a> &lt;&lt;<\/p>\n<p><a href=\"https:\/\/www.editionkeiper.at\/shop\/wp-content\/uploads\/2025\/01\/Leseprobe_Schandor_Werner_Fluechtiges_Spie_Roman_edition_keiperpdf.pdf\" target=\"_blank\" rel=\"noopener\"><img loading=\"lazy\" loading=\"lazy\" decoding=\"async\" class=\"alignleft size-full wp-image-13777\" src=\"https:\/\/www.editionkeiper.at\/shop\/wp-content\/uploads\/2024\/01\/Leseprobe_Verlag_Keiper.png\" alt=\"\" width=\"90\" height=\"125\" srcset=\"https:\/\/www.editionkeiper.at\/shop\/wp-content\/uploads\/2024\/01\/Leseprobe_Verlag_Keiper.png 90w, https:\/\/www.editionkeiper.at\/shop\/wp-content\/uploads\/2024\/01\/Leseprobe_Verlag_Keiper-7x10.png 7w\" sizes=\"auto, (max-width: 90px) 100vw, 90px\" \/><\/a><\/p>\n","protected":false},"excerpt":{"rendered":"<ul>\n<li class=\"p1\">Die Geschichte eines Spielers im Umfeld von politischen Entscheidungen, Mauschelei und viel Geld.<\/li>\n<li class=\"p1\">Ein packend erz\u00e4hlter Roman, hypnotisch wie der Lauf der Kugel im Roulette-Kessel.<\/li>\n<li class=\"p1\">Die Szenerien sind kontrastreich. Pointiert. T\u00e4uschend klar.<\/li>\n<\/ul>\n<p>&nbsp;<\/p>\n","protected":false},"featured_media":14767,"comment_status":"open","ping_status":"closed","template":"","meta":[],"etheme_brands":[],"product_brand":[],"product_cat":[3687],"product_tag":[],"yst_prominent_words":[3360],"class_list":{"0":"post-14619","1":"product","2":"type-product","3":"status-publish","4":"has-post-thumbnail","6":"product_cat-romane","8":"first","9":"instock","10":"shipping-taxable","11":"purchasable","12":"product-type-simple"},"_links":{"self":[{"href":"https:\/\/www.editionkeiper.at\/shop\/wp-json\/wp\/v2\/product\/14619","targetHints":{"allow":["GET"]}}],"collection":[{"href":"https:\/\/www.editionkeiper.at\/shop\/wp-json\/wp\/v2\/product"}],"about":[{"href":"https:\/\/www.editionkeiper.at\/shop\/wp-json\/wp\/v2\/types\/product"}],"replies":[{"embeddable":true,"href":"https:\/\/www.editionkeiper.at\/shop\/wp-json\/wp\/v2\/comments?post=14619"}],"wp:featuredmedia":[{"embeddable":true,"href":"https:\/\/www.editionkeiper.at\/shop\/wp-json\/wp\/v2\/media\/14767"}],"wp:attachment":[{"href":"https:\/\/www.editionkeiper.at\/shop\/wp-json\/wp\/v2\/media?parent=14619"}],"wp:term":[{"taxonomy":"brand","embeddable":true,"href":"https:\/\/www.editionkeiper.at\/shop\/wp-json\/wp\/v2\/etheme_brands?post=14619"},{"taxonomy":"product_brand","embeddable":true,"href":"https:\/\/www.editionkeiper.at\/shop\/wp-json\/wp\/v2\/product_brand?post=14619"},{"taxonomy":"product_cat","embeddable":true,"href":"https:\/\/www.editionkeiper.at\/shop\/wp-json\/wp\/v2\/product_cat?post=14619"},{"taxonomy":"product_tag","embeddable":true,"href":"https:\/\/www.editionkeiper.at\/shop\/wp-json\/wp\/v2\/product_tag?post=14619"},{"taxonomy":"yst_prominent_words","embeddable":true,"href":"https:\/\/www.editionkeiper.at\/shop\/wp-json\/wp\/v2\/yst_prominent_words?post=14619"}],"curies":[{"name":"wp","href":"https:\/\/api.w.org\/{rel}","templated":true}]}}