{"id":14614,"date":"2025-01-20T11:53:41","date_gmt":"2025-01-20T10:53:41","guid":{"rendered":"https:\/\/www.editionkeiper.at\/shop\/?post_type=product&#038;p=14614"},"modified":"2026-01-21T11:48:38","modified_gmt":"2026-01-21T10:48:38","slug":"baron-sigmund-conrad-von-eybesfeld","status":"publish","type":"product","link":"https:\/\/www.editionkeiper.at\/shop\/produkt\/baron-sigmund-conrad-von-eybesfeld\/","title":{"rendered":"Baron Sigmund Conrad von Eybesfeld."},"content":{"rendered":"<h2>Baron Sigmund Conrad von Eybesfeld.<br \/>\nEin Leben im Spannungsfeld zwischen Kaisertreue und Familie<\/h2>\n<h4>Ein historischer Familienroman von <a href=\"https:\/\/www.editionkeiper.at\/shop\/lorenz-evelyne\/\"><span style=\"color: #993366;\">Evelyne Lorenz<\/span><\/a><\/h4>\n<p class=\"p1\">Sigismundus Conrad erwirbt 1851 Schloss Eybesfeld, das bald zum Familiensitz seines Sohnes Sigmund und dessen Frau Minna wird. Dr. jur. Sigmund Conrad, kaiserlicher Beamter und sp\u00e4ter in den Adelsstand erhoben, dient als Statthalter in den Kronl\u00e4ndern der \u00d6sterreichisch-Ungarischen Monarchie. Stets im Dienst des Kaisers, f\u00fchren Sigmunds berufliche Pflichten zu langen Trennungen von seiner Familie \u2013 manchmal bleibt ihnen nur der fl\u00fcchtige Blick durch die Fensterscheiben eines vorbeirauschenden Zuges.<\/p>\n<p class=\"p1\">Trotz famili\u00e4rer Schicksalsschl\u00e4ge, finanzieller Schwierigkeiten und beruflicher Herausforderungen bleibt Baron Sigmund sich selbst, dem Kaiser und seiner Familie treu.<\/p>\n<p><strong>Preis: AT \u20ac 30,00 \/ DE \u20ac 29,18<br \/>\nSeiten:<\/strong> ca. 350<br \/>\n<strong>ISBN13:<\/strong> 978-3-903575-50-9<br \/>\n<strong>Erscheinungsdatum:<\/strong> 10. Mai 2025<br \/>\n<strong>Sprache:<\/strong>\u00a0Deutsch<br \/>\n<strong>Format:<\/strong> 15,5 x 22 cm; Pappband mit Schutzumschlag<\/p>\n<p><a href=\"https:\/\/www.editionkeiper.at\/shop\/wp-content\/uploads\/2025\/01\/Leseprobe_Lorenz_Evelyne_Baron_Conrad_Eybesfeld_Biografie_Roman_edition_keiper_Verlag.pdf\" target=\"_blank\" rel=\"noopener\"><strong><span style=\"color: #800080;\">Download &gt;&gt;&gt; Leseprobe &lt;&lt;&lt;<\/span><\/strong><\/a><\/p>\n<p><a href=\"https:\/\/www.editionkeiper.at\/shop\/wp-content\/uploads\/2025\/01\/Leseprobe_Lorenz_Evelyne_Baron_Conrad_Eybesfeld_Biografie_Roman_edition_keiper_Verlag.pdf\" target=\"_blank\" rel=\"noopener\"><img loading=\"lazy\" loading=\"lazy\" decoding=\"async\" class=\"alignleft size-full wp-image-13777\" src=\"https:\/\/www.editionkeiper.at\/shop\/wp-content\/uploads\/2024\/01\/Leseprobe_Verlag_Keiper.png\" alt=\"\" width=\"90\" height=\"125\" srcset=\"https:\/\/www.editionkeiper.at\/shop\/wp-content\/uploads\/2024\/01\/Leseprobe_Verlag_Keiper.png 90w, https:\/\/www.editionkeiper.at\/shop\/wp-content\/uploads\/2024\/01\/Leseprobe_Verlag_Keiper-7x10.png 7w\" sizes=\"auto, (max-width: 90px) 100vw, 90px\" \/><\/a><\/p>\n","protected":false},"excerpt":{"rendered":"<ul>\n<li class=\"p1\">Schloss Eybesfeld als Schauplatz einer ungew\u00f6hnlichen Liebesgeschichte im Spiegel der Zeit.<\/li>\n<li class=\"p1\">Ein Leben zwischen Pflicht und Sehnsucht: Die Geschichte des Barons Sigmund Conrad und seiner Familie im Dienst der \u00d6sterreichisch-Ungarischen Monarchie.<\/li>\n<li class=\"p1\">Getrennt durch Pflichten, verbunden durch Treue: Die bewegende Saga der Familie Conrad im Wandel der Zeit.<\/li>\n<\/ul>\n","protected":false},"featured_media":14765,"comment_status":"open","ping_status":"closed","template":"","meta":[],"etheme_brands":[],"product_brand":[],"product_cat":[3089,3691],"product_tag":[4991,4990,336,2007,241,4989,4987,4992,4988,218,4985,4986,4993],"yst_prominent_words":[],"class_list":{"0":"post-14614","1":"product","2":"type-product","3":"status-publish","4":"has-post-thumbnail","6":"product_cat-biografie","7":"product_cat-historische-romane","8":"product_tag-19-jahrhundert","9":"product_tag-beamtentum","10":"product_tag-belletristik","11":"product_tag-familiensaga","12":"product_tag-graz","13":"product_tag-historische-liebesgeschichte","14":"product_tag-k-u-k-monarchie","15":"product_tag-kaiser","16":"product_tag-oesterreichischer-adel","17":"product_tag-roman","18":"product_tag-schloss-eybesfeld","19":"product_tag-sigmund-conrad","20":"product_tag-treue","22":"first","23":"instock","24":"shipping-taxable","25":"purchasable","26":"product-type-simple"},"_links":{"self":[{"href":"https:\/\/www.editionkeiper.at\/shop\/wp-json\/wp\/v2\/product\/14614","targetHints":{"allow":["GET"]}}],"collection":[{"href":"https:\/\/www.editionkeiper.at\/shop\/wp-json\/wp\/v2\/product"}],"about":[{"href":"https:\/\/www.editionkeiper.at\/shop\/wp-json\/wp\/v2\/types\/product"}],"replies":[{"embeddable":true,"href":"https:\/\/www.editionkeiper.at\/shop\/wp-json\/wp\/v2\/comments?post=14614"}],"wp:featuredmedia":[{"embeddable":true,"href":"https:\/\/www.editionkeiper.at\/shop\/wp-json\/wp\/v2\/media\/14765"}],"wp:attachment":[{"href":"https:\/\/www.editionkeiper.at\/shop\/wp-json\/wp\/v2\/media?parent=14614"}],"wp:term":[{"taxonomy":"brand","embeddable":true,"href":"https:\/\/www.editionkeiper.at\/shop\/wp-json\/wp\/v2\/etheme_brands?post=14614"},{"taxonomy":"product_brand","embeddable":true,"href":"https:\/\/www.editionkeiper.at\/shop\/wp-json\/wp\/v2\/product_brand?post=14614"},{"taxonomy":"product_cat","embeddable":true,"href":"https:\/\/www.editionkeiper.at\/shop\/wp-json\/wp\/v2\/product_cat?post=14614"},{"taxonomy":"product_tag","embeddable":true,"href":"https:\/\/www.editionkeiper.at\/shop\/wp-json\/wp\/v2\/product_tag?post=14614"},{"taxonomy":"yst_prominent_words","embeddable":true,"href":"https:\/\/www.editionkeiper.at\/shop\/wp-json\/wp\/v2\/yst_prominent_words?post=14614"}],"curies":[{"name":"wp","href":"https:\/\/api.w.org\/{rel}","templated":true}]}}