{"id":14613,"date":"2024-11-27T14:28:23","date_gmt":"2024-11-27T13:28:23","guid":{"rendered":"https:\/\/www.editionkeiper.at\/shop\/?post_type=product&#038;p=14613"},"modified":"2025-05-15T15:06:03","modified_gmt":"2025-05-15T13:06:03","slug":"die-erben-von-botha","status":"publish","type":"product","link":"https:\/\/www.editionkeiper.at\/shop\/produkt\/die-erben-von-botha\/","title":{"rendered":"Die Erben von Botha"},"content":{"rendered":"<h2 class=\"p1\">Die Erben von Botha<\/h2>\n<p><strong><a href=\"https:\/\/www.editionkeiper.at\/shop\/haas-anja\/\">Haas, Anja<\/a>Jugendroman von <span style=\"color: #993366;\"><a style=\"color: #993366;\" href=\"https:\/\/www.editionkeiper.at\/shop\/haas-anja\/\" target=\"_blank\" rel=\"noopener\"><span class=\"s1\">Anja Haas<\/span><\/a><\/span><\/strong><\/p>\n<p class=\"p1\">In einer Welt, die von Magie und Geheimnissen durchdrungen ist, k\u00e4mpft die junge Maisie Anderson mit einer schicksalhaften Bestimmung und einer d\u00fcsteren Vergangenheit. Seit ihrer Kindheit in der geheimnisvollen Parallelwelt Botha aufgewachsen, begegnet die Jugendliche w\u00e4hrend ihrer Zeit an der Cellisty-Schule f\u00fcr Magie faszinierenden Hexen und Zauberern, w\u00e4hrend sie tiefer in die Mysterien dieser Welt eintaucht. Eine Begegnung mit einem uralten Wesen und eine unerwartete Reise stellen Maisie vor die gr\u00f6\u00dfte Herausforderung ihres Lebens. Ein magisches Fantasy-Abenteuer,\u00a0das fesselt.<\/p>\n<p><strong>Seiten:<\/strong> ca. 250<br \/>\n<strong>ISBN13:<\/strong> 978-3-903575-38-7<br \/>\n<strong>Erscheinungsdatum:<\/strong> 16. Dezember\u00a0 2024<br \/>\n<strong>Sprache:<\/strong>\u00a0Deutsch<br \/>\n<strong>Format:<\/strong> 14,0 x 21,0 cm; Broschur<\/p>\n<p><a href=\"https:\/\/www.editionkeiper.at\/shop\/wp-content\/uploads\/2024\/11\/Leseprobe_Haas_Anja_Erben_Botha_Jugend_schreibt_edition_keiper_Jugendroman.pdf\" target=\"_blank\" rel=\"noopener\"><img loading=\"lazy\" loading=\"lazy\" decoding=\"async\" class=\"alignnone size-full wp-image-13777\" src=\"https:\/\/www.editionkeiper.at\/shop\/wp-content\/uploads\/2024\/01\/Leseprobe_Verlag_Keiper.png\" alt=\"\" width=\"90\" height=\"125\" srcset=\"https:\/\/www.editionkeiper.at\/shop\/wp-content\/uploads\/2024\/01\/Leseprobe_Verlag_Keiper.png 90w, https:\/\/www.editionkeiper.at\/shop\/wp-content\/uploads\/2024\/01\/Leseprobe_Verlag_Keiper-7x10.png 7w\" sizes=\"auto, (max-width: 90px) 100vw, 90px\" \/><\/a><\/p>\n","protected":false},"excerpt":{"rendered":"<p>Maisie Anderson w\u00e4chst in der magischen Parallelwelt Botha auf und k\u00e4mpft mit ihrer d\u00fcsteren Vergangenheit und einer schicksalhaften Bestimmung. Zwischen Hexen, Zauberern und uralten Wesen stellt sie sich der gr\u00f6\u00dften Herausforderung ihres Lebens \u2013 in einer Welt voller Geheimnisse.<\/p>\n<p><span style=\"color: #800080;\"><strong>\u00a0<\/strong><\/span><\/p>\n<p>&nbsp;<\/p>\n","protected":false},"featured_media":14647,"comment_status":"open","ping_status":"closed","template":"","meta":[],"etheme_brands":[],"product_brand":[],"product_cat":[1089,4648,4629,3690],"product_tag":[],"yst_prominent_words":[3183],"class_list":{"0":"post-14613","1":"product","2":"type-product","3":"status-publish","4":"has-post-thumbnail","6":"product_cat-fantasy","7":"product_cat-jugend","8":"product_cat-jugend-schreibt","9":"product_cat-jugendromane","11":"first","12":"instock","13":"shipping-taxable","14":"purchasable","15":"product-type-simple"},"_links":{"self":[{"href":"https:\/\/www.editionkeiper.at\/shop\/wp-json\/wp\/v2\/product\/14613","targetHints":{"allow":["GET"]}}],"collection":[{"href":"https:\/\/www.editionkeiper.at\/shop\/wp-json\/wp\/v2\/product"}],"about":[{"href":"https:\/\/www.editionkeiper.at\/shop\/wp-json\/wp\/v2\/types\/product"}],"replies":[{"embeddable":true,"href":"https:\/\/www.editionkeiper.at\/shop\/wp-json\/wp\/v2\/comments?post=14613"}],"wp:featuredmedia":[{"embeddable":true,"href":"https:\/\/www.editionkeiper.at\/shop\/wp-json\/wp\/v2\/media\/14647"}],"wp:attachment":[{"href":"https:\/\/www.editionkeiper.at\/shop\/wp-json\/wp\/v2\/media?parent=14613"}],"wp:term":[{"taxonomy":"brand","embeddable":true,"href":"https:\/\/www.editionkeiper.at\/shop\/wp-json\/wp\/v2\/etheme_brands?post=14613"},{"taxonomy":"product_brand","embeddable":true,"href":"https:\/\/www.editionkeiper.at\/shop\/wp-json\/wp\/v2\/product_brand?post=14613"},{"taxonomy":"product_cat","embeddable":true,"href":"https:\/\/www.editionkeiper.at\/shop\/wp-json\/wp\/v2\/product_cat?post=14613"},{"taxonomy":"product_tag","embeddable":true,"href":"https:\/\/www.editionkeiper.at\/shop\/wp-json\/wp\/v2\/product_tag?post=14613"},{"taxonomy":"yst_prominent_words","embeddable":true,"href":"https:\/\/www.editionkeiper.at\/shop\/wp-json\/wp\/v2\/yst_prominent_words?post=14613"}],"curies":[{"name":"wp","href":"https:\/\/api.w.org\/{rel}","templated":true}]}}