{"id":14504,"date":"2024-10-17T15:50:17","date_gmt":"2024-10-17T13:50:17","guid":{"rendered":"https:\/\/www.editionkeiper.at\/shop\/?post_type=product&#038;p=14504"},"modified":"2025-01-20T11:49:16","modified_gmt":"2025-01-20T10:49:16","slug":"eisenhagel-aus-jetzt-ebook","status":"publish","type":"product","link":"https:\/\/www.editionkeiper.at\/shop\/produkt\/eisenhagel-aus-jetzt-ebook\/","title":{"rendered":"Eisenhagel \u2013 Aus jetzt! (eBook)"},"content":{"rendered":"<h2>Eisenhagel \u2013 Aus jetzt!<\/h2>\n<p><strong>Kriminalroman von <span style=\"color: #993366;\"><a style=\"color: #993366;\" href=\"https:\/\/www.editionkeiper.at\/shop\/wanko-martin-g-2\/\">Martin G. Wanko<\/a><\/span><\/strong><\/p>\n<p>Jetzt ist es soweit! Echt? Wer kann das schon genau sagen. Sicher ist nur, dass es jetzt hinein geht \u2013 in einen mystischen Zauberberg voller \u00dcberraschungen!<\/p>\n<p>Diesen Winter steht der alles entscheidende Krampuslauf in Eisenhagel bevor. Doch die Krampusse aus Hangbluten scheinen \u00fcberm\u00e4chtig zu sein, und Eisenhagel droht die Niederlage. Jenny, Kevin und Annika f\u00fcrchten schreckliche Szenen \u2013 denn niemand will auf der Verliererseite stehen! Um das Schlimmste zu verhindern, plant Jenny diplomatische Gespr\u00e4che und begibt sich mutig in die Hochburg der Krampusse, nach Hangbluten. Dort wartet jedoch ein geheimnisvoller Zauberberg mit verlockenden Versuchungen. Wird Jenny standhaft bleiben?<\/p>\n<p class=\"p1\"><strong>Preis:<\/strong> AT \u20ac 22,00 \/ DE \u20ac 21,40<\/p>\n<p><strong>Seiten:<\/strong> ca. 240<br \/>\n<strong>ISBN13:<\/strong> 978-3-903575-25-7<br \/>\n<strong>Erscheinungsdatum:<\/strong> 21. Oktober 2024<br \/>\n<strong>Sprache:<\/strong>\u00a0Deutsch<br \/>\n<strong>Format:<\/strong> 12,0 x 20,0 cm; Broschur<\/p>\n<p><a href=\"https:\/\/www.editionkeiper.at\/shop\/wp-content\/uploads\/2024\/05\/Leseprobe_Eisenhagel_Martin_G_Wanko_Steiermark-Krimi_keiper_Verlag.pdf\" target=\"_blank\" rel=\"noopener\"><img loading=\"lazy\" loading=\"lazy\" decoding=\"async\" class=\"alignnone size-full wp-image-13777\" src=\"https:\/\/www.editionkeiper.at\/shop\/wp-content\/uploads\/2024\/01\/Leseprobe_Verlag_Keiper.png\" alt=\"\" width=\"90\" height=\"125\" srcset=\"https:\/\/www.editionkeiper.at\/shop\/wp-content\/uploads\/2024\/01\/Leseprobe_Verlag_Keiper.png 90w, https:\/\/www.editionkeiper.at\/shop\/wp-content\/uploads\/2024\/01\/Leseprobe_Verlag_Keiper-7x10.png 7w\" sizes=\"auto, (max-width: 90px) 100vw, 90px\" \/><\/a><\/p>\n","protected":false},"excerpt":{"rendered":"<p class=\"p1\">Was ist Eisenhagel?<br \/>\nEisenhagel ist ein fiktiver Ort, den doch jeder von uns kennt. Hier liegen Gut und B\u00f6se eng beieinander. Eisenhagel l\u00e4sst Gedanken Wirklichkeit werden, die man lieber nie gehabt h\u00e4tte.<\/p>\n<ul>\n<li class=\"p1\">Der dritte Steiermark-Krimi aus Eisenhagel!<\/li>\n<li class=\"p1\">Wenn es Eisenhagel nicht g\u00e4be, m\u00fcsste man es erfinden.<\/li>\n<li class=\"p1\">Typisch Wanko \u2013 ohne Maulkorb und schr\u00e4g wie immer.<\/li>\n<\/ul>\n","protected":false},"featured_media":14109,"comment_status":"closed","ping_status":"closed","template":"","meta":[],"etheme_brands":[],"product_brand":[],"product_cat":[4940,1394],"product_tag":[4742,356,4738,4746,4739,4745,4740,4734,4735,558,4744,198,4737,323,4743,589,209,121,4747,4748,4741,109,4736],"yst_prominent_words":[],"class_list":{"0":"post-14504","1":"product","2":"type-product","3":"status-publish","4":"has-post-thumbnail","6":"product_cat-ebook","7":"product_cat-krimi","8":"product_tag-duestere-geheimnisse","9":"product_tag-edition-keiper","10":"product_tag-entscheidender-krampuslauf","11":"product_tag-grosse-verlockungen","12":"product_tag-jenny-kevin-annika","13":"product_tag-kampf-eisenhagel","14":"product_tag-krampus-hochburg-hangbluten","15":"product_tag-krampuslauf-eisenhagel","16":"product_tag-krampusse-hangbluten","17":"product_tag-krimi","18":"product_tag-krimi-roman","19":"product_tag-kriminalroman","20":"product_tag-mystischer-zauberberg","21":"product_tag-oesterreich","22":"product_tag-spannende-abenteuer","23":"product_tag-spannung","24":"product_tag-steiermark","25":"product_tag-verlag","26":"product_tag-verlierer-krampuslauf","27":"product_tag-wanko","28":"product_tag-winter-krampuslauf","29":"product_tag-www-editionkeiper-at","30":"product_tag-zauberberg-ueberraschungen","32":"first","33":"instock","34":"downloadable","35":"shipping-taxable","36":"purchasable","37":"product-type-simple"},"_links":{"self":[{"href":"https:\/\/www.editionkeiper.at\/shop\/wp-json\/wp\/v2\/product\/14504","targetHints":{"allow":["GET"]}}],"collection":[{"href":"https:\/\/www.editionkeiper.at\/shop\/wp-json\/wp\/v2\/product"}],"about":[{"href":"https:\/\/www.editionkeiper.at\/shop\/wp-json\/wp\/v2\/types\/product"}],"replies":[{"embeddable":true,"href":"https:\/\/www.editionkeiper.at\/shop\/wp-json\/wp\/v2\/comments?post=14504"}],"wp:featuredmedia":[{"embeddable":true,"href":"https:\/\/www.editionkeiper.at\/shop\/wp-json\/wp\/v2\/media\/14109"}],"wp:attachment":[{"href":"https:\/\/www.editionkeiper.at\/shop\/wp-json\/wp\/v2\/media?parent=14504"}],"wp:term":[{"taxonomy":"brand","embeddable":true,"href":"https:\/\/www.editionkeiper.at\/shop\/wp-json\/wp\/v2\/etheme_brands?post=14504"},{"taxonomy":"product_brand","embeddable":true,"href":"https:\/\/www.editionkeiper.at\/shop\/wp-json\/wp\/v2\/product_brand?post=14504"},{"taxonomy":"product_cat","embeddable":true,"href":"https:\/\/www.editionkeiper.at\/shop\/wp-json\/wp\/v2\/product_cat?post=14504"},{"taxonomy":"product_tag","embeddable":true,"href":"https:\/\/www.editionkeiper.at\/shop\/wp-json\/wp\/v2\/product_tag?post=14504"},{"taxonomy":"yst_prominent_words","embeddable":true,"href":"https:\/\/www.editionkeiper.at\/shop\/wp-json\/wp\/v2\/yst_prominent_words?post=14504"}],"curies":[{"name":"wp","href":"https:\/\/api.w.org\/{rel}","templated":true}]}}