{"id":14405,"date":"2024-09-10T16:22:58","date_gmt":"2024-09-10T14:22:58","guid":{"rendered":"https:\/\/www.editionkeiper.at\/shop\/?post_type=product&#038;p=14405"},"modified":"2025-07-25T11:35:58","modified_gmt":"2025-07-25T09:35:58","slug":"tausend-und-eine-nacht-traum-und-wirklichkeit","status":"publish","type":"product","link":"https:\/\/www.editionkeiper.at\/shop\/produkt\/tausend-und-eine-nacht-traum-und-wirklichkeit\/","title":{"rendered":"Tausend und eine Nacht \u2013 Traum und Wirklichkeit"},"content":{"rendered":"<h2>Tausend und eine Nacht \u2013 Traum und Wirklichkeit<\/h2>\n<p>von <span style=\"color: #800080;\"><a style=\"color: #800080;\" href=\"https:\/\/www.editionkeiper.at\/shop\/sharaff-linda\/\">Linda Sharaff<\/a><\/span><\/p>\n<p>Rosmarie w\u00e4chst in einer beschaulichen Kleinstadt in \u00d6sterreich auf, bis sie Karim, einen Iraner, kennenlernt und sich in ihn verliebt. Mit Mut und Neugier folgt sie Karim in den Iran, wo sie seine Familie trifft \u2013 eine Begegnung, die von Ablehnung und kulturellen Herausforderungen gepr\u00e4gt ist. Trotz dieser Widrigkeiten heiratet sie Karim und beginnt ein neues Leben in Teheran und am Kaspischen Meer. Sp\u00e4ter zieht die Familie in den S\u00fcd-Iran, wo Karim bei einer \u00d6lfirma arbeitet.<\/p>\n<p>Als selbstbestimmte Frau meistert Rosmarie die Herausforderungen ihres neuen Lebens, lernt die Sprache und kn\u00fcpft Kontakte zu anderen Frauen vor Ort. Zwei Kinder bereichern ihre Welt, doch das politische Klima verschlechtert sich mit der Zeit: Der Golfkrieg und die Macht\u00fcbernahme durch Khomeini zwingen Rosmarie zur Flucht zur\u00fcck nach \u00d6sterreich. Dort beginnt ein existenzieller \u00dcberlebenskampf, w\u00e4hrend Karim sie in dieser schwierigen Zeit im Stich l\u00e4sst. Schlie\u00dflich folgt die Scheidung, und Rosmarie muss sich ein v\u00f6llig neues Leben aufbauen.<\/p>\n<p>Mit gro\u00dfer Entschlossenheit findet sie ihren Weg in die Kunst- und Kulturszene, entdeckt ihre Leidenschaft f\u00fcr Literatur und Theater und gestaltet sich eine neue, unabh\u00e4ngige Existenz. Die Beziehung zu ihren Kindern bleibt durch die Scheidung belastet, doch nach vielen Jahren der Entfremdung gelingt allm\u00e4hlich eine Ann\u00e4herung.<\/p>\n<p>Dieses Buch erz\u00e4hlt die beeindruckende Geschichte einer Frau, die sich trotz vieler Widrigkeiten immer wieder behauptet und ihren eigenen Weg findet \u2013 gepr\u00e4gt von Mut, kulturellen Begegnungen und der Kraft, immer wieder neu anzufangen.<\/p>\n<p><em>Um die Autorin und ihre noch lebenden Verwandten zu sch\u00fctzen, erscheint dieses Buch unter dem Pseudonym Linda Sharaff.<\/em><\/p>\n<p><strong>Preis: <\/strong>AT \u20ac 24,00 \/ DE \u20ac 23,35<strong><br \/>\nISBN13:<\/strong> 978-3-903575-37-0<strong><br \/>\nErscheinungsdatum: <\/strong>23. Oktober 2024<strong><br \/>\nSeiten: <\/strong>344<strong><br \/>\nSprache:\u00a0<\/strong>Deutsch<strong><br \/>\nFormat: <\/strong>21 x 14 cm; Softcover, SW<\/p>\n<p><a href=\"https:\/\/www.editionkeiper.at\/shop\/wp-content\/uploads\/2024\/09\/Leseprobe_Sharaff_Linda_Tausend_und_eine_Nacht_Verlag_Keiper.pdf\" target=\"_blank\" rel=\"noopener\"><strong>Download <span style=\"color: #993366;\">&gt;&gt;&gt; Leseprobe &lt;&lt;&lt;<\/span><\/strong><\/a><\/p>\n<p><a href=\"https:\/\/www.editionkeiper.at\/shop\/wp-content\/uploads\/2024\/09\/Leseprobe_Sharaff_Linda_Tausend_und_eine_Nacht_Verlag_Keiper.pdf\" target=\"_blank\" rel=\"noopener\"><img loading=\"lazy\" loading=\"lazy\" decoding=\"async\" class=\"alignleft size-full wp-image-13777\" src=\"https:\/\/www.editionkeiper.at\/shop\/wp-content\/uploads\/2024\/01\/Leseprobe_Verlag_Keiper.png\" alt=\"\" width=\"90\" height=\"125\" srcset=\"https:\/\/www.editionkeiper.at\/shop\/wp-content\/uploads\/2024\/01\/Leseprobe_Verlag_Keiper.png 90w, https:\/\/www.editionkeiper.at\/shop\/wp-content\/uploads\/2024\/01\/Leseprobe_Verlag_Keiper-7x10.png 7w\" sizes=\"auto, (max-width: 90px) 100vw, 90px\" \/><\/a><\/p>\n","protected":false},"excerpt":{"rendered":"<p>Eine mutige \u00d6sterreicherin folgt ihrer gro\u00dfen Liebe in den Iran und stellt sich den kulturellen und sprachlichen Herausforderungen. Der Golfkrieg zwingt sie zur Flucht, doch sie l\u00e4sst sich nicht unterkriegen und baut sich ein neues Leben auf, gepr\u00e4gt von Kunst, Literatur und dem Kampf um Selbstbestimmung.<\/p>\n<ul>\n<li>Die wahre Lebensgeschichte einer Frau zwischen zwei Kulturen.<\/li>\n<li>Eine \u00d6sterreicherin im Iran: Liebe, Flucht und Neuanfang.<\/li>\n<li>Eine Frau k\u00e4mpft um ihre Selbstbestimmung.<\/li>\n<\/ul>\n<p>&nbsp;<\/p>\n","protected":false},"featured_media":14406,"comment_status":"open","ping_status":"closed","template":"","meta":[],"etheme_brands":[],"product_brand":[],"product_cat":[3089,3687],"product_tag":[285,356,4139,751,4913,241,4919,4910,4914,707,4917,119,382,348,4911,668,323,4918,4909,4915,4280,4916,4912],"yst_prominent_words":[3208,3186],"class_list":{"0":"post-14405","1":"product","2":"type-product","3":"status-publish","4":"has-post-thumbnail","6":"product_cat-biografie","7":"product_cat-romane","8":"product_tag-biografie","9":"product_tag-edition-keiper","10":"product_tag-flucht","11":"product_tag-frau","12":"product_tag-golfkrieg","13":"product_tag-graz","14":"product_tag-hussein","15":"product_tag-iran","16":"product_tag-karim","17":"product_tag-kultur","18":"product_tag-kulturschock","19":"product_tag-kunst","20":"product_tag-liebe","21":"product_tag-literatur","22":"product_tag-neuanfang","23":"product_tag-neuerscheinung","24":"product_tag-oesterreich","25":"product_tag-persien","26":"product_tag-rosmarie","27":"product_tag-schah","28":"product_tag-selbstbestimmung","29":"product_tag-teheran","30":"product_tag-theater","32":"first","33":"instock","34":"shipping-taxable","35":"purchasable","36":"product-type-simple"},"_links":{"self":[{"href":"https:\/\/www.editionkeiper.at\/shop\/wp-json\/wp\/v2\/product\/14405","targetHints":{"allow":["GET"]}}],"collection":[{"href":"https:\/\/www.editionkeiper.at\/shop\/wp-json\/wp\/v2\/product"}],"about":[{"href":"https:\/\/www.editionkeiper.at\/shop\/wp-json\/wp\/v2\/types\/product"}],"replies":[{"embeddable":true,"href":"https:\/\/www.editionkeiper.at\/shop\/wp-json\/wp\/v2\/comments?post=14405"}],"wp:featuredmedia":[{"embeddable":true,"href":"https:\/\/www.editionkeiper.at\/shop\/wp-json\/wp\/v2\/media\/14406"}],"wp:attachment":[{"href":"https:\/\/www.editionkeiper.at\/shop\/wp-json\/wp\/v2\/media?parent=14405"}],"wp:term":[{"taxonomy":"brand","embeddable":true,"href":"https:\/\/www.editionkeiper.at\/shop\/wp-json\/wp\/v2\/etheme_brands?post=14405"},{"taxonomy":"product_brand","embeddable":true,"href":"https:\/\/www.editionkeiper.at\/shop\/wp-json\/wp\/v2\/product_brand?post=14405"},{"taxonomy":"product_cat","embeddable":true,"href":"https:\/\/www.editionkeiper.at\/shop\/wp-json\/wp\/v2\/product_cat?post=14405"},{"taxonomy":"product_tag","embeddable":true,"href":"https:\/\/www.editionkeiper.at\/shop\/wp-json\/wp\/v2\/product_tag?post=14405"},{"taxonomy":"yst_prominent_words","embeddable":true,"href":"https:\/\/www.editionkeiper.at\/shop\/wp-json\/wp\/v2\/yst_prominent_words?post=14405"}],"curies":[{"name":"wp","href":"https:\/\/api.w.org\/{rel}","templated":true}]}}