{"id":14379,"date":"2024-08-29T15:06:36","date_gmt":"2024-08-29T13:06:36","guid":{"rendered":"https:\/\/www.editionkeiper.at\/shop\/?post_type=product&#038;p=14379"},"modified":"2024-12-06T14:22:43","modified_gmt":"2024-12-06T13:22:43","slug":"heimat-ebook","status":"publish","type":"product","link":"https:\/\/www.editionkeiper.at\/shop\/produkt\/heimat-ebook\/","title":{"rendered":"Heimat (ebook)"},"content":{"rendered":"<h2>Heimat<\/h2>\n<p><strong>Roman von <span style=\"color: #993366;\"><a style=\"color: #993366;\" href=\"https:\/\/www.editionkeiper.at\/shop\/schmoelzer-august\/\">August Schm\u00f6lzer<\/a><\/span><\/strong><\/p>\n<p>In St. Vinzenz, einem kleinen Ort in der S\u00fcdweststeiermark, k\u00e4mpfen die Menschen mit Mut und Humor gegen die Last der Vergangenheit und die Herausforderungen des Alltags. August Schm\u00f6lzer erz\u00e4hlt die fesselnde Geschichte der B\u00e4uerin Franziska Klug und des pensionierten Gendarmen Josef Sudi, deren Leben von Liebe, Hass und Leidenschaft gepr\u00e4gt ist. Ein untypischer Heimatroman, der die Themen Kirche und Politik miteinander verwebt und auch vor mehreren Morden nicht zur\u00fcckscheut. Zugleich ist das Buch eine Hommage an die Weststeiermark, ihre Kultur und den ber\u00fchmten Schilcher. Ein spannend erz\u00e4hlter Roman f\u00fcr alle, die das Leben und die Herausforderungen des l\u00e4ndlichen Daseins neu entdecken wollen.<\/p>\n<p><strong>Preis:<\/strong> AT \u20ac 18,99 \/ DE \u20ac 18,47<br \/>\n<strong>Seiten:<\/strong> ca. 260<br \/>\n<strong>eISBN13:<\/strong> 978-3-903575-36-3<br \/>\n<strong>Erscheinungsdatum:<\/strong> 04. Oktober 2024<br \/>\n<strong>Sprache:<\/strong>\u00a0Deutsch<br \/>\n<strong>Format:<\/strong> ePub<\/p>\n<p><a href=\"https:\/\/www.editionkeiper.at\/shop\/wp-content\/uploads\/2024\/05\/Leseprobe_Heimat_Roman_Schmoelzer_August.pdf\" target=\"_blank\" rel=\"noopener\"><img loading=\"lazy\" loading=\"lazy\" decoding=\"async\" class=\"alignleft wp-image-13777 size-full\" src=\"https:\/\/www.editionkeiper.at\/shop\/wp-content\/uploads\/2024\/01\/Leseprobe_Verlag_Keiper.png\" alt=\"\" width=\"90\" height=\"125\" srcset=\"https:\/\/www.editionkeiper.at\/shop\/wp-content\/uploads\/2024\/01\/Leseprobe_Verlag_Keiper.png 90w, https:\/\/www.editionkeiper.at\/shop\/wp-content\/uploads\/2024\/01\/Leseprobe_Verlag_Keiper-7x10.png 7w\" sizes=\"auto, (max-width: 90px) 100vw, 90px\" \/><\/a><\/p>\n<p>&nbsp;<\/p>\n<p>Leseprobe (PDF)<\/p>\n<p>&nbsp;<\/p>\n<p>&nbsp;<\/p>\n<p>&nbsp;<\/p>\n<p><iframe loading=\"lazy\" title=\"August Schmo\u0308lzer singt &quot;Weltverdru\u00df&quot; \u2013  Roman &quot;Heimat&quot; bei Keiper\" width=\"1170\" height=\"658\" src=\"https:\/\/www.youtube.com\/embed\/3nmZ8htLLos?feature=oembed\" frameborder=\"0\" allow=\"accelerometer; autoplay; clipboard-write; encrypted-media; gyroscope; picture-in-picture; web-share\" referrerpolicy=\"strict-origin-when-cross-origin\" allowfullscreen><\/iframe><\/p>\n","protected":false},"excerpt":{"rendered":"<p class=\"p1\">In St. Vinzenz, einem kleinen Dorf in der S\u00fcdweststeiermark, prallen Vergangenheit und Gegenwart aufeinander. August Schm\u00f6lzer erz\u00e4hlt von Liebe, Hass und Leidenschaft in einer l\u00e4ndlichen Welt, in der Kirche und Politik eng zusammenh\u00e4ngen und sogar Morde passieren. Eine Hommage an die Weststeiermark und ihre Kultur.<\/p>\n","protected":false},"featured_media":14080,"comment_status":"open","ping_status":"closed","template":"","meta":[],"etheme_brands":[],"product_brand":[],"product_cat":[4940,3687],"product_tag":[4939,4522,336,4690,4905,241,695,117,348,323,209,121,109],"yst_prominent_words":[3208,3360],"class_list":{"0":"post-14379","1":"product","2":"type-product","3":"status-publish","4":"has-post-thumbnail","6":"product_cat-ebook","7":"product_cat-romane","8":"product_tag-am-ende-wird-alles-sichtbar","9":"product_tag-august-schmoelzer","10":"product_tag-belletristik","11":"product_tag-dorfleben","12":"product_tag-ebook","13":"product_tag-graz","14":"product_tag-heimat","15":"product_tag-keiper","16":"product_tag-literatur","17":"product_tag-oesterreich","18":"product_tag-steiermark","19":"product_tag-verlag","20":"product_tag-www-editionkeiper-at","22":"first","23":"instock","24":"downloadable","25":"virtual","26":"purchasable","27":"product-type-simple"},"_links":{"self":[{"href":"https:\/\/www.editionkeiper.at\/shop\/wp-json\/wp\/v2\/product\/14379","targetHints":{"allow":["GET"]}}],"collection":[{"href":"https:\/\/www.editionkeiper.at\/shop\/wp-json\/wp\/v2\/product"}],"about":[{"href":"https:\/\/www.editionkeiper.at\/shop\/wp-json\/wp\/v2\/types\/product"}],"replies":[{"embeddable":true,"href":"https:\/\/www.editionkeiper.at\/shop\/wp-json\/wp\/v2\/comments?post=14379"}],"wp:featuredmedia":[{"embeddable":true,"href":"https:\/\/www.editionkeiper.at\/shop\/wp-json\/wp\/v2\/media\/14080"}],"wp:attachment":[{"href":"https:\/\/www.editionkeiper.at\/shop\/wp-json\/wp\/v2\/media?parent=14379"}],"wp:term":[{"taxonomy":"brand","embeddable":true,"href":"https:\/\/www.editionkeiper.at\/shop\/wp-json\/wp\/v2\/etheme_brands?post=14379"},{"taxonomy":"product_brand","embeddable":true,"href":"https:\/\/www.editionkeiper.at\/shop\/wp-json\/wp\/v2\/product_brand?post=14379"},{"taxonomy":"product_cat","embeddable":true,"href":"https:\/\/www.editionkeiper.at\/shop\/wp-json\/wp\/v2\/product_cat?post=14379"},{"taxonomy":"product_tag","embeddable":true,"href":"https:\/\/www.editionkeiper.at\/shop\/wp-json\/wp\/v2\/product_tag?post=14379"},{"taxonomy":"yst_prominent_words","embeddable":true,"href":"https:\/\/www.editionkeiper.at\/shop\/wp-json\/wp\/v2\/yst_prominent_words?post=14379"}],"curies":[{"name":"wp","href":"https:\/\/api.w.org\/{rel}","templated":true}]}}