{"id":14030,"date":"2024-05-29T14:20:25","date_gmt":"2024-05-29T12:20:25","guid":{"rendered":"https:\/\/www.editionkeiper.at\/shop\/?post_type=product&#038;p=14030"},"modified":"2025-01-20T11:43:19","modified_gmt":"2025-01-20T10:43:19","slug":"andrea-kocht","status":"publish","type":"product","link":"https:\/\/www.editionkeiper.at\/shop\/produkt\/andrea-kocht\/","title":{"rendered":"Andrea kocht \u2013 Provinzrezepte und Schnapsideen"},"content":{"rendered":"<h2>Andrea kocht \u2013 Provinzrezepte und Schnapsideen<\/h2>\n<p>von <a href=\"https:\/\/www.editionkeiper.at\/shop\/wolfmayr-andrea\/\">Andrea Wolfmayr<\/a><\/p>\n<p>Bl\u00e4ttern Sie in Andrea Wolfmayrs einzigartigem Werk, das Kochen und Literatur vereint und erleben Sie die Provinz durch bewegende Geschichten und authentische Rezepte! &#8222;Andrea kocht&#8220; ist mehr als ein Kochbuch, eine Rezeptsammlung oder ein Roman. Es ist eine einzigartige Mischung aus Geschichten und Rezepten, die das Leben in der Provinz lebendig werden lassen. Andrea Wolfmayr hat jahrelang mit den Figuren aus ihren Provinzromanen gelebt, ihre H\u00f6hen und Tiefen erlebt und sie wie Freunde oder Verwandte gekannt. In Kirchtavernen, Buschensch\u00e4nken, zu Hause und in der Fremde wurde stets gekocht und gegessen. Nun begibt sich Andrea erneut in die Provinz, um die Personen aus ihren Provinzromanen zu treffen, mit ihnen zu philosophieren und alle Rezepte zu sammeln &#8211; und sie Ihnen, liebe Leserinnen und Leser, n\u00e4herzubringen. Erleben Sie das Leben, Lieben und Leiden der Provinz durch ihre bewegenden Geschichten und k\u00f6stlichen Rezepte.<\/p>\n<p>So lebt, liebt und leidet, so schmeckt die Provinz!<\/p>\n<p><strong>Preis:<\/strong> AT \u20ac 22,00 \/ DE \u20ac 21,40<br \/>\n<strong>Seiten:<\/strong> ca. 208<br \/>\n<strong>ISBN13:<\/strong> 978-3-903575-28-8<br \/>\n<strong>Erscheinungsdatum:<\/strong> 21. Oktober 2024<br \/>\n<strong>Sprache:<\/strong>\u00a0Deutsch<br \/>\n<strong>Format:<\/strong> 12,0 x 20,0 cm; Broschur<\/p>\n<p><a href=\"https:\/\/www.editionkeiper.at\/shop\/wp-content\/uploads\/2024\/05\/Leseprobe_Andrea_kocht_Andrea_Wolfmayr_Kochbuch_Verlag_Keiper.pdf\"><img loading=\"lazy\" loading=\"lazy\" decoding=\"async\" class=\"alignnone size-full wp-image-13777\" src=\"https:\/\/www.editionkeiper.at\/shop\/wp-content\/uploads\/2024\/01\/Leseprobe_Verlag_Keiper.png\" alt=\"\" width=\"90\" height=\"125\" srcset=\"https:\/\/www.editionkeiper.at\/shop\/wp-content\/uploads\/2024\/01\/Leseprobe_Verlag_Keiper.png 90w, https:\/\/www.editionkeiper.at\/shop\/wp-content\/uploads\/2024\/01\/Leseprobe_Verlag_Keiper-7x10.png 7w\" sizes=\"auto, (max-width: 90px) 100vw, 90px\" \/><\/a><\/p>\n","protected":false},"excerpt":{"rendered":"<p class=\"p1\">Im Spannungsfeld von Fiktion und Realit\u00e4t begegnet Andrea Wolfmayr den Figuren aus ihren Provinzromanen und entl\u00e4sst sie in ein fortan unbeobachtetes Leben. Die Rezepte jedoch \u2013 die bleiben uns mit und in diesem Buch erhalten.<\/p>\n<ul>\n<li class=\"p1\">Reden wir \u00fcber die Provinz. \u00dcber Heimat und Fremde, Vergangenheit, Gegen-wart und Zukunft.<\/li>\n<li class=\"p1\">\u00dcber Kaffeeh\u00e4user, Restaurants und Bars, \u00fcber Alkohol, Entzug, Entsagung und Entscheidungen.<\/li>\n<li class=\"p1\">\u00dcber Rezepte und ihre Zutaten. Und \u00fcber das Kochen.<\/li>\n<\/ul>\n","protected":false},"featured_media":14110,"comment_status":"closed","ping_status":"closed","template":"","meta":[],"etheme_brands":[],"product_brand":[],"product_cat":[1399,3687],"product_tag":[684,4756,336,4758,4754,356,4750,4751,241,4759,117,4755,4749,4761,4752,348,668,323,4753,4757,4760,4252,209,109],"yst_prominent_words":[],"class_list":{"0":"post-14030","1":"product","2":"type-product","3":"status-publish","4":"has-post-thumbnail","6":"product_cat-kochbuch","7":"product_cat-romane","8":"product_tag-andrea-wolfmayr","9":"product_tag-authentische-rezepte","10":"product_tag-belletristik","11":"product_tag-bewegende-geschichten","12":"product_tag-buschenschaenke-rezepte","13":"product_tag-edition-keiper","14":"product_tag-einzigartige-rezepte","15":"product_tag-geschichten-und-rezepte","16":"product_tag-graz","17":"product_tag-hoehen-und-tiefen","18":"product_tag-keiper","19":"product_tag-kirchtavern-gerichte","20":"product_tag-kochen-und-literatur","21":"product_tag-kulinarische-erlebnisse","22":"product_tag-leben-in-der-provinz","23":"product_tag-literatur","24":"product_tag-neuerscheinung","25":"product_tag-oesterreich","26":"product_tag-provinz-kochbuch","27":"product_tag-provinzleben-erleben","28":"product_tag-provinzrezepte","29":"product_tag-provinzromane","30":"product_tag-steiermark","31":"product_tag-www-editionkeiper-at","33":"first","34":"instock","35":"shipping-taxable","36":"purchasable","37":"product-type-simple"},"_links":{"self":[{"href":"https:\/\/www.editionkeiper.at\/shop\/wp-json\/wp\/v2\/product\/14030","targetHints":{"allow":["GET"]}}],"collection":[{"href":"https:\/\/www.editionkeiper.at\/shop\/wp-json\/wp\/v2\/product"}],"about":[{"href":"https:\/\/www.editionkeiper.at\/shop\/wp-json\/wp\/v2\/types\/product"}],"replies":[{"embeddable":true,"href":"https:\/\/www.editionkeiper.at\/shop\/wp-json\/wp\/v2\/comments?post=14030"}],"wp:featuredmedia":[{"embeddable":true,"href":"https:\/\/www.editionkeiper.at\/shop\/wp-json\/wp\/v2\/media\/14110"}],"wp:attachment":[{"href":"https:\/\/www.editionkeiper.at\/shop\/wp-json\/wp\/v2\/media?parent=14030"}],"wp:term":[{"taxonomy":"brand","embeddable":true,"href":"https:\/\/www.editionkeiper.at\/shop\/wp-json\/wp\/v2\/etheme_brands?post=14030"},{"taxonomy":"product_brand","embeddable":true,"href":"https:\/\/www.editionkeiper.at\/shop\/wp-json\/wp\/v2\/product_brand?post=14030"},{"taxonomy":"product_cat","embeddable":true,"href":"https:\/\/www.editionkeiper.at\/shop\/wp-json\/wp\/v2\/product_cat?post=14030"},{"taxonomy":"product_tag","embeddable":true,"href":"https:\/\/www.editionkeiper.at\/shop\/wp-json\/wp\/v2\/product_tag?post=14030"},{"taxonomy":"yst_prominent_words","embeddable":true,"href":"https:\/\/www.editionkeiper.at\/shop\/wp-json\/wp\/v2\/yst_prominent_words?post=14030"}],"curies":[{"name":"wp","href":"https:\/\/api.w.org\/{rel}","templated":true}]}}