{"id":14027,"date":"2024-04-29T16:29:44","date_gmt":"2024-04-29T14:29:44","guid":{"rendered":"https:\/\/www.editionkeiper.at\/shop\/?post_type=product&#038;p=14027"},"modified":"2025-01-20T11:39:53","modified_gmt":"2025-01-20T10:39:53","slug":"vogelstimmen","status":"publish","type":"product","link":"https:\/\/www.editionkeiper.at\/shop\/produkt\/vogelstimmen\/","title":{"rendered":"Vogelstimmen"},"content":{"rendered":"<h2>Vogelstimmen<\/h2>\n<p><strong>von <span style=\"color: #993366;\"><a style=\"color: #993366;\" href=\"https:\/\/www.editionkeiper.at\/shop\/neuwirth-guenter\/\">G\u00fcnter Neuwirth<\/a><\/span><\/strong><\/p>\n<p class=\"p1\"><span class=\"s1\">Der Ornithologe R\u00e9my erforscht im Wald die Ges\u00e4nge der V\u00f6gel, die Informatikerin Verena sammelt im S\u00fcdpolarmeer Daten, der Gitarrist Alwin verbringt sein Leben in Tonstudios, die Australierin Karlene zieht mit ihrer Geige durch Europas St\u00e4dte, Harald und Katja erleben die Abschaffung der Demokratie am eigenen Leib. Und an den Str\u00e4nden des Mittelmeers hungern immer mehr Mitglieder der friedlichen Sekte der Wei\u00dfen T\u00fccher.<\/span><\/p>\n<p class=\"p1\"><span class=\"s1\">Was macht der nahende Kollaps der \u00d6kosph\u00e4re mit den sechs jungen Menschen? Was tun, wenn Umweltschutz als Terrorismus gilt? Wo bleibt das Gl\u00fcck inmitten des ausbrechenden Irrsinns?<\/span><\/p>\n<p><strong>Preis:<\/strong> AT \u20ac 26,00 \/ DE \u20ac 25,30<br \/>\n<strong>Seiten:<\/strong> ca. 380<br \/>\n<strong>ISBN13:<\/strong> 978-3-903575-23-3<br \/>\n<strong>Erscheinungsdatum:<\/strong> 26. September 2024<br \/>\n<strong>Sprache:<\/strong>\u00a0Deutsch<br \/>\n<strong>Format:<\/strong> 12,0 x 20,0 cm; Klappenbroschur<\/p>\n<p><a href=\"https:\/\/www.editionkeiper.at\/shop\/wp-content\/uploads\/2024\/04\/Leseprobe_Vogelstimmen_Guenter_Neuwirth_Verlag_Keiper.pdf\" target=\"_blank\" rel=\"noopener\"><img loading=\"lazy\" loading=\"lazy\" decoding=\"async\" class=\"alignnone size-full wp-image-13777\" src=\"https:\/\/www.editionkeiper.at\/shop\/wp-content\/uploads\/2024\/01\/Leseprobe_Verlag_Keiper.png\" alt=\"\" width=\"90\" height=\"125\" srcset=\"https:\/\/www.editionkeiper.at\/shop\/wp-content\/uploads\/2024\/01\/Leseprobe_Verlag_Keiper.png 90w, https:\/\/www.editionkeiper.at\/shop\/wp-content\/uploads\/2024\/01\/Leseprobe_Verlag_Keiper-7x10.png 7w\" sizes=\"auto, (max-width: 90px) 100vw, 90px\" \/><\/a><\/p>\n","protected":false},"excerpt":{"rendered":"<p class=\"p1\">Der Roman erz\u00e4hlt vom\u00a0br\u00fcchigen Leben junger Menschen, die in einer zunehmend instabilen \u00d6kosph\u00e4re und einer sich autorit\u00e4r radikalisierenden Gesellschaft zu einer besseren Welt beitragen wollen.<\/p>\n<ul>\n<li class=\"p1\" style=\"text-align: left;\">Ein sich autorit\u00e4r einf\u00e4rbendes Europa in der nahen Zukunft.<\/li>\n<li class=\"p1\">Meinungsfreiheit sowie soziales und \u00f6kologisches Engagement kommen zunehmend unter Druck.<\/li>\n<li class=\"p1\">Junge engagierte Menschen trotzen den Herausforderungen dieser sich rasant ver\u00e4ndernden Welt.<\/li>\n<\/ul>\n","protected":false},"featured_media":14039,"comment_status":"closed","ping_status":"closed","template":"","meta":[],"etheme_brands":[],"product_brand":[],"product_cat":[3687],"product_tag":[4675,336,911,1316,356,387,241,117,265,4677,348,4674,720,4673,4680,218,4678,209,4679,4676,846,898,121,109],"yst_prominent_words":[],"class_list":{"0":"post-14027","1":"product","2":"type-product","3":"status-publish","4":"has-post-thumbnail","6":"product_cat-romane","7":"product_tag-autoritaere-gesellschaft","8":"product_tag-belletristik","9":"product_tag-buch","10":"product_tag-demokratie","11":"product_tag-edition-keiper","12":"product_tag-glueck","13":"product_tag-graz","14":"product_tag-keiper","15":"product_tag-keiperverlag","16":"product_tag-kollaps","17":"product_tag-literatur","18":"product_tag-meinungsfreiheit","19":"product_tag-musik","20":"product_tag-oekosphaere","21":"product_tag-polarmeer","22":"product_tag-roman","23":"product_tag-sekte","24":"product_tag-steiermark","25":"product_tag-suedpol","26":"product_tag-terrorismus","27":"product_tag-umweltschutz","28":"product_tag-umweltverschmutzung","29":"product_tag-verlag","30":"product_tag-www-editionkeiper-at","32":"first","33":"instock","34":"shipping-taxable","35":"purchasable","36":"product-type-simple"},"_links":{"self":[{"href":"https:\/\/www.editionkeiper.at\/shop\/wp-json\/wp\/v2\/product\/14027","targetHints":{"allow":["GET"]}}],"collection":[{"href":"https:\/\/www.editionkeiper.at\/shop\/wp-json\/wp\/v2\/product"}],"about":[{"href":"https:\/\/www.editionkeiper.at\/shop\/wp-json\/wp\/v2\/types\/product"}],"replies":[{"embeddable":true,"href":"https:\/\/www.editionkeiper.at\/shop\/wp-json\/wp\/v2\/comments?post=14027"}],"wp:featuredmedia":[{"embeddable":true,"href":"https:\/\/www.editionkeiper.at\/shop\/wp-json\/wp\/v2\/media\/14039"}],"wp:attachment":[{"href":"https:\/\/www.editionkeiper.at\/shop\/wp-json\/wp\/v2\/media?parent=14027"}],"wp:term":[{"taxonomy":"brand","embeddable":true,"href":"https:\/\/www.editionkeiper.at\/shop\/wp-json\/wp\/v2\/etheme_brands?post=14027"},{"taxonomy":"product_brand","embeddable":true,"href":"https:\/\/www.editionkeiper.at\/shop\/wp-json\/wp\/v2\/product_brand?post=14027"},{"taxonomy":"product_cat","embeddable":true,"href":"https:\/\/www.editionkeiper.at\/shop\/wp-json\/wp\/v2\/product_cat?post=14027"},{"taxonomy":"product_tag","embeddable":true,"href":"https:\/\/www.editionkeiper.at\/shop\/wp-json\/wp\/v2\/product_tag?post=14027"},{"taxonomy":"yst_prominent_words","embeddable":true,"href":"https:\/\/www.editionkeiper.at\/shop\/wp-json\/wp\/v2\/yst_prominent_words?post=14027"}],"curies":[{"name":"wp","href":"https:\/\/api.w.org\/{rel}","templated":true}]}}