{"id":13610,"date":"2024-01-17T14:50:49","date_gmt":"2024-01-17T13:50:49","guid":{"rendered":"https:\/\/www.editionkeiper.at\/shop\/?post_type=product&#038;p=13610"},"modified":"2024-09-03T16:34:50","modified_gmt":"2024-09-03T14:34:50","slug":"vom-geschmack-auf-der-kellertreppe-keiper-lyrik-30","status":"publish","type":"product","link":"https:\/\/www.editionkeiper.at\/shop\/produkt\/vom-geschmack-auf-der-kellertreppe-keiper-lyrik-30\/","title":{"rendered":"vom Geschmack auf der Kellertreppe &#8211; keiper lyrik 30"},"content":{"rendered":"<h2>vom Geschmack auf der Kellertreppe \u2013 keiper lyrik 30<\/h2>\n<p class=\"p1\"><span class=\"s1\"><b>von <span style=\"color: #993366;\"><a style=\"color: #993366;\" href=\"https:\/\/www.editionkeiper.at\/shop\/kieser-luca-manuel\/\">Luca Kieser<\/a><\/span><\/b><\/span><\/p>\n<p class=\"p1\">In Luca Kiesers Langgedicht erscheint auf den ersten Blick alles recht beschaulich: In sieben Monologen erinnert das lyrische Ich Szenen einer fr\u00fchen Kindheit, beschreibt das dingliche Inventar, das Verhaltensrepertoire und die erwachende Selbstwahrnehmung in einem l\u00e4ndlichen Umfeld. Da wird am See gespielt, auf B\u00e4ume geklettert, mit Wachsmalkreiden gezeichnet und spielerisch die Zunge herausgestreckt. Doch in Wahrheit, das sp\u00fcrt man beim Lesen rasch, geht es hier um etwas anderes, um etwas, das mit eben dieser Zunge zu tun hat. Es geht um die elementare, k\u00f6rperlich konkrete Erfahrung, zur Sprache zu kommen, mit dem Mund W\u00f6rter zu formen, sich auszudr\u00fccken und von sich zu erz\u00e4hlen. Es geht um die Selbstbehauptung im Ansprechen von Menschen und Dingen, um die Reibung am Gegen\u00fcber und letztlich um die Definition der erfahrbaren Welt mit den Mitteln der Sprache.<\/p>\n<p class=\"p1\">Im Rahmen der Reihe keiper lyrik, die unterschiedliche Arbeitsrichtungen zeitgen\u00f6ssischer deutschsprachiger Lyrik mit ihren Grenzg\u00e4ngen und hybriden Textformen auslotet und abbildet, nimmt Kiesers Band eine spannende Position ein. Der an ein Publikum gerichtete Monolog, der das Verhalten des Sprechers mit kleinen Regieanweisungen vor Augen f\u00fchrt, l\u00e4sst zun\u00e4chst an die B\u00fchne denken, und tats\u00e4chlich hat der Autor selbst den Text bereits performativ pr\u00e4sentiert. Doch intensive Klanglichkeit, ein durch kleine Brechungen aufgerauter sprachlicher Duktus, spezifisch gesetzte Versumbr\u00fcche und nicht zuletzt auch das reflektierte und thematisierte Sprachbewusstsein weisen nachdr\u00fccklich in Richtung des Gedichts \u2013 eines B\u00fchnengedichts, wenn man so will.<\/p>\n<p><strong>Preis:<\/strong> AT \u20ac 16,50 \/ DE \u20ac 16,05<br \/>\n<strong>Seiten:<\/strong> ca. 64<br \/>\n<strong>ISBN13:<\/strong> 978-3-903575-16-5<br \/>\n<strong>Erscheinungsdatum:<\/strong> 4. M\u00e4rz 2024<br \/>\n<strong>Sprache:<\/strong>\u00a0Deutsch<br \/>\n<strong>Format:<\/strong> 11,0 cm x 17,6 cm; Broschur<\/p>\n<p><a href=\"https:\/\/www.editionkeiper.at\/shop\/wp-content\/uploads\/2024\/01\/Leseprobe_Kieser_Luca_keiperlyrik_30_Lyrik.pdf\"><img loading=\"lazy\" loading=\"lazy\" decoding=\"async\" class=\"alignnone size-full wp-image-9320\" src=\"https:\/\/www.editionkeiper.at\/shop\/wp-content\/uploads\/2021\/06\/Leseprobe_Verlag_Keiper.png\" alt=\"\" width=\"90\" height=\"125\" srcset=\"https:\/\/www.editionkeiper.at\/shop\/wp-content\/uploads\/2021\/06\/Leseprobe_Verlag_Keiper.png 90w, https:\/\/www.editionkeiper.at\/shop\/wp-content\/uploads\/2021\/06\/Leseprobe_Verlag_Keiper-7x10.png 7w\" sizes=\"auto, (max-width: 90px) 100vw, 90px\" \/><\/a><\/p>\n","protected":false},"excerpt":{"rendered":"<ul>\n<li class=\"p1\">Die Reihe \u201ekeiper lyrik\u201d pr\u00e4sentiert zeitgen\u00f6ssisches Lyrikgeschehen im deutschen Sprachraum.<\/li>\n<li class=\"p1\">Die Reihe ist offen f\u00fcr Gedichte unterschiedlicher Stilrichtungen.<\/li>\n<li class=\"p1\">Herausgeber der Reihe ist der Grazer Lyriker Helwig Brunner.<\/li>\n<\/ul>\n","protected":false},"featured_media":13724,"comment_status":"closed","ping_status":"closed","template":"","meta":[],"etheme_brands":[],"product_brand":[],"product_cat":[2604,3686,1395],"product_tag":[356,390,289,241,655,557,265,4623,4624,174,2031,209,121,1262],"yst_prominent_words":[3285,3345,3306,3186],"class_list":{"0":"post-13610","1":"product","2":"type-product","3":"status-publish","4":"has-post-thumbnail","6":"product_cat-die-reihe-keiper-lyrik","7":"product_cat-gedichte","8":"product_cat-lyrik","9":"product_tag-edition-keiper","10":"product_tag-gedicht","11":"product_tag-gedichte","12":"product_tag-graz","13":"product_tag-helwig-brunner","14":"product_tag-keiper-lyrik","15":"product_tag-keiperverlag","16":"product_tag-langgedicht","17":"product_tag-luca-kieser","18":"product_tag-lyrik","19":"product_tag-poesie","20":"product_tag-steiermark","21":"product_tag-verlag","22":"product_tag-zeitgenoessisch","24":"first","25":"instock","26":"shipping-taxable","27":"purchasable","28":"product-type-simple"},"_links":{"self":[{"href":"https:\/\/www.editionkeiper.at\/shop\/wp-json\/wp\/v2\/product\/13610","targetHints":{"allow":["GET"]}}],"collection":[{"href":"https:\/\/www.editionkeiper.at\/shop\/wp-json\/wp\/v2\/product"}],"about":[{"href":"https:\/\/www.editionkeiper.at\/shop\/wp-json\/wp\/v2\/types\/product"}],"replies":[{"embeddable":true,"href":"https:\/\/www.editionkeiper.at\/shop\/wp-json\/wp\/v2\/comments?post=13610"}],"wp:featuredmedia":[{"embeddable":true,"href":"https:\/\/www.editionkeiper.at\/shop\/wp-json\/wp\/v2\/media\/13724"}],"wp:attachment":[{"href":"https:\/\/www.editionkeiper.at\/shop\/wp-json\/wp\/v2\/media?parent=13610"}],"wp:term":[{"taxonomy":"brand","embeddable":true,"href":"https:\/\/www.editionkeiper.at\/shop\/wp-json\/wp\/v2\/etheme_brands?post=13610"},{"taxonomy":"product_brand","embeddable":true,"href":"https:\/\/www.editionkeiper.at\/shop\/wp-json\/wp\/v2\/product_brand?post=13610"},{"taxonomy":"product_cat","embeddable":true,"href":"https:\/\/www.editionkeiper.at\/shop\/wp-json\/wp\/v2\/product_cat?post=13610"},{"taxonomy":"product_tag","embeddable":true,"href":"https:\/\/www.editionkeiper.at\/shop\/wp-json\/wp\/v2\/product_tag?post=13610"},{"taxonomy":"yst_prominent_words","embeddable":true,"href":"https:\/\/www.editionkeiper.at\/shop\/wp-json\/wp\/v2\/yst_prominent_words?post=13610"}],"curies":[{"name":"wp","href":"https:\/\/api.w.org\/{rel}","templated":true}]}}