{"id":13291,"date":"2023-10-19T09:41:39","date_gmt":"2023-10-19T07:41:39","guid":{"rendered":"https:\/\/www.editionkeiper.at\/shop\/?post_type=product&#038;p=13291"},"modified":"2024-01-19T13:07:52","modified_gmt":"2024-01-19T12:07:52","slug":"eineswegs-erinnert-erlogen-gegangen","status":"publish","type":"product","link":"https:\/\/www.editionkeiper.at\/shop\/produkt\/eineswegs-erinnert-erlogen-gegangen\/","title":{"rendered":"EINESWEGS &#8211; ERINNERT, ERLOGEN, GEGANGEN"},"content":{"rendered":"<h2>EINESWEGS &#8211; ERINNERT, ERLOGEN, GEGANGEN<\/h2>\n<p class=\"p1\">Marcus S. Facher, Sp\u00f6tter aus Leidenschaft, hat sich von Graz auf das Land zur\u00fcckgezogen und kommt nach einigen Sprachkursen in dorflichen Wirtsh\u00e4usern mit dem Idiom der Weststeiermark halbwegs zurecht, sagt er. Bedachte Facher die Welt und ihre Verbesserer einst vom l\u2019angolo aus (legend\u00e4rer, bunt colorierter Treff paradierender K\u00fcnstler) mit Ironie, skizzierte Wege und beging diese mit Freunden, so erfand er sich auch in seiner neuen Umgebung einen Weg, geht ihn zweimal w\u00f6chentlich, vermischt Wortsch\u00f6pfung und Fiktion mit Wirklichkeit, schwebt in den Wolken oder stolpert \u00fcber Steine, ladet beim Dahinschreiten entleerte Gehirnregionen auf, begegnet Sausaler Sauriern, jodelt hochdeutsch, ist dem Mythos von Dionysos und dem Weg des Weines auf der Spur und zeichnet ihn nach, beweint tote Kinder und ohrfeigt Putin, erinnert sich an Osterfeuer an Karfreitagen und an Arnold Schwarzeneggers <i>recognition trip<\/i> in die Sausaler Riede. Dann, am Ende seiner Zeilen angekommen aber noch nicht am Ende seines Weges, tauchen die Gesichter der K\u00fcnstler aus Graz auf, mimen Zuversicht wie er, auf den Schlussapplaus noch eine Weile warten zu d\u00fcrfen.<br \/>\n<i>Sigi Faschingbauer<\/i><\/p>\n<p>von <a href=\"https:\/\/www.editionkeiper.at\/shop\/faschingbauer-sigi\/\">Sigi Faschingbauer<\/a><\/p>\n<p><strong>Preis:<\/strong> AT \u20ac 12,00 \/ DE \u20ac 11,67<br \/>\n<strong>Seiten:<\/strong> 104<br \/>\n<strong>ISBN13:<\/strong> 978-3-903575-09-7<br \/>\n<strong>Erscheinungsdatum:<\/strong> 23. Oktober 2023<br \/>\n<strong>Sprache:<\/strong>\u00a0Deutsch<br \/>\n<strong>Format:<\/strong> 10 x 15 cm; Pappband<\/p>\n<p><a href=\"https:\/\/www.editionkeiper.at\/shop\/wp-content\/uploads\/2023\/10\/Leseprobe_Cover_Eineswegs_Faschingbauer_Sigi_edition_keiper.pdf\" target=\"_blank\" rel=\"noopener\"><img loading=\"lazy\" loading=\"lazy\" decoding=\"async\" class=\"alignnone size-full wp-image-9320\" src=\"https:\/\/www.editionkeiper.at\/shop\/wp-content\/uploads\/2021\/06\/Leseprobe_Verlag_Keiper.png\" alt=\"\" width=\"90\" height=\"125\" srcset=\"https:\/\/www.editionkeiper.at\/shop\/wp-content\/uploads\/2021\/06\/Leseprobe_Verlag_Keiper.png 90w, https:\/\/www.editionkeiper.at\/shop\/wp-content\/uploads\/2021\/06\/Leseprobe_Verlag_Keiper-7x10.png 7w\" sizes=\"auto, (max-width: 90px) 100vw, 90px\" \/><\/a><\/p>\n","protected":false},"excerpt":{"rendered":"<p>EINESWEGS &#8211; ERINNERT, ERLOGEN, GEGANGEN Marcus S. Facher, Sp\u00f6tter aus Leidenschaft, hat sich von Graz auf das Land zur\u00fcckgezogen und kommt nach einigen Sprachkursen in&#8230;<\/p>\n","protected":false},"featured_media":13293,"comment_status":"open","ping_status":"closed","template":"","meta":[],"etheme_brands":[],"product_brand":[],"product_cat":[1364],"product_tag":[],"yst_prominent_words":[],"class_list":{"0":"post-13291","1":"product","2":"type-product","3":"status-publish","4":"has-post-thumbnail","6":"product_cat-kunst-und-fotografie","8":"first","9":"instock","10":"shipping-taxable","11":"purchasable","12":"product-type-simple"},"_links":{"self":[{"href":"https:\/\/www.editionkeiper.at\/shop\/wp-json\/wp\/v2\/product\/13291","targetHints":{"allow":["GET"]}}],"collection":[{"href":"https:\/\/www.editionkeiper.at\/shop\/wp-json\/wp\/v2\/product"}],"about":[{"href":"https:\/\/www.editionkeiper.at\/shop\/wp-json\/wp\/v2\/types\/product"}],"replies":[{"embeddable":true,"href":"https:\/\/www.editionkeiper.at\/shop\/wp-json\/wp\/v2\/comments?post=13291"}],"wp:featuredmedia":[{"embeddable":true,"href":"https:\/\/www.editionkeiper.at\/shop\/wp-json\/wp\/v2\/media\/13293"}],"wp:attachment":[{"href":"https:\/\/www.editionkeiper.at\/shop\/wp-json\/wp\/v2\/media?parent=13291"}],"wp:term":[{"taxonomy":"brand","embeddable":true,"href":"https:\/\/www.editionkeiper.at\/shop\/wp-json\/wp\/v2\/etheme_brands?post=13291"},{"taxonomy":"product_brand","embeddable":true,"href":"https:\/\/www.editionkeiper.at\/shop\/wp-json\/wp\/v2\/product_brand?post=13291"},{"taxonomy":"product_cat","embeddable":true,"href":"https:\/\/www.editionkeiper.at\/shop\/wp-json\/wp\/v2\/product_cat?post=13291"},{"taxonomy":"product_tag","embeddable":true,"href":"https:\/\/www.editionkeiper.at\/shop\/wp-json\/wp\/v2\/product_tag?post=13291"},{"taxonomy":"yst_prominent_words","embeddable":true,"href":"https:\/\/www.editionkeiper.at\/shop\/wp-json\/wp\/v2\/yst_prominent_words?post=13291"}],"curies":[{"name":"wp","href":"https:\/\/api.w.org\/{rel}","templated":true}]}}